{"id":106615,"date":"2022-03-17T11:48:40","date_gmt":"2022-03-17T09:48:40","guid":{"rendered":"https:\/\/ugoman.net\/?page_id=106615"},"modified":"2022-03-17T11:48:40","modified_gmt":"2022-03-17T09:48:40","slug":"ueber-uns-2","status":"publish","type":"page","link":"https:\/\/ugoman.net\/de\/ueber-uns-2\/","title":{"rendered":"\u00dcber uns"},"content":{"rendered":"<h3 style=\"text-align: center;\"><strong>Europ\u00e4isches Qualit\u00e4tszertifikat \ud83c\uddea\ud83c\uddfa<\/strong><\/h3>\n<h4 style=\"text-align: center;\">\nMit jedem Produkt erhalten Sie ein europ\u00e4isches Qualit\u00e4ts- und Echtheitszertifikat f\u00fcr Stahl, von dem wir Ihnen versichern, dass es seine Farbe und Form nicht ver\u00e4ndert.<\/h4>\n<h4 style=\"text-align: center;\">\n<strong>Edelstahl, medizinischer Stahl ist rostfrei und antiallergisch!<\/strong><\/h4>\n<h4 style=\"text-align: center;\">\n<strong>Sie erhalten unseren Schmuck in einer luxuri\u00f6sen Wildlederverpackung und einer UGOMAN-Firmenbox<\/strong><\/h4>\n<h4 style=\"text-align: center;\">\nUnbegrenzte Modeentdeckungen<br \/>\nSeit mehr als 15 Jahren bietet die Marke UGOMAN Tausenden von Verbrauchern aufregende Modem\u00f6glichkeiten.<br \/>\nIn unserem Online-Shop finden eine Vielzahl von Produkten Platz, die Sie mit der n\u00f6tigen Dosis Inspiration versorgen, um neue Stile und Kombinationen auszuprobieren.<\/h4>\n<h4 style=\"text-align: center;\">\nMachen Sie mit unseren Angeboten einen unvergesslichen Eindruck.<br \/>\nUGOMAN-Edelstahlschmuck ist eine gro\u00dfartige M\u00f6glichkeit, Ihrem Look Stil zu verleihen. Die Technologie zur Herstellung von Schmuck erm\u00f6glicht kompromisslose Pr\u00e4zision bei der Herstellung bis ins letzte Detail.<br \/>\nEdelstahl zeichnet sich durch au\u00dfergew\u00f6hnliche Korrosions- und Rostbest\u00e4ndigkeit aus, hat geringe Serviceanforderungen und sein bekannter Glanz macht ihn zu einem idealen Material f\u00fcr unsere Schmuckmarke \u201eUGOMAN\u201c.<\/h4>\n","protected":false},"excerpt":{"rendered":"<p>Europ\u00e4isches Qualit\u00e4tszertifikat \ud83c\uddea\ud83c\uddfa Mit jedem Produkt erhalten Sie ein europ\u00e4isches Qualit\u00e4ts- und Echtheitszertifikat f\u00fcr Stahl, von dem wir Ihnen versichern, dass es seine Farbe und Form nicht ver\u00e4ndert. Edelstahl, medizinischer Stahl ist rostfrei und antiallergisch! Sie erhalten unseren Schmuck in einer luxuri\u00f6sen Wildlederverpackung und einer [&hellip;]<\/p>\n","protected":false},"author":214302338,"featured_media":0,"parent":0,"menu_order":0,"comment_status":"closed","ping_status":"closed","template":"","meta":{"advanced_seo_description":"","jetpack_seo_html_title":"","jetpack_seo_noindex":false,"footnotes":""},"class_list":["post-106615","page","type-page","status-publish","hentry"],"jetpack_likes_enabled":true,"jetpack_sharing_enabled":true,"jetpack_shortlink":"https:\/\/wp.me\/Pdy1Xa-rJB","amp_enabled":true,"_links":{"self":[{"href":"https:\/\/ugoman.net\/de\/wp-json\/wp\/v2\/pages\/106615","targetHints":{"allow":["GET"]}}],"collection":[{"href":"https:\/\/ugoman.net\/de\/wp-json\/wp\/v2\/pages"}],"about":[{"href":"https:\/\/ugoman.net\/de\/wp-json\/wp\/v2\/types\/page"}],"author":[{"embeddable":true,"href":"https:\/\/ugoman.net\/de\/wp-json\/wp\/v2\/users\/214302338"}],"replies":[{"embeddable":true,"href":"https:\/\/ugoman.net\/de\/wp-json\/wp\/v2\/comments?post=106615"}],"version-history":[{"count":2,"href":"https:\/\/ugoman.net\/de\/wp-json\/wp\/v2\/pages\/106615\/revisions"}],"predecessor-version":[{"id":106617,"href":"https:\/\/ugoman.net\/de\/wp-json\/wp\/v2\/pages\/106615\/revisions\/106617"}],"wp:attachment":[{"href":"https:\/\/ugoman.net\/de\/wp-json\/wp\/v2\/media?parent=106615"}],"curies":[{"name":"wp","href":"https:\/\/api.w.org\/{rel}","templated":true}]}}