{"id":106918,"date":"2022-03-22T23:57:29","date_gmt":"2022-03-22T21:57:29","guid":{"rendered":"https:\/\/ugoman.net\/?post_type=product&#038;p=106918"},"modified":"2024-03-22T22:00:04","modified_gmt":"2024-03-22T20:00:04","slug":"saint-mary-in-gold","status":"publish","type":"product","link":"https:\/\/ugoman.net\/de\/produkt\/saint-mary-in-gold\/","title":{"rendered":"Saint Mary In Gold"},"content":{"rendered":"<p style=\"text-align: center;\"><strong><span style=\"color: #000000;\">Wir stellen Ihnen unsere wundersch\u00f6ne Jungfrau-Maria-Halskette vor<\/span><\/strong><\/p>\n<p style=\"text-align: center;\"><strong><span style=\"color: #000000;\">aus Edelstahl mit 18-Karat-Vergoldung \u2013 das perfekte Accessoire f\u00fcr alle, die ihren Glauben nah am Herzen tragen m\u00f6chten. Bei dieser Halskette handelt es sich um ein wundersch\u00f6nes Medaillon mit einer Ikone der Jungfrau Maria, meisterhaft gefertigt aus hochwertigem, \u00e4u\u00dferst haltbarem Edelstahl!<\/span><\/strong><\/p>\n<p style=\"text-align: center;\"><span style=\"color: #000000;\">Komplettiert werden die Medaillons mit einer stabilen Kette, die meisterhaft aus edlem Stahl gefertigt ist. Egal, ob Sie sich f\u00fcr einen besonderen Anlass schick machen oder Ihrem Alltagsstil einfach einen besonders eleganten Akzent verleihen m\u00f6chten, diese Halskette mit Christus und der Jungfrau Maria wird mit Sicherheit zu einem gesch\u00e4tzten Accessoire in Ihrer Schmuckkollektion.<\/span><\/p>\n<p style=\"text-align: center;\"><strong><span style=\"color: #000000;\">Als besonderen Bonus legen wir eine sch\u00f6ne Box und eine Geschenkt\u00fcte aus Velours sowie ein Qualit\u00e4tszertifikat bei, das Ihnen garantiert, dass sich das Produkt weder in seiner Farbe noch in seinem Aussehen ver\u00e4ndert. Das Produkt verf\u00fcgt \u00fcber eine lebenslange Garantie und ist somit ein perfektes Geschenk f\u00fcr Ihre Lieben oder eine besondere Freude f\u00fcr Sie selbst. Lassen Sie sich diese Gelegenheit nicht entgehen, ein wirklich einzigartiges und bedeutendes Exemplar zu besitzen<\/span><\/strong><\/p>\n<p style=\"text-align: center;\"><strong><span style=\"color: #000000;\">\u201eSaint Mary In Gold\u201c<\/span><\/strong><\/p>\n<p style=\"text-align: center;\"><strong><span style=\"color: #000000;\">Artikelnummer: UGO 5577<\/span><\/strong><\/p>\n<p style=\"text-align: center;\"><strong><span style=\"color: #000000;\">Material: Edelstahl 316L mit 18-Karat-Goldbeschichtung<\/span><\/strong><\/p>\n<p style=\"text-align: center;\"><strong><span style=\"color: #000000;\">Medaillongr\u00f6\u00dfe: 35 mm.<\/span><\/strong><\/p>\n<p style=\"text-align: center;\">\n<p style=\"text-align: center;\"><strong><span style=\"color: #000000;\">Bekanntmachung:<\/span><\/strong><\/p>\n<p style=\"text-align: center;\"><span style=\"color: #000000;\">Hinterlassen Sie mit unseren Angeboten einen unvergesslichen Eindruck.<\/span><\/p>\n<p style=\"text-align: center;\"><span style=\"color: #000000;\">UGOMAN-Edelstahlschmuck ist eine gro\u00dfartige M\u00f6glichkeit, Ihrem Look Stil zu verleihen. Die Technologie zur Herstellung der Schmuckst\u00fccke erm\u00f6glicht eine kompromisslose Pr\u00e4zision bei der Herstellung bis ins letzte Detail. Edelstahl zeichnet sich durch eine au\u00dfergew\u00f6hnliche Korrosions- und Rostbest\u00e4ndigkeit, einen geringen Wartungsaufwand und seinen vertrauten Glanz aus und macht es zu einem idealen Material f\u00fcr unseren UGOMAN-Markenschmuck.<\/span><\/p>\n","protected":false},"excerpt":{"rendered":"<div class=\"woocommerce-product-details__short-description\">\n<p><a href=\"https:\/\/ugoman.net\/de\/%d0%b4%d0%be%d1%81%d1%82%d0%b0%d0%b2%d0%ba%d0%b0\/\"><span style=\"color: #000000;\">Lieferung per\u00a0Deutsche Post\u00a0innerhalb von 2-6 Werktagen<\/span><\/a><br \/>\n<span style=\"color: #000000;\">Lieferpreis\u00a0\u20ac5,00<\/span><\/p>\n<\/div>\n","protected":false},"featured_media":106820,"template":"","meta":{"advanced_seo_description":"","jetpack_seo_html_title":"","jetpack_seo_noindex":false,"jetpack_post_was_ever_published":false,"jetpack_publicize_message":"","jetpack_publicize_feature_enabled":true,"jetpack_social_post_already_shared":true,"jetpack_social_options":{"image_generator_settings":{"template":"highway","default_image_id":0,"font":"","enabled":false},"version":2},"_wpas_customize_per_network":false},"product_brand":[],"product_cat":[3022,3046],"product_tag":[],"class_list":{"0":"post-106918","1":"product","2":"type-product","3":"status-publish","4":"has-post-thumbnail","6":"product_cat-anhanger","7":"product_cat-manner1640255491","9":"first","10":"instock","11":"shipping-taxable","12":"purchasable","13":"product-type-variable"},"exclude_global_add_ons":[],"addons":[],"gallery_images":[113811,113819,113827,113835,113843,113851,113859,113867,113875,113883,113891,117111,117084,144978],"jetpack_publicize_connections":[],"jetpack_likes_enabled":true,"jetpack_sharing_enabled":true,"_links":{"self":[{"href":"https:\/\/ugoman.net\/de\/wp-json\/wp\/v2\/product\/106918","targetHints":{"allow":["GET"]}}],"collection":[{"href":"https:\/\/ugoman.net\/de\/wp-json\/wp\/v2\/product"}],"about":[{"href":"https:\/\/ugoman.net\/de\/wp-json\/wp\/v2\/types\/product"}],"wp:featuredmedia":[{"embeddable":true,"href":"https:\/\/ugoman.net\/de\/wp-json\/wp\/v2\/media\/106820"}],"wp:attachment":[{"href":"https:\/\/ugoman.net\/de\/wp-json\/wp\/v2\/media?parent=106918"}],"wp:term":[{"taxonomy":"product_brand","embeddable":true,"href":"https:\/\/ugoman.net\/de\/wp-json\/wp\/v2\/product_brand?post=106918"},{"taxonomy":"product_cat","embeddable":true,"href":"https:\/\/ugoman.net\/de\/wp-json\/wp\/v2\/product_cat?post=106918"},{"taxonomy":"product_tag","embeddable":true,"href":"https:\/\/ugoman.net\/de\/wp-json\/wp\/v2\/product_tag?post=106918"}],"curies":[{"name":"wp","href":"https:\/\/api.w.org\/{rel}","templated":true}]}}