{"id":121261,"date":"2023-01-25T10:23:43","date_gmt":"2023-01-25T08:23:43","guid":{"rendered":"https:\/\/ugoman.net\/?post_type=product&#038;p=121261"},"modified":"2024-03-22T12:47:00","modified_gmt":"2024-03-22T10:47:00","slug":"the-flower-copy-copy-copy-copy-copy-copy-copy-copy-copy","status":"publish","type":"product","link":"https:\/\/ugoman.net\/de\/produkt\/the-flower-copy-copy-copy-copy-copy-copy-copy-copy-copy\/","title":{"rendered":"Tree of Life Onyx"},"content":{"rendered":"<p style=\"text-align: center;\"><strong><span style=\"color: #000000;\">Wir stellen Ihnen unsere wundersch\u00f6ne Halskette vor<\/span><\/strong><\/p>\n<p style=\"text-align: center;\"><strong><span style=\"color: #000000;\">aus Edelstahl und nat\u00fcrlichem Onyx \u2013 das perfekte Accessoire f\u00fcr alle, die ihren Glauben nah am Herzen tragen m\u00f6chten.<\/span><\/strong><\/p>\n<p style=\"text-align: center;\"><span style=\"color: #000000;\">Als besonderen Bonus legen wir eine sch\u00f6ne Box und eine Geschenkt\u00fcte aus Velours sowie ein Qualit\u00e4tszertifikat bei, das Ihnen garantiert, dass sich das Produkt weder in seiner Farbe noch in seinem Aussehen ver\u00e4ndert. Das Produkt verf\u00fcgt \u00fcber eine lebenslange Garantie und ist somit ein perfektes Geschenk f\u00fcr Ihre Lieben oder eine besondere Freude f\u00fcr Sie selbst. Verpassen Sie nicht die Gelegenheit, ein wirklich einzigartiges und bedeutungsvolles Accessoire zu besitzen.<\/span><\/p>\n<p style=\"text-align: center;\"><strong><span style=\"color: #000000;\">\u201eLebensbaum &amp; Onyx\u201c<\/span><\/strong><\/p>\n<p style=\"text-align: center;\"><strong><span style=\"color: #000000;\">Material: Edelstahl 316L und Ros\u00e9gold-Finish<\/span><\/strong><\/p>\n<p style=\"text-align: center;\"><strong><span style=\"color: #000000;\">Einstellbare L\u00e4nge: von 35 cm bis 50 cm<\/span><\/strong><\/p>\n<p style=\"text-align: center;\"><strong><span style=\"color: #000000;\">Kette aus Edelstahl 316L<\/span><\/strong><\/p>\n<p style=\"text-align: center;\"><strong><span style=\"color: #000000;\">Onyx<\/span><\/strong><\/p>\n<p style=\"text-align: center;\"><span style=\"color: #000000;\">Onyx\u00a0hilft, negatives Denken und Stress zu beseitigen und ist gut f\u00fcr Meditation und positive Tr\u00e4ume. Es inspiriert zum Denken und zur Spiritualit\u00e4t und hilft, Emotionen und Leidenschaften unter Kontrolle zu halten.<\/span><\/p>\n<p style=\"text-align: center;\"><span style=\"color: #000000;\">Sie erhalten jedes unserer Produkte in einer luxuri\u00f6sen Velourstasche in einer Geschenkbox und einem Echtheitszertifikat \u201eUGOMAN\u201c<\/span><\/p>\n<p style=\"text-align: center;\"><span style=\"color: #000000;\">Bekanntmachung:<\/span><\/p>\n<p style=\"text-align: center;\"><span style=\"color: #000000;\">Hinterlassen Sie mit unseren Angeboten einen unvergesslichen Eindruck. UGOMAN-Schmuck ist eine gro\u00dfartige M\u00f6glichkeit, Ihrem Look Stil zu verleihen. Die Technologie zur Herstellung der Schmuckst\u00fccke erm\u00f6glicht eine kompromisslose Pr\u00e4zision bei der Herstellung bis ins letzte Detail. Edelstahl zeichnet sich durch eine au\u00dfergew\u00f6hnliche Korrosions- und Rostbest\u00e4ndigkeit, einen geringen Wartungsaufwand und seinen vertrauten Glanz aus und macht es zu einem idealen Material f\u00fcr unseren UGOMAN-Markenschmuck.<\/span><\/p>\n","protected":false},"excerpt":{"rendered":"<div class=\"woocommerce-product-details__short-description\">\n<p><a href=\"https:\/\/ugoman.net\/de\/%d0%b4%d0%be%d1%81%d1%82%d0%b0%d0%b2%d0%ba%d0%b0\/\"><span style=\"color: #000000;\">Lieferung per\u00a0Deutsche Post\u00a0innerhalb von 2-6 Werktagen<\/span><\/a><br \/>\n<span style=\"color: #000000;\">Lieferpreis\u00a0\u20ac5,00<\/span><\/p>\n<\/div>\n","protected":false},"featured_media":121485,"template":"","meta":{"advanced_seo_description":"","jetpack_seo_html_title":"","jetpack_seo_noindex":false,"jetpack_publicize_message":"","jetpack_publicize_feature_enabled":true,"jetpack_social_post_already_shared":true,"jetpack_social_options":{"image_generator_settings":{"template":"highway","default_image_id":0,"font":"","enabled":false},"version":2},"_wpas_customize_per_network":false},"product_brand":[],"product_cat":[2966,3062,2998],"product_tag":[],"class_list":{"0":"post-121261","1":"product","2":"type-product","3":"status-publish","4":"has-post-thumbnail","6":"product_cat-anhanger1640255390","7":"product_cat-frauen1640255510","8":"product_cat-halsketten1640255441","10":"first","11":"instock","12":"purchasable","13":"product-type-simple"},"exclude_global_add_ons":[],"addons":[],"gallery_images":[121268,121281,121289,121297,119086,117082],"jetpack_publicize_connections":[],"jetpack_likes_enabled":true,"jetpack_sharing_enabled":true,"_links":{"self":[{"href":"https:\/\/ugoman.net\/de\/wp-json\/wp\/v2\/product\/121261","targetHints":{"allow":["GET"]}}],"collection":[{"href":"https:\/\/ugoman.net\/de\/wp-json\/wp\/v2\/product"}],"about":[{"href":"https:\/\/ugoman.net\/de\/wp-json\/wp\/v2\/types\/product"}],"wp:featuredmedia":[{"embeddable":true,"href":"https:\/\/ugoman.net\/de\/wp-json\/wp\/v2\/media\/121485"}],"wp:attachment":[{"href":"https:\/\/ugoman.net\/de\/wp-json\/wp\/v2\/media?parent=121261"}],"wp:term":[{"taxonomy":"product_brand","embeddable":true,"href":"https:\/\/ugoman.net\/de\/wp-json\/wp\/v2\/product_brand?post=121261"},{"taxonomy":"product_cat","embeddable":true,"href":"https:\/\/ugoman.net\/de\/wp-json\/wp\/v2\/product_cat?post=121261"},{"taxonomy":"product_tag","embeddable":true,"href":"https:\/\/ugoman.net\/de\/wp-json\/wp\/v2\/product_tag?post=121261"}],"curies":[{"name":"wp","href":"https:\/\/api.w.org\/{rel}","templated":true}]}}