{"id":144377,"date":"2024-03-20T22:36:26","date_gmt":"2024-03-20T20:36:26","guid":{"rendered":"https:\/\/ugoman.net\/?post_type=product&#038;p=144377"},"modified":"2024-03-22T12:46:14","modified_gmt":"2024-03-22T10:46:14","slug":"%f0%9f%8c%8a-ocean-breeze-set","status":"publish","type":"product","link":"https:\/\/ugoman.net\/de\/produkt\/%f0%9f%8c%8a-ocean-breeze-set\/","title":{"rendered":"\ud83c\udf0a Ocean Breeze &#8211; set"},"content":{"rendered":"<p style=\"text-align: center;\"><strong><span style=\"color: #000000;\">Wir stellen Ihnen unser wundersch\u00f6nes Set \u201eOcean Breeze\u201c \ud83c\udf0a vor \u2013 Halskette und Armband \u2013 aus nat\u00fcrlichen Perlen und nat\u00fcrlichen blauen Kristallen!<\/span><\/strong><\/p>\n<p style=\"text-align: center;\"><span style=\"color: #000000;\">das perfekte Accessoire f\u00fcr alle, die anders und spektakul\u00e4r sein wollen. Dieses Set besteht aus einer Halskette und einem Armband mit blauen Kristallen und nat\u00fcrlichen Perlen, meisterhaft gefertigt und auf einer hochwertigen, extrem haltbaren doppelten Stahlschnur aufgef\u00e4delt!<\/span><\/p>\n<p style=\"text-align: center;\"><strong><span style=\"color: #000000;\">Als besonderen Bonus legen wir jedem Kauf eine sch\u00f6ne Box und eine Geschenkt\u00fcte aus Velours sowie ein Qualit\u00e4tszertifikat bei, was es zu einem perfekten Geschenk f\u00fcr Ihre Lieben oder zu einer besonderen Freude f\u00fcr Sie selbst macht. Verpassen Sie nicht die Gelegenheit, ein wirklich einzigartiges und bedeutungsvolles Accessoire zu besitzen.<\/span><\/strong><\/p>\n<p style=\"text-align: center;\"><strong><span style=\"color: #000000;\">Symbol &#8211; Meer<\/span><\/strong><\/p>\n<p style=\"text-align: center;\"><strong><span style=\"color: #000000;\">*Handgemacht<\/span><\/strong><\/p>\n<p style=\"text-align: center;\"><strong><span style=\"color: #000000;\">*Verstellbare Halskettenl\u00e4nge!<\/span><\/strong><\/p>\n<p style=\"text-align: center;\"><strong><span style=\"color: #000000;\">Nat\u00fcrliche Perlen<\/span><\/strong><\/p>\n<p style=\"text-align: center;\"><strong><span style=\"color: #000000;\">4mm<\/span><\/strong><\/p>\n<p style=\"text-align: center;\"><span style=\"color: #000000;\">Perlen sind ein Symbol f\u00fcr Reinheit, Unschuld und Glauben. Sie st\u00e4rken die Integrit\u00e4t und tragen zur Kl\u00e4rung des Geistes und zur Aneignung von Weisheit und spiritueller F\u00fchrung bei. Manche glauben, dass dies die Tr\u00e4nen der G\u00f6tter sind.<\/span><\/p>\n<p style=\"text-align: center;\"><span style=\"color: #000000;\">Perlen geh\u00f6ren zu den empfindlichsten Edelsteinen. Sie erfordern kein besonderes Schneiden oder Polieren, denn sie sind so sch\u00f6n, wie sie sind \u2013 in ihrem nat\u00fcrlichen Aussehen und ihrer Herkunft. Hochwertige Perlen haben einen satten und brillanten Glanz und ihr gl\u00e4nzendes Schillern entsteht direkt aus dem Kern des Juwels. Deshalb sind Perlen zu einem Symbol f\u00fcr reine und nat\u00fcrliche Sch\u00f6nheit geworden.<\/span><\/p>\n<p style=\"text-align: center;\"><strong><span style=\"color: #000000;\">Blauer Kristall<\/span><\/strong><br \/>\n<strong><span style=\"color: #000000;\">3,5 mm.<\/span><\/strong><\/p>\n<p style=\"text-align: center;\"><span style=\"color: #000000;\">Wie das erfrischende blaue Meer und der weite Himmel symbolisieren blaue Kristalle Harmonie, Ruhe und Vitalit\u00e4t. Sie gelten als sehr einflussreiche Steine \u200b\u200bund haben die F\u00e4higkeit, unsere Kommunikation und unseren Selbstausdruck insgesamt zu verbessern. Sie k\u00f6nnen uns dazu veranlassen, selbst die pers\u00f6nlichsten und bedeutungsvollsten Details einer Geschichte zu teilen. Das ist kein Zufall, denn die Farbe Blau steht auch in direktem Zusammenhang mit unserem Hals-Chakra (Vishudhi), das auch f\u00fcr die Kommunikation und den Ausdruck unserer Ideen zust\u00e4ndig ist. Durch die blauen Edelsteine \u200b\u200bwird es gest\u00e4rkt und hilft uns, frei zu kommunizieren und dabei v\u00f6llige Ruhe zu bewahren.<\/span><\/p>\n<p style=\"text-align: center;\">\n<p style=\"text-align: center;\">\n<span style=\"color: #000000;\">Bei UGOMAN kreieren wir gerne Schmuck, der nicht nur sch\u00f6n aussieht, sondern auch eine tiefe Bedeutung und Bedeutung hat.<\/span><\/p>\n<p style=\"text-align: center;\"><span style=\"color: #000000;\">Bestellen Sie jetzt und lassen Sie sich jeden Tag vom Glauben inspirieren.<\/span><\/p>\n","protected":false},"excerpt":{"rendered":"<div class=\"woocommerce-product-details__short-description\">\n<p><a href=\"https:\/\/ugoman.net\/de\/%d0%b4%d0%be%d1%81%d1%82%d0%b0%d0%b2%d0%ba%d0%b0\/\"><span style=\"color: #000000;\">Lieferung per\u00a0Deutsche Post\u00a0innerhalb von 2-6 Werktagen<\/span><\/a><br \/>\n<span style=\"color: #000000;\">Lieferpreis\u00a0\u20ac5,00<\/span><\/p>\n<\/div>\n","protected":false},"featured_media":144378,"template":"","meta":{"advanced_seo_description":"","jetpack_seo_html_title":"","jetpack_seo_noindex":false,"jetpack_post_was_ever_published":false,"jetpack_publicize_message":"","jetpack_publicize_feature_enabled":true,"jetpack_social_post_already_shared":true,"jetpack_social_options":{"image_generator_settings":{"template":"highway","default_image_id":0,"font":"","enabled":false},"version":2},"_wpas_customize_per_network":false},"product_brand":[],"product_cat":[2974,2942,3062,2998,2934,3070],"product_tag":[],"class_list":{"0":"post-144377","1":"product","2":"type-product","3":"status-publish","4":"has-post-thumbnail","6":"product_cat-armbander1640255402","7":"product_cat-natural-stone-bracelets1640255362","8":"product_cat-frauen1640255510","9":"product_cat-halsketten1640255441","10":"product_cat-natural-stone-necklaces1640255351","11":"product_cat-sets","13":"first","14":"instock","15":"sale","16":"purchasable","17":"product-type-variable","18":"has-default-attributes"},"exclude_global_add_ons":[],"addons":[],"gallery_images":[134452,134455,134456,134457,134458,134459,134460,134461,119086,119078],"jetpack_publicize_connections":[],"jetpack_likes_enabled":true,"jetpack_sharing_enabled":true,"_links":{"self":[{"href":"https:\/\/ugoman.net\/de\/wp-json\/wp\/v2\/product\/144377","targetHints":{"allow":["GET"]}}],"collection":[{"href":"https:\/\/ugoman.net\/de\/wp-json\/wp\/v2\/product"}],"about":[{"href":"https:\/\/ugoman.net\/de\/wp-json\/wp\/v2\/types\/product"}],"wp:featuredmedia":[{"embeddable":true,"href":"https:\/\/ugoman.net\/de\/wp-json\/wp\/v2\/media\/144378"}],"wp:attachment":[{"href":"https:\/\/ugoman.net\/de\/wp-json\/wp\/v2\/media?parent=144377"}],"wp:term":[{"taxonomy":"product_brand","embeddable":true,"href":"https:\/\/ugoman.net\/de\/wp-json\/wp\/v2\/product_brand?post=144377"},{"taxonomy":"product_cat","embeddable":true,"href":"https:\/\/ugoman.net\/de\/wp-json\/wp\/v2\/product_cat?post=144377"},{"taxonomy":"product_tag","embeddable":true,"href":"https:\/\/ugoman.net\/de\/wp-json\/wp\/v2\/product_tag?post=144377"}],"curies":[{"name":"wp","href":"https:\/\/api.w.org\/{rel}","templated":true}]}}