{"id":144951,"date":"2022-11-02T23:59:43","date_gmt":"2022-11-02T21:59:43","guid":{"rendered":"https:\/\/ugoman.net\/?post_type=product&#038;p=144951"},"modified":"2024-03-22T12:43:43","modified_gmt":"2024-03-22T10:43:43","slug":"2x-saint-mary-turquoise","status":"publish","type":"product","link":"https:\/\/ugoman.net\/de\/produkt\/2x-saint-mary-turquoise\/","title":{"rendered":"2x | Mary &#038; Turquoise"},"content":{"rendered":"<p style=\"text-align: center;\"><strong><span style=\"color: #000000;\">Wir stellen Ihnen unser wundersch\u00f6nes Set aus zwei Halsketten vor<\/span><\/strong><\/p>\n<p style=\"text-align: center;\"><strong><span style=\"color: #000000;\">aus Edelstahl mit 18-Karat-Vergoldung und Natursteinen \u2013 das perfekte Accessoire f\u00fcr alle, die ihren Glauben nah am Herzen tragen m\u00f6chten.<\/span><\/strong><\/p>\n<p style=\"text-align: center;\"><span style=\"color: #000000;\">Als besonderen Bonus legen wir eine sch\u00f6ne Box und eine Geschenkt\u00fcte aus Velours sowie ein Qualit\u00e4tszertifikat bei, das Ihnen garantiert, dass sich das Produkt weder in seiner Farbe noch in seinem Aussehen ver\u00e4ndert. Das Produkt verf\u00fcgt \u00fcber eine lebenslange Garantie und ist somit ein perfektes Geschenk f\u00fcr Ihre Lieben oder eine besondere Freude f\u00fcr Sie selbst. Lassen Sie sich diese Gelegenheit nicht entgehen, ein wirklich einzigartiges und bedeutendes Exemplar zu besitzen<\/span><\/p>\n<p style=\"text-align: center;\"><strong><span style=\"color: #000000;\">Halskette 1<\/span><\/strong><\/p>\n<p style=\"text-align: center;\"><strong><span style=\"color: #000000;\">* Medaillon 1: Kreuz mit Jesus Christus aus Edelstahl 18 Karat vergoldet mit Kette \u2013 3,5 cm.<\/span><\/strong><\/p>\n<p style=\"text-align: center;\"><strong><span style=\"color: #000000;\">* Medaillon 2: Ikone der Jungfrau Maria aus 18 Karat vergoldetem Edelstahl mit Kette \u2013 1,5 cm.<\/span><\/strong><\/p>\n<p style=\"text-align: center;\"><strong><span style=\"color: #000000;\">Halskette 2<\/span><\/strong><\/p>\n<p style=\"text-align: center;\"><strong><span style=\"color: #000000;\">* Halbedelsteine \u200b\u200b\u2013 T\u00fcrkis und H\u00e4matit<\/span><\/strong><\/p>\n<p style=\"text-align: center;\"><strong><span style=\"color: #000000;\">T\u00fcrkis<\/span><\/strong><\/p>\n<p style=\"text-align: center;\"><span style=\"color: #000000;\">T\u00fcrkis ist ein Symbol f\u00fcr Gl\u00fcck und Sieg. Es bringt Wohlstand und Reichtum, st\u00e4rkt die Intuition, macht einen Menschen ehrgeizig, mutig, umsichtig, mutig, klug, besch\u00fctzt seinen Besitzer. T\u00fcrkis bringt Liebesgl\u00fcck und schafft Frieden in der Familie.<\/span><\/p>\n<p style=\"text-align: center;\"><span style=\"color: #000000;\">Bekanntmachung:<\/span><\/p>\n<p style=\"text-align: center;\"><span style=\"color: #000000;\">Hinterlassen Sie mit unseren Angeboten einen unvergesslichen Eindruck.<\/span><br \/>\n<span style=\"color: #000000;\">UGOMAN-Edelstahlschmuck ist eine gro\u00dfartige M\u00f6glichkeit, Ihrem Look Stil zu verleihen. Die Technologie zur Herstellung der Schmuckst\u00fccke erm\u00f6glicht eine kompromisslose Pr\u00e4zision bei der Herstellung bis ins letzte Detail. Edelstahl zeichnet sich durch seine au\u00dfergew\u00f6hnliche Korrosions- und Rostbest\u00e4ndigkeit, seinen geringen Wartungsaufwand und seinen gewohnten Glanz aus und ist somit ein ideales Material f\u00fcr unseren Markenschmuck \u201eUGOMAN\u201c.<\/span><\/p>\n","protected":false},"excerpt":{"rendered":"<div class=\"woocommerce-product-details__short-description\">\n<p><a href=\"https:\/\/ugoman.net\/de\/%d0%b4%d0%be%d1%81%d1%82%d0%b0%d0%b2%d0%ba%d0%b0\/\"><span style=\"color: #000000;\">Lieferung per\u00a0Deutsche Post\u00a0innerhalb von 2-6 Werktagen<\/span><\/a><br \/>\n<span style=\"color: #000000;\">Lieferpreis\u00a0\u20ac5,00<\/span><\/p>\n<\/div>\n","protected":false},"featured_media":117033,"template":"","meta":{"advanced_seo_description":"","jetpack_seo_html_title":"","jetpack_seo_noindex":false,"jetpack_post_was_ever_published":false,"jetpack_publicize_message":"","jetpack_publicize_feature_enabled":true,"jetpack_social_post_already_shared":true,"jetpack_social_options":{"image_generator_settings":{"template":"highway","default_image_id":0,"font":"","enabled":false},"version":2},"_wpas_customize_per_network":false},"product_brand":[],"product_cat":[3022,2966,3046],"product_tag":[],"class_list":{"0":"post-144951","1":"product","2":"type-product","3":"status-publish","4":"has-post-thumbnail","6":"product_cat-anhanger","7":"product_cat-anhanger1640255390","8":"product_cat-manner1640255491","10":"first","11":"instock","12":"sale","13":"shipping-taxable","14":"purchasable","15":"product-type-variable","16":"has-default-attributes"},"exclude_global_add_ons":[],"addons":[],"gallery_images":[117642,117650,117658,117666,117133,117125,115312,117084],"jetpack_publicize_connections":[],"jetpack_likes_enabled":true,"jetpack_sharing_enabled":true,"_links":{"self":[{"href":"https:\/\/ugoman.net\/de\/wp-json\/wp\/v2\/product\/144951","targetHints":{"allow":["GET"]}}],"collection":[{"href":"https:\/\/ugoman.net\/de\/wp-json\/wp\/v2\/product"}],"about":[{"href":"https:\/\/ugoman.net\/de\/wp-json\/wp\/v2\/types\/product"}],"wp:featuredmedia":[{"embeddable":true,"href":"https:\/\/ugoman.net\/de\/wp-json\/wp\/v2\/media\/117033"}],"wp:attachment":[{"href":"https:\/\/ugoman.net\/de\/wp-json\/wp\/v2\/media?parent=144951"}],"wp:term":[{"taxonomy":"product_brand","embeddable":true,"href":"https:\/\/ugoman.net\/de\/wp-json\/wp\/v2\/product_brand?post=144951"},{"taxonomy":"product_cat","embeddable":true,"href":"https:\/\/ugoman.net\/de\/wp-json\/wp\/v2\/product_cat?post=144951"},{"taxonomy":"product_tag","embeddable":true,"href":"https:\/\/ugoman.net\/de\/wp-json\/wp\/v2\/product_tag?post=144951"}],"curies":[{"name":"wp","href":"https:\/\/api.w.org\/{rel}","templated":true}]}}