{"id":148678,"date":"2024-04-25T03:07:44","date_gmt":"2024-04-25T00:07:44","guid":{"rendered":"https:\/\/ugoman.net\/?post_type=product&#038;p=148678"},"modified":"2024-04-25T14:06:55","modified_gmt":"2024-04-25T11:06:55","slug":"royal-cross-st-benedict-copy-copy-copy","status":"publish","type":"product","link":"https:\/\/ugoman.net\/de\/produkt\/royal-cross-st-benedict-copy-copy-copy\/","title":{"rendered":"Jasper stone &#8211; steel bracelet"},"content":{"rendered":"<p style=\"text-align: center;\"><strong><span style=\"color: #000000;\">Wir stellen Ihnen unser wundersch\u00f6nes, l\u00e4ngenverstellbares Armband mit Edelstahlkette und Natursteinen \u2013 Jaspis \u2013 vor \u2013 das perfekte Accessoire f\u00fcr alle, die ihren Glauben nah am Herzen tragen m\u00f6chten.<\/span><\/strong><\/p>\n<p style=\"text-align: center;\"><span style=\"color: #000000;\">Als besonderen Bonus legen wir jedem Kauf eine sch\u00f6ne Box und eine Geschenkt\u00fcte aus Velours sowie ein Qualit\u00e4tszertifikat bei, was es zu einem perfekten Geschenk f\u00fcr Ihre Lieben oder zu einer besonderen Freude f\u00fcr Sie selbst macht. Verpassen Sie nicht die Gelegenheit, ein wirklich einzigartiges und bedeutungsvolles Accessoire zu besitzen.<\/span><\/p>\n<p style=\"text-align: center;\"><strong><span style=\"color: #000000;\">Bestellen Sie jetzt und lassen Sie sich jeden Tag vom Glauben inspirieren.<\/span><\/strong><\/p>\n<p style=\"text-align: center;\"><strong><span style=\"color: #000000;\">Halbedelsteine \u200b\u200bauf einer doppelten Stahlschnur aufgereiht.<\/span><\/strong><\/p>\n<p style=\"text-align: center;\"><strong><span style=\"color: #000000;\">* L\u00e4nge verstellbar!<\/span><\/strong><\/p>\n<p style=\"text-align: center;\"><strong><span style=\"color: #000000;\">*Handgefertigt<\/span><\/strong><\/p>\n<p style=\"text-align: center;\"><strong><span style=\"color: #000000;\">Jaspis<\/span><\/strong><\/p>\n<p style=\"text-align: center;\"><strong><span style=\"color: #000000;\">8 mm.<\/span><\/strong><\/p>\n<p><img loading=\"lazy\" decoding=\"async\" class=\"aligncenter\" src=\"https:\/\/i0.wp.com\/ugoman.net\/wp-content\/uploads\/content\/Hz9V5zN_3nd.png?w=1100&amp;ssl=1\" alt=\"\" width=\"45\" height=\"45\" \/><\/p>\n<p style=\"text-align: center;\"><span style=\"color: #000000;\">Jasper ist ein Stein des Wohlstands, st\u00e4rkt die Ausdauer und Geduld eines Menschen.<\/span><br \/>\n<span style=\"color: #000000;\">Dieser Stein bietet Unterst\u00fctzung bei stressigen Lebensereignissen und eignet sich hervorragend zum Absorbieren negativer Energie und sch\u00fctzt den Tr\u00e4ger vor psychischen Angriffen.<\/span><br \/>\n<span style=\"color: #000000;\">Jasper reinigt die Aura und richtet die Chakren aus, f\u00f6rdert rationales Denken und lehrt Empathie f\u00fcr die Gef\u00fchle anderer. Gute Balance und Stimulation der sexuellen Energie.<\/span><\/p>\n<p style=\"text-align: center;\"><span style=\"color: #000000;\">Bei <strong>UGOMAN<\/strong> haben wir Freude daran, Schmuck zu kreieren, der nicht nur sch\u00f6n aussieht, sondern auch eine tiefe Bedeutung und Bedeutung hat.<\/span><\/p>\n","protected":false},"excerpt":{"rendered":"<div class=\"woocommerce-product-details__short-description\">\n<p><a href=\"https:\/\/ugoman.net\/de\/%d0%b4%d0%be%d1%81%d1%82%d0%b0%d0%b2%d0%ba%d0%b0\/\"><span style=\"color: #000000;\">Lieferung per\u00a0Deutsche Post\u00a0innerhalb von 2-6 Werktagen<\/span><\/a><br \/>\n<span style=\"color: #000000;\">Lieferpreis\u00a0\u20ac5,00<\/span><\/p>\n<\/div>\n","protected":false},"featured_media":148688,"template":"","meta":{"advanced_seo_description":"","jetpack_seo_html_title":"","jetpack_seo_noindex":false,"jetpack_publicize_message":"","jetpack_publicize_feature_enabled":true,"jetpack_social_post_already_shared":true,"jetpack_social_options":{"image_generator_settings":{"template":"highway","default_image_id":0,"font":"","enabled":false},"version":2},"_wpas_customize_per_network":false},"product_brand":[],"product_cat":[3006,2958,3046],"product_tag":[],"class_list":{"0":"post-148678","1":"product","2":"type-product","3":"status-publish","4":"has-post-thumbnail","6":"product_cat-armbander","7":"product_cat-natural-stone-bracelets16402553791640255380","8":"product_cat-manner1640255491","10":"first","11":"instock","12":"sale","13":"shipping-taxable","14":"purchasable","15":"product-type-simple"},"exclude_global_add_ons":[],"addons":[],"gallery_images":[148696,148704,148712,148720,148728,148736,148744,148752,148760,148768,135358,135366],"jetpack_publicize_connections":[],"jetpack_likes_enabled":true,"jetpack_sharing_enabled":true,"_links":{"self":[{"href":"https:\/\/ugoman.net\/de\/wp-json\/wp\/v2\/product\/148678","targetHints":{"allow":["GET"]}}],"collection":[{"href":"https:\/\/ugoman.net\/de\/wp-json\/wp\/v2\/product"}],"about":[{"href":"https:\/\/ugoman.net\/de\/wp-json\/wp\/v2\/types\/product"}],"wp:featuredmedia":[{"embeddable":true,"href":"https:\/\/ugoman.net\/de\/wp-json\/wp\/v2\/media\/148688"}],"wp:attachment":[{"href":"https:\/\/ugoman.net\/de\/wp-json\/wp\/v2\/media?parent=148678"}],"wp:term":[{"taxonomy":"product_brand","embeddable":true,"href":"https:\/\/ugoman.net\/de\/wp-json\/wp\/v2\/product_brand?post=148678"},{"taxonomy":"product_cat","embeddable":true,"href":"https:\/\/ugoman.net\/de\/wp-json\/wp\/v2\/product_cat?post=148678"},{"taxonomy":"product_tag","embeddable":true,"href":"https:\/\/ugoman.net\/de\/wp-json\/wp\/v2\/product_tag?post=148678"}],"curies":[{"name":"wp","href":"https:\/\/api.w.org\/{rel}","templated":true}]}}