{"id":44087,"date":"2016-03-23T13:38:21","date_gmt":"2016-03-23T11:38:21","guid":{"rendered":"https:\/\/ugoman.net\/?product=pspan-stylefont-size14pxspan-stylefont-familyverdanagenevasans-serifblack-chrome-crossspanspanp"},"modified":"2024-05-16T17:24:33","modified_gmt":"2024-05-16T14:24:33","slug":"pspan-stylefont-size14pxspan-stylefont-familyverdanagenevasans-serifblack-chrome-crossspanspanp","status":"publish","type":"product","link":"https:\/\/ugoman.net\/de\/produkt\/pspan-stylefont-size14pxspan-stylefont-familyverdanagenevasans-serifblack-chrome-crossspanspanp\/","title":{"rendered":"Black &#038; Chrome Cross"},"content":{"rendered":"<p style=\"text-align: center;\"><strong><span style=\"color: #000000;\">Wir pr\u00e4sentieren Ihnen unsere wundersch\u00f6ne Halskette \u2013 Kreuz mit Gebet \u201eVater unser\u201c, komplett mit Kette, meisterhaft gefertigt aus hochwertigem, extrem haltbarem Edelstahl!<\/span><\/strong><\/p>\n<p style=\"text-align: center;\"><span style=\"color: #000000;\">Als besonderen Bonus legen wir jedem Einkauf eine zweite Kette, eine sch\u00f6ne Box, eine Geschenkt\u00fcte aus Velours und ein Qualit\u00e4tszertifikat bei, sodass es ein perfektes Geschenk f\u00fcr Ihre Lieben oder eine besondere Freude f\u00fcr Sie selbst ist. Verpassen Sie nicht die Gelegenheit, ein wirklich einzigartiges und bedeutungsvolles Accessoire zu besitzen.<\/span><\/p>\n<p style=\"text-align: center;\"><span style=\"color: #000000;\">Bestellen Sie jetzt und lassen Sie sich jeden Tag vom Glauben inspirieren.<\/span><\/p>\n<p style=\"text-align: center;\"><strong><span style=\"color: #000000;\">\u201eSchwarz-Chrom-Kreuz\u201c<\/span><\/strong><\/p>\n<p style=\"text-align: center;\"><strong><span style=\"color: #000000;\">Artikelnummer: UGO K42828<\/span><\/strong><\/p>\n<p style=\"text-align: center;\"><strong><span style=\"color: #000000;\">Material: Edelstahl 316L und schwarzes PVD<\/span><\/strong><\/p>\n<p style=\"text-align: center;\"><strong><span style=\"color: #000000;\">Medaillongr\u00f6\u00dfe: 65 mm.<\/span><\/strong><\/p>\n<p style=\"text-align: center;\"><strong><span style=\"color: #000000;\">Kettengr\u00f6\u00dfe: 650 mm. \/ 4 mm.<\/span><\/strong><\/p>\n<p style=\"text-align: center;\"><strong><span style=\"color: #000000;\">Bekanntmachung:<\/span><\/strong><\/p>\n<p style=\"text-align: center;\"><span style=\"color: #000000;\">Hinterlassen Sie mit unseren Angeboten einen unvergesslichen Eindruck.<\/span><\/p>\n<p style=\"text-align: center;\"><span style=\"color: #000000;\">UGOMAN-Edelstahlschmuck ist eine gro\u00dfartige M\u00f6glichkeit, Ihrem Look Stil zu verleihen. Die Technologie zur Herstellung der Schmuckst\u00fccke erm\u00f6glicht eine kompromisslose Pr\u00e4zision bei der Herstellung bis ins letzte Detail.<\/span><\/p>\n<p style=\"text-align: center;\"><span style=\"color: #000000;\">Edelstahl zeichnet sich durch eine au\u00dfergew\u00f6hnliche Korrosions- und Rostbest\u00e4ndigkeit, einen geringen Wartungsaufwand und seinen vertrauten Glanz aus und ist somit ein ideales Material f\u00fcr unseren Schmuck der Marke UGOMAN.<\/span><\/p>\n<p style=\"text-align: center;\"><span style=\"color: #000000;\">Die PVD-Beschichtung (Physical Vapour Deposition) wurde urspr\u00fcnglich bei der Herstellung von Produkten f\u00fcr das Milit\u00e4r eingesetzt, wo eine erh\u00f6hte Verschlei\u00dffestigkeit der Metallteile erforderlich war. Obwohl die durch das PVD-Verfahren aufgetragene Beschichtung in der Regel nur wenige Mikrometer gro\u00df ist, sind ihre Molek\u00fcle so stark mit denen des Metalls verbunden, dass es nach dem Auftragen sehr schwierig (fast unm\u00f6glich) ist, sie von den Metallteilen, auf die sie aufgetragen wurde, zu entfernen.<\/span><\/p>\n","protected":false},"excerpt":{"rendered":"<div class=\"woocommerce-product-details__short-description\">\n<p><a href=\"https:\/\/ugoman.net\/de\/%d0%b4%d0%be%d1%81%d1%82%d0%b0%d0%b2%d0%ba%d0%b0\/\"><span style=\"color: #000000;\">Lieferung per\u00a0Deutsche Post\u00a0innerhalb von 2-6 Werktagen<\/span><\/a><br \/>\n<span style=\"color: #000000;\">Lieferpreis\u00a0\u20ac5,00<\/span><\/p>\n<\/div>\n","protected":false},"featured_media":108958,"template":"","meta":{"advanced_seo_description":"","jetpack_seo_html_title":"","jetpack_seo_noindex":false,"jetpack_publicize_message":"","jetpack_publicize_feature_enabled":true,"jetpack_social_post_already_shared":false,"jetpack_social_options":{"image_generator_settings":{"template":"highway","default_image_id":0,"font":"","enabled":false},"version":2},"_wpas_customize_per_network":false},"product_brand":[],"product_cat":[3022,3046],"product_tag":[],"class_list":{"0":"post-44087","1":"product","2":"type-product","3":"status-publish","4":"has-post-thumbnail","6":"product_cat-anhanger","7":"product_cat-manner1640255491","9":"first","10":"instock","11":"purchasable","12":"product-type-simple"},"exclude_global_add_ons":[],"addons":[],"gallery_images":[108959,108960,108961,108962,149198,149190],"jetpack_publicize_connections":[],"jetpack_likes_enabled":true,"jetpack_sharing_enabled":true,"_links":{"self":[{"href":"https:\/\/ugoman.net\/de\/wp-json\/wp\/v2\/product\/44087","targetHints":{"allow":["GET"]}}],"collection":[{"href":"https:\/\/ugoman.net\/de\/wp-json\/wp\/v2\/product"}],"about":[{"href":"https:\/\/ugoman.net\/de\/wp-json\/wp\/v2\/types\/product"}],"wp:featuredmedia":[{"embeddable":true,"href":"https:\/\/ugoman.net\/de\/wp-json\/wp\/v2\/media\/108958"}],"wp:attachment":[{"href":"https:\/\/ugoman.net\/de\/wp-json\/wp\/v2\/media?parent=44087"}],"wp:term":[{"taxonomy":"product_brand","embeddable":true,"href":"https:\/\/ugoman.net\/de\/wp-json\/wp\/v2\/product_brand?post=44087"},{"taxonomy":"product_cat","embeddable":true,"href":"https:\/\/ugoman.net\/de\/wp-json\/wp\/v2\/product_cat?post=44087"},{"taxonomy":"product_tag","embeddable":true,"href":"https:\/\/ugoman.net\/de\/wp-json\/wp\/v2\/product_tag?post=44087"}],"curies":[{"name":"wp","href":"https:\/\/api.w.org\/{rel}","templated":true}]}}