{"id":44983,"date":"2016-08-31T11:30:41","date_gmt":"2016-08-31T08:30:41","guid":{"rendered":"https:\/\/ugoman.net\/?product=pspan-stylefont-size14pxspan-stylefont-familyverdanagenevasans-serifdragons-clawsspanspanp"},"modified":"2024-05-09T10:49:46","modified_gmt":"2024-05-09T07:49:46","slug":"pspan-stylefont-size14pxspan-stylefont-familyverdanagenevasans-serifdragons-clawsspanspanp","status":"publish","type":"product","link":"https:\/\/ugoman.net\/de\/produkt\/pspan-stylefont-size14pxspan-stylefont-familyverdanagenevasans-serifdragons-clawsspanspanp\/","title":{"rendered":"Dragon&#8217;s Claws"},"content":{"rendered":"<p style=\"text-align: center;\"><strong><span style=\"color: #000000;\">Wir stellen Ihnen unser wundersch\u00f6nes Armband mit Natursteinen und edlen Stahlelementen vor!<\/span><\/strong><\/p>\n<p style=\"text-align: center;\"><strong><span style=\"color: #000000;\">Als besonderen Bonus legen wir jedem Kauf eine sch\u00f6ne Box und eine Geschenkt\u00fcte aus Velours sowie ein Qualit\u00e4tszertifikat bei, was es zu einem perfekten Geschenk f\u00fcr Ihre Lieben oder zu einer besonderen Freude f\u00fcr Sie selbst macht. Verpassen Sie nicht die Gelegenheit, ein wirklich einzigartiges und bedeutungsvolles Accessoire zu besitzen.<\/span><\/strong><\/p>\n<p style=\"text-align: center;\"><strong><span style=\"color: #000000;\">Bestellen Sie jetzt und lassen Sie sich jeden Tag vom Glauben inspirieren.<\/span><\/strong><\/p>\n<p style=\"text-align: center;\"><strong><span style=\"color: #000000;\">Halbedelsteine \u200b\u200bauf einer doppelten Stahlschnur aufgereiht.<\/span><\/strong><\/p>\n<p style=\"text-align: center;\">\n<strong><span style=\"color: #000000;\">Leopardenjaspis \u2013 10 mm.<\/span><\/strong><\/p>\n<p style=\"text-align: center;\"><strong><span style=\"color: #000000;\">\u201eDrachenklauen\u201c<\/span><\/strong><br \/>\n<strong><span style=\"color: #000000;\">Hergestellt aus hochwertigem Edelstahl 316L<\/span><\/strong><\/p>\n<p style=\"text-align: center;\"><strong><span style=\"color: #000000;\">Leopardenjaspis<\/span><\/strong><\/p>\n<p style=\"text-align: center;\"><strong><span style=\"color: #000000;\">10 mm.<\/span><\/strong><\/p>\n<p><img data-recalc-dims=\"1\" decoding=\"async\" class=\"aligncenter\" style=\"background-color: #ffffff; cursor: default; font-family: sans-serif,arial,verdana,trebuchet ms; height: 79px; line-height: 20.7999992370605px; width: 80px;\" src=\"https:\/\/i0.wp.com\/ugoman.net\/wp-content\/uploads\/content\/thumb_2629_3nd.jpg?w=1100&#038;ssl=1\" alt=\"\" \/><\/p>\n<p style=\"text-align: center;\"><span style=\"color: #000000;\">Jasper ist ein Stein des Wohlstands, st\u00e4rkt die Ausdauer und Geduld eines Menschen.<\/span><br \/>\n<span style=\"color: #000000;\">Dieser Stein bietet Unterst\u00fctzung bei stressigen Lebensereignissen und eignet sich hervorragend zum Absorbieren negativer Energie und sch\u00fctzt den Tr\u00e4ger vor psychischen Angriffen.<\/span><br \/>\n<span style=\"color: #000000;\">Jasper reinigt die Aura und richtet die Chakren aus, f\u00f6rdert rationales Denken und lehrt Empathie f\u00fcr die Gef\u00fchle anderer. Gute Balance und Stimulation der sexuellen Energie.<\/span><\/p>\n<h4 style=\"text-align: center;\"><b>\u00a0<\/b><\/h4>\n","protected":false},"excerpt":{"rendered":"<div class=\"woocommerce-product-details__short-description\">\n<p><a href=\"https:\/\/ugoman.net\/de\/%d0%b4%d0%be%d1%81%d1%82%d0%b0%d0%b2%d0%ba%d0%b0\/\"><span style=\"color: #000000;\">Lieferung per\u00a0Deutsche Post\u00a0innerhalb von 2-6 Werktagen<\/span><\/a><br \/>\n<span style=\"color: #000000;\">Lieferpreis\u00a0\u20ac5,00<\/span><\/p>\n<\/div>\n","protected":false},"featured_media":108198,"template":"","meta":{"advanced_seo_description":"","jetpack_seo_html_title":"","jetpack_seo_noindex":false,"jetpack_publicize_message":"","jetpack_publicize_feature_enabled":true,"jetpack_social_post_already_shared":false,"jetpack_social_options":{"image_generator_settings":{"template":"highway","default_image_id":0,"font":"","enabled":false},"version":2},"_wpas_customize_per_network":false},"product_brand":[],"product_cat":[2958,3038],"product_tag":[],"class_list":{"0":"post-44983","1":"product","2":"type-product","3":"status-publish","4":"has-post-thumbnail","6":"product_cat-natural-stone-bracelets16402553791640255380","7":"product_cat-free-men1640255481","9":"first","10":"instock","11":"purchasable","12":"product-type-variable","13":"has-default-attributes"},"exclude_global_add_ons":[],"addons":[],"gallery_images":[108206,149190,149198,149208],"jetpack_publicize_connections":[],"jetpack_likes_enabled":true,"jetpack_sharing_enabled":true,"_links":{"self":[{"href":"https:\/\/ugoman.net\/de\/wp-json\/wp\/v2\/product\/44983","targetHints":{"allow":["GET"]}}],"collection":[{"href":"https:\/\/ugoman.net\/de\/wp-json\/wp\/v2\/product"}],"about":[{"href":"https:\/\/ugoman.net\/de\/wp-json\/wp\/v2\/types\/product"}],"wp:featuredmedia":[{"embeddable":true,"href":"https:\/\/ugoman.net\/de\/wp-json\/wp\/v2\/media\/108198"}],"wp:attachment":[{"href":"https:\/\/ugoman.net\/de\/wp-json\/wp\/v2\/media?parent=44983"}],"wp:term":[{"taxonomy":"product_brand","embeddable":true,"href":"https:\/\/ugoman.net\/de\/wp-json\/wp\/v2\/product_brand?post=44983"},{"taxonomy":"product_cat","embeddable":true,"href":"https:\/\/ugoman.net\/de\/wp-json\/wp\/v2\/product_cat?post=44983"},{"taxonomy":"product_tag","embeddable":true,"href":"https:\/\/ugoman.net\/de\/wp-json\/wp\/v2\/product_tag?post=44983"}],"curies":[{"name":"wp","href":"https:\/\/api.w.org\/{rel}","templated":true}]}}