{"id":45079,"date":"2016-09-14T13:19:12","date_gmt":"2016-09-14T10:19:12","guid":{"rendered":"https:\/\/ugoman.net\/?product=pspan-stylefont-size14pxspan-stylefont-familyverdanagenevasans-serifblack-skullspanspanp"},"modified":"2024-05-07T13:34:10","modified_gmt":"2024-05-07T10:34:10","slug":"pspan-stylefont-size14pxspan-stylefont-familyverdanagenevasans-serifblack-skullspanspanp-2","status":"publish","type":"product","link":"https:\/\/ugoman.net\/de\/produkt\/pspan-stylefont-size14pxspan-stylefont-familyverdanagenevasans-serifblack-skullspanspanp-2\/","title":{"rendered":"Black Skull"},"content":{"rendered":"<p style=\"text-align: center;\"><strong><span style=\"color: #000000;\">Wir stellen Ihnen unsere wundersch\u00f6ne Halskette vor \u2013 Totenkopf aus Edelstahl und nat\u00fcrlichen Halbedelsteinen \u2013 Onyx und H\u00e4matit \u201eSchwarzer Totenkopf\u201c.<\/span><\/strong><\/p>\n<p style=\"text-align: center;\"><strong><span style=\"color: #000000;\">Diese Halskette besteht aus einem wundersch\u00f6nen Totenkopf und nat\u00fcrlichen Onyx- und H\u00e4matitsteinen, meisterhaft gefertigt aus hochwertigem, extrem haltbarem Edelstahl und einer doppelten Stahlschnur!<\/span><\/strong><\/p>\n<p style=\"text-align: center;\"><span style=\"color: #000000;\">Als besonderen Bonus legen wir jedem Einkauf eine sch\u00f6ne Box und eine Geschenkt\u00fcte aus Velours sowie ein Qualit\u00e4tszertifikat bei, was es zu einem perfekten Geschenk f\u00fcr Ihre Lieben oder zu einer besonderen Freude f\u00fcr Sie selbst macht. Verpassen Sie nicht die Gelegenheit, ein wirklich einzigartiges und bedeutungsvolles Accessoire zu besitzen.<\/span><\/p>\n<p style=\"text-align: center;\"><strong><span style=\"color: #000000;\">Sch\u00e4del-50 mm. \/ L\u00e4nge: 780 mm.<\/span><\/strong><\/p>\n<p style=\"text-align: center;\"><strong><span style=\"color: #000000;\">Onyx<\/span><\/strong><br \/>\n<strong><span style=\"color: #000000;\">8 mm.<\/span><\/strong><\/p>\n<p style=\"text-align: center;\"><img data-recalc-dims=\"1\" decoding=\"async\" class=\"aligncenter\" style=\"border-width: 0px; cursor: default; margin-bottom: 0px; margin-top: 0px; vertical-align: baseline;\" src=\"https:\/\/i0.wp.com\/ugoman.net\/wp-content\/uploads\/content\/sPjNUEr_35nd.png?w=1100&#038;ssl=1\" alt=\"\" \/><span style=\"color: #000000;\">Onyx\u00a0hilft, negatives Denken und Stress zu beseitigen und ist gut f\u00fcr Meditation und positive Tr\u00e4ume. Es inspiriert zum Denken und zur Spiritualit\u00e4t und hilft, Emotionen und Leidenschaften unter Kontrolle zu halten.<\/span><\/p>\n<p style=\"text-align: center;\"><strong><span style=\"color: #000000;\">Vulkanische Lava<\/span><\/strong><br \/>\n<strong><span style=\"color: #000000;\">10 mm.<\/span><\/strong><\/p>\n<p style=\"text-align: center;\"><img data-recalc-dims=\"1\" decoding=\"async\" class=\"aligncenter\" style=\"border: 0px; cursor: default; margin-bottom: 0px; margin-top: 0px; outline: none; vertical-align: baseline;\" src=\"https:\/\/i0.wp.com\/ugoman.net\/wp-content\/uploads\/content\/fzqgaw6_11nd.png?w=1100&#038;ssl=1\" alt=\"\" \/><span style=\"color: #000000;\">Vulkanische Lava \u00fcbertr\u00e4gt ihre nat\u00fcrliche Energie, die M\u00fcdigkeit und Stress \u00fcberwindet und das Nervensystem entspannt.<\/span><\/p>\n<p style=\"text-align: center;\"><span style=\"color: #000000;\">Bei UGOMAN kreieren wir gerne Schmuck, der nicht nur sch\u00f6n aussieht, sondern auch eine tiefe Bedeutung und Bedeutung hat.<\/span><br \/>\n<span style=\"color: #000000;\">Bestellen Sie jetzt und lassen Sie sich jeden Tag vom Glauben inspirieren.<\/span><\/p>\n<h4 style=\"text-align: center;\"><\/h4>\n","protected":false},"excerpt":{"rendered":"<div class=\"woocommerce-product-details__short-description\">\n<p><a href=\"https:\/\/ugoman.net\/de\/%d0%b4%d0%be%d1%81%d1%82%d0%b0%d0%b2%d0%ba%d0%b0\/\"><span style=\"color: #000000;\">Lieferung per\u00a0Deutsche Post\u00a0innerhalb von 2-6 Werktagen<\/span><\/a><br \/>\n<span style=\"color: #000000;\">Lieferpreis\u00a0\u20ac5,00<\/span><\/p>\n<\/div>\n","protected":false},"featured_media":107657,"template":"","meta":{"advanced_seo_description":"","jetpack_seo_html_title":"","jetpack_seo_noindex":false,"jetpack_post_was_ever_published":false,"jetpack_publicize_message":"","jetpack_publicize_feature_enabled":true,"jetpack_social_post_already_shared":false,"jetpack_social_options":{"image_generator_settings":{"template":"highway","default_image_id":0,"font":"","enabled":false},"version":2},"_wpas_customize_per_network":false},"product_brand":[],"product_cat":[2950,3046],"product_tag":[],"class_list":{"0":"post-45079","1":"product","2":"type-product","3":"status-publish","4":"has-post-thumbnail","6":"product_cat-natural-stone-necklaces1640255371","7":"product_cat-manner1640255491","9":"first","10":"instock","11":"sale","12":"purchasable","13":"product-type-simple"},"exclude_global_add_ons":[],"addons":[],"gallery_images":[107665,107657,107649,107641,119080,119088,149198],"jetpack_publicize_connections":[],"jetpack_likes_enabled":true,"jetpack_sharing_enabled":true,"_links":{"self":[{"href":"https:\/\/ugoman.net\/de\/wp-json\/wp\/v2\/product\/45079","targetHints":{"allow":["GET"]}}],"collection":[{"href":"https:\/\/ugoman.net\/de\/wp-json\/wp\/v2\/product"}],"about":[{"href":"https:\/\/ugoman.net\/de\/wp-json\/wp\/v2\/types\/product"}],"wp:featuredmedia":[{"embeddable":true,"href":"https:\/\/ugoman.net\/de\/wp-json\/wp\/v2\/media\/107657"}],"wp:attachment":[{"href":"https:\/\/ugoman.net\/de\/wp-json\/wp\/v2\/media?parent=45079"}],"wp:term":[{"taxonomy":"product_brand","embeddable":true,"href":"https:\/\/ugoman.net\/de\/wp-json\/wp\/v2\/product_brand?post=45079"},{"taxonomy":"product_cat","embeddable":true,"href":"https:\/\/ugoman.net\/de\/wp-json\/wp\/v2\/product_cat?post=45079"},{"taxonomy":"product_tag","embeddable":true,"href":"https:\/\/ugoman.net\/de\/wp-json\/wp\/v2\/product_tag?post=45079"}],"curies":[{"name":"wp","href":"https:\/\/api.w.org\/{rel}","templated":true}]}}