{"id":45375,"date":"2016-12-15T12:42:57","date_gmt":"2016-12-15T10:42:57","guid":{"rendered":"https:\/\/ugoman.net\/?product=pspan-stylefont-size14pxspan-stylefont-familyverdanagenevasans-serifsmall-skullsspanspanp"},"modified":"2024-05-01T09:12:09","modified_gmt":"2024-05-01T06:12:09","slug":"pspan-stylefont-size14pxspan-stylefont-familyverdanagenevasans-serifsmall-skullsspanspanp","status":"publish","type":"product","link":"https:\/\/ugoman.net\/de\/produkt\/pspan-stylefont-size14pxspan-stylefont-familyverdanagenevasans-serifsmall-skullsspanspanp\/","title":{"rendered":"Small Skulls"},"content":{"rendered":"<p style=\"text-align: center;\"><strong><span style=\"color: #000000;\">Wir stellen Ihnen unser wundersch\u00f6nes Armband mit Elementen aus echtem Leder und edlem Stahl vor!<\/span><\/strong><\/p>\n<p style=\"text-align: center;\"><span style=\"color: #000000;\">Als besonderen Bonus legen wir jedem Kauf eine sch\u00f6ne Box und eine Geschenkt\u00fcte aus Velours sowie ein Qualit\u00e4tszertifikat bei, was es zu einem perfekten Geschenk f\u00fcr Ihre Lieben oder zu einer besonderen Freude f\u00fcr Sie selbst macht. Verpassen Sie nicht die Gelegenheit, ein wirklich einzigartiges und bedeutungsvolles Accessoire zu besitzen.<\/span><\/p>\n<p style=\"text-align: center;\"><strong><span style=\"color: #000000;\">Bestellen Sie jetzt und lassen Sie sich jeden Tag vom Glauben inspirieren.<\/span><\/strong><\/p>\n<p style=\"text-align: center;\">\n<p style=\"text-align: center;\"><strong><span style=\"color: #000000;\">\u201eKleine Totenk\u00f6pfe\u201c<\/span><\/strong><br \/>\n<strong><span style=\"color: #000000;\">Artikelnummer: K67841<\/span><\/strong><br \/>\n<strong><span style=\"color: #000000;\">Material: Edelstahl 316L &amp; Leder<\/span><\/strong><br \/>\n<strong><span style=\"color: #000000;\">L\u00e4nge: 18 &#8211; 19 cm.<\/span><\/strong><br \/>\n<strong><span style=\"color: #000000;\">Breite: 1 cm.<\/span><\/strong><\/p>\n<p style=\"text-align: center;\"><span style=\"color: #000000;\">Hinterlassen Sie mit unseren Angeboten einen unvergesslichen Eindruck.<\/span><br \/>\n<span style=\"color: #000000;\">UGOMAN-Edelstahlschmuck ist eine gro\u00dfartige M\u00f6glichkeit, Ihrem Look Stil zu verleihen. Die Technologie zur Herstellung des Schmucks erm\u00f6glicht eine kompromisslose Pr\u00e4zision bei der Herstellung bis ins letzte Detail.<\/span><br \/>\n<span style=\"color: #000000;\">Die au\u00dfergew\u00f6hnliche Korrosions- und Rostbest\u00e4ndigkeit, der geringe Wartungsaufwand und der vertraute Glanz von Edelstahl machen ihn zum idealen Material f\u00fcr unseren UGOMAN-Markenschmuck.<\/span><\/p>\n","protected":false},"excerpt":{"rendered":"<div class=\"woocommerce-product-details__short-description\">\n<p><a href=\"https:\/\/ugoman.net\/de\/%d0%b4%d0%be%d1%81%d1%82%d0%b0%d0%b2%d0%ba%d0%b0\/\"><span style=\"color: #000000;\">Lieferung per\u00a0Deutsche Post\u00a0innerhalb von 2-6 Werktagen<\/span><\/a><br \/>\n<span style=\"color: #000000;\">Lieferpreis\u00a0\u20ac5,00<\/span><\/p>\n<\/div>\n","protected":false},"featured_media":105722,"template":"","meta":{"advanced_seo_description":"","jetpack_seo_html_title":"","jetpack_seo_noindex":false,"jetpack_post_was_ever_published":false,"jetpack_publicize_message":"","jetpack_publicize_feature_enabled":true,"jetpack_social_post_already_shared":false,"jetpack_social_options":{"image_generator_settings":{"template":"highway","default_image_id":0,"font":"","enabled":false},"version":2},"_wpas_customize_per_network":false},"product_brand":[],"product_cat":[3006,3046],"product_tag":[],"class_list":{"0":"post-45375","1":"product","2":"type-product","3":"status-publish","4":"has-post-thumbnail","6":"product_cat-armbander","7":"product_cat-manner1640255491","9":"first","10":"instock","11":"purchasable","12":"product-type-simple"},"exclude_global_add_ons":[],"addons":[],"gallery_images":[149190,149198],"jetpack_publicize_connections":[],"jetpack_likes_enabled":true,"jetpack_sharing_enabled":true,"_links":{"self":[{"href":"https:\/\/ugoman.net\/de\/wp-json\/wp\/v2\/product\/45375","targetHints":{"allow":["GET"]}}],"collection":[{"href":"https:\/\/ugoman.net\/de\/wp-json\/wp\/v2\/product"}],"about":[{"href":"https:\/\/ugoman.net\/de\/wp-json\/wp\/v2\/types\/product"}],"wp:featuredmedia":[{"embeddable":true,"href":"https:\/\/ugoman.net\/de\/wp-json\/wp\/v2\/media\/105722"}],"wp:attachment":[{"href":"https:\/\/ugoman.net\/de\/wp-json\/wp\/v2\/media?parent=45375"}],"wp:term":[{"taxonomy":"product_brand","embeddable":true,"href":"https:\/\/ugoman.net\/de\/wp-json\/wp\/v2\/product_brand?post=45375"},{"taxonomy":"product_cat","embeddable":true,"href":"https:\/\/ugoman.net\/de\/wp-json\/wp\/v2\/product_cat?post=45375"},{"taxonomy":"product_tag","embeddable":true,"href":"https:\/\/ugoman.net\/de\/wp-json\/wp\/v2\/product_tag?post=45375"}],"curies":[{"name":"wp","href":"https:\/\/api.w.org\/{rel}","templated":true}]}}