{"id":45495,"date":"2017-01-23T17:30:43","date_gmt":"2017-01-23T15:30:43","guid":{"rendered":"https:\/\/ugoman.net\/?product=pspan-stylefont-size14pxspan-stylefont-familyverdanagenevasans-serifcross-crystalsspanspanp"},"modified":"2024-05-01T01:50:31","modified_gmt":"2024-04-30T22:50:31","slug":"pspan-stylefont-size14pxspan-stylefont-familyverdanagenevasans-serifcross-crystalsspanspanp","status":"publish","type":"product","link":"https:\/\/ugoman.net\/de\/produkt\/pspan-stylefont-size14pxspan-stylefont-familyverdanagenevasans-serifcross-crystalsspanspanp\/","title":{"rendered":"Cross &#038; Crystals"},"content":{"rendered":"<p style=\"text-align: center;\"><span style=\"color: #000000;\">Wir stellen Ihnen unser wundersch\u00f6nes Armband vor, meisterhaft gefertigt aus hochwertigem, extrem haltbarem Edelstahl und Natursteinen!<\/span><\/p>\n<p style=\"text-align: center;\"><span style=\"color: #000000;\">Als besonderen Bonus legen wir eine sch\u00f6ne Box und eine Geschenkt\u00fcte aus Velours sowie ein Qualit\u00e4tszertifikat bei, das Ihnen garantiert, dass sich das Produkt weder in seiner Farbe noch in seinem Aussehen ver\u00e4ndert. Das Produkt verf\u00fcgt \u00fcber eine lebenslange Garantie und ist somit ein perfektes Geschenk f\u00fcr Ihre Lieben oder eine besondere Freude f\u00fcr Sie selbst. Verpassen Sie nicht die Gelegenheit, ein wirklich einzigartiges und bedeutungsvolles Accessoire zu besitzen.<\/span><\/p>\n<p style=\"text-align: center;\"><span style=\"color: #000000;\">Halbedelsteine \u200b\u200bund Edelstahl<\/span><\/p>\n<p style=\"text-align: center;\"><span style=\"color: #000000;\">\u201eKristallkreuz\u201c<\/span><br \/>\n<span style=\"color: #000000;\">Hergestellt aus hochwertigem Edelstahl 316L<\/span><br \/>\n<span style=\"color: #000000;\">L\u00e4nge: 175 mm.<\/span><br \/>\n<span style=\"color: #000000;\">Drusus-10 mm.<\/span><\/p>\n<p style=\"text-align: center;\"><span style=\"color: #000000;\">Elemente aus Edelstahl<\/span><br \/>\n<span style=\"color: #000000;\">Hergestellt aus hochwertigem Edelstahl 316L<\/span><\/p>\n","protected":false},"excerpt":{"rendered":"<div class=\"woocommerce-product-details__short-description\">\n<p><a href=\"https:\/\/ugoman.net\/de\/%d0%b4%d0%be%d1%81%d1%82%d0%b0%d0%b2%d0%ba%d0%b0\/\"><span style=\"color: #000000;\">Lieferung per\u00a0Deutsche Post\u00a0innerhalb von 2-6 Werktagen<\/span><\/a><br \/>\n<span style=\"color: #000000;\">Lieferpreis\u00a0\u20ac5,00<\/span><\/p>\n<\/div>\n","protected":false},"featured_media":112690,"template":"","meta":{"advanced_seo_description":"","jetpack_seo_html_title":"","jetpack_seo_noindex":false,"jetpack_publicize_message":"","jetpack_publicize_feature_enabled":true,"jetpack_social_post_already_shared":false,"jetpack_social_options":{"image_generator_settings":{"template":"highway","default_image_id":0,"font":"","enabled":false},"version":2},"_wpas_customize_per_network":false},"product_brand":[],"product_cat":[2974,2942,3062],"product_tag":[],"class_list":{"0":"post-45495","1":"product","2":"type-product","3":"status-publish","4":"has-post-thumbnail","6":"product_cat-armbander1640255402","7":"product_cat-natural-stone-bracelets1640255362","8":"product_cat-frauen1640255510","10":"first","11":"instock","12":"purchasable","13":"product-type-simple"},"exclude_global_add_ons":[],"addons":[],"gallery_images":[112698,112682,149198,149190],"jetpack_publicize_connections":[],"jetpack_likes_enabled":true,"jetpack_sharing_enabled":true,"_links":{"self":[{"href":"https:\/\/ugoman.net\/de\/wp-json\/wp\/v2\/product\/45495","targetHints":{"allow":["GET"]}}],"collection":[{"href":"https:\/\/ugoman.net\/de\/wp-json\/wp\/v2\/product"}],"about":[{"href":"https:\/\/ugoman.net\/de\/wp-json\/wp\/v2\/types\/product"}],"wp:featuredmedia":[{"embeddable":true,"href":"https:\/\/ugoman.net\/de\/wp-json\/wp\/v2\/media\/112690"}],"wp:attachment":[{"href":"https:\/\/ugoman.net\/de\/wp-json\/wp\/v2\/media?parent=45495"}],"wp:term":[{"taxonomy":"product_brand","embeddable":true,"href":"https:\/\/ugoman.net\/de\/wp-json\/wp\/v2\/product_brand?post=45495"},{"taxonomy":"product_cat","embeddable":true,"href":"https:\/\/ugoman.net\/de\/wp-json\/wp\/v2\/product_cat?post=45495"},{"taxonomy":"product_tag","embeddable":true,"href":"https:\/\/ugoman.net\/de\/wp-json\/wp\/v2\/product_tag?post=45495"}],"curies":[{"name":"wp","href":"https:\/\/api.w.org\/{rel}","templated":true}]}}