{"id":46463,"date":"2017-09-16T20:51:34","date_gmt":"2017-09-16T17:51:34","guid":{"rendered":"https:\/\/ugoman.net\/?product=ppink-royal-crossp"},"modified":"2024-04-14T23:13:26","modified_gmt":"2024-04-14T20:13:26","slug":"ppink-royal-crossp","status":"publish","type":"product","link":"https:\/\/ugoman.net\/de\/produkt\/ppink-royal-crossp\/","title":{"rendered":"Pink Royal Cross"},"content":{"rendered":"<p style=\"text-align: center;\"><strong><span style=\"color: #000000;\">Wir stellen Ihnen unser wundersch\u00f6nes Armband mit Natursteinen und edlen Stahlelementen mit einem Kreuz vor.<\/span><\/strong><\/p>\n<p style=\"text-align: center;\"><span style=\"color: #000000;\">Als besonderen Bonus legen wir jedem Kauf eine sch\u00f6ne Box und eine Geschenkt\u00fcte aus Velours sowie ein Qualit\u00e4tszertifikat bei, was es zu einem perfekten Geschenk f\u00fcr Ihre Lieben oder zu einer besonderen Freude f\u00fcr Sie selbst macht. Verpassen Sie nicht die Gelegenheit, ein wirklich einzigartiges und bedeutungsvolles Accessoire zu besitzen.<\/span><\/p>\n<p style=\"text-align: center;\"><strong><span style=\"color: #000000;\">Bestellen Sie jetzt und lassen Sie sich jeden Tag vom Glauben inspirieren.<\/span><\/strong><\/p>\n<p style=\"text-align: center;\"><strong><span style=\"color: #000000;\">Halbedelsteine \u200b\u200bauf einer doppelten Stahlschnur aufgereiht.<\/span><\/strong><\/p>\n<p style=\"text-align: center;\"><strong><span style=\"color: #000000;\">\u201eRosa K\u00f6nigskreuz\u201c<\/span><\/strong><\/p>\n<p style=\"text-align: center;\">\n<strong><span style=\"color: #000000;\">Elemente aus Edelstahl<\/span><\/strong><br \/>\n<strong><span style=\"color: #000000;\">Hergestellt aus hochwertigem Edelstahl 316L<\/span><\/strong><\/p>\n<p style=\"text-align: center;\"><strong><span style=\"color: #000000;\">Jade<\/span><\/strong><br \/>\n<strong><span style=\"color: #000000;\">8 mm.<\/span><\/strong><\/p>\n<p style=\"text-align: center;\"><span style=\"color: #000000;\">Jade erh\u00f6ht die Ausdauer und Arbeitsf\u00e4higkeit, hilft, alle Schwierigkeiten zu ertragen und Hindernisse im Leben mit weniger Auswirkungen auf uns selbst zu \u00fcberwinden. Es eignet sich sehr gut f\u00fcr moralisch Schwache und f\u00fcr diejenigen, die in ihren eigenen Erfahrungen versinken und ihre Probleme nicht alleine bew\u00e4ltigen k\u00f6nnen.<\/span><\/p>\n<p style=\"text-align: center;\"><span style=\"color: #000000;\">In schwierigen Situationen f\u00fchrt Jade seinen Besitzer auf den richtigen Weg, erweitert den Horizont, tr\u00e4gt zu der notwendigen positiven Ver\u00e4nderung des Bewusstseins, des Verhaltens und infolgedessen zu einer Ver\u00e4nderung der uns umgebenden Realit\u00e4t bei.<\/span><\/p>\n","protected":false},"excerpt":{"rendered":"<div class=\"woocommerce-product-details__short-description\">\n<p><a href=\"https:\/\/ugoman.net\/de\/%d0%b4%d0%be%d1%81%d1%82%d0%b0%d0%b2%d0%ba%d0%b0\/\"><span style=\"color: #000000;\">Lieferung per\u00a0Deutsche Post\u00a0innerhalb von 2-6 Werktagen<\/span><\/a><br \/>\n<span style=\"color: #000000;\">Lieferpreis\u00a0\u20ac5,00<\/span><\/p>\n<\/div>\n","protected":false},"featured_media":52560,"template":"","meta":{"advanced_seo_description":"","jetpack_seo_html_title":"","jetpack_seo_noindex":false,"jetpack_publicize_message":"","jetpack_publicize_feature_enabled":true,"jetpack_social_post_already_shared":false,"jetpack_social_options":{"image_generator_settings":{"template":"highway","default_image_id":0,"font":"","enabled":false},"version":2},"_wpas_customize_per_network":false},"product_brand":[],"product_cat":[2974,2942,3062],"product_tag":[],"class_list":{"0":"post-46463","1":"product","2":"type-product","3":"status-publish","4":"has-post-thumbnail","6":"product_cat-armbander1640255402","7":"product_cat-natural-stone-bracelets1640255362","8":"product_cat-frauen1640255510","10":"first","11":"instock","12":"purchasable","13":"product-type-variable","14":"has-default-attributes"},"exclude_global_add_ons":[],"addons":[],"gallery_images":[52561,52562,144976,146189],"jetpack_publicize_connections":[],"jetpack_likes_enabled":true,"jetpack_sharing_enabled":true,"_links":{"self":[{"href":"https:\/\/ugoman.net\/de\/wp-json\/wp\/v2\/product\/46463","targetHints":{"allow":["GET"]}}],"collection":[{"href":"https:\/\/ugoman.net\/de\/wp-json\/wp\/v2\/product"}],"about":[{"href":"https:\/\/ugoman.net\/de\/wp-json\/wp\/v2\/types\/product"}],"wp:featuredmedia":[{"embeddable":true,"href":"https:\/\/ugoman.net\/de\/wp-json\/wp\/v2\/media\/52560"}],"wp:attachment":[{"href":"https:\/\/ugoman.net\/de\/wp-json\/wp\/v2\/media?parent=46463"}],"wp:term":[{"taxonomy":"product_brand","embeddable":true,"href":"https:\/\/ugoman.net\/de\/wp-json\/wp\/v2\/product_brand?post=46463"},{"taxonomy":"product_cat","embeddable":true,"href":"https:\/\/ugoman.net\/de\/wp-json\/wp\/v2\/product_cat?post=46463"},{"taxonomy":"product_tag","embeddable":true,"href":"https:\/\/ugoman.net\/de\/wp-json\/wp\/v2\/product_tag?post=46463"}],"curies":[{"name":"wp","href":"https:\/\/api.w.org\/{rel}","templated":true}]}}