{"id":46487,"date":"2017-09-16T21:01:47","date_gmt":"2017-09-16T18:01:47","guid":{"rendered":"https:\/\/ugoman.net\/?product=pstrongspan-stylefont-familycomic-sans-mscursiveheart-starsspanstrongp"},"modified":"2024-04-14T15:56:40","modified_gmt":"2024-04-14T12:56:40","slug":"pstrongspan-stylefont-familycomic-sans-mscursiveheart-starsspanstrongp","status":"publish","type":"product","link":"https:\/\/ugoman.net\/de\/produkt\/pstrongspan-stylefont-familycomic-sans-mscursiveheart-starsspanstrongp\/","title":{"rendered":"Heart &#038; Stars"},"content":{"rendered":"<p style=\"text-align: center;\"><strong><span style=\"color: #000000;\">Wir stellen Ihnen unser wundersch\u00f6nes Armband mit Natursteinen und Edelstahlelementen vor.<\/span><\/strong><\/p>\n<p style=\"text-align: center;\"><span style=\"color: #000000;\">Als besonderen Bonus legen wir jedem Kauf eine sch\u00f6ne Box und eine Geschenkt\u00fcte aus Velours sowie ein Qualit\u00e4tszertifikat bei, was es zu einem perfekten Geschenk f\u00fcr Ihre Lieben oder zu einer besonderen Freude f\u00fcr Sie selbst macht. Verpassen Sie nicht die Gelegenheit, ein wirklich einzigartiges und bedeutungsvolles Accessoire zu besitzen.<\/span><\/p>\n<p style=\"text-align: center;\"><strong><span style=\"color: #000000;\">Bestellen Sie jetzt und lassen Sie sich jeden Tag vom Glauben inspirieren.<\/span><\/strong><\/p>\n<p style=\"text-align: center;\"><strong><span style=\"color: #000000;\">Halbedelsteine \u200b\u200bauf einer doppelten Stahlschnur aufgereiht.<\/span><\/strong><\/p>\n<p style=\"text-align: center;\"><strong><span style=\"color: #000000;\">\u201eHerz &amp; Sterne\u201c<\/span><\/strong><br \/>\n<strong><span style=\"color: #000000;\">Hergestellt aus hochwertigem Edelstahl 316L<\/span><\/strong><br \/>\n<strong><span style=\"color: #000000;\">L\u00e4nge: 160 mm.<\/span><\/strong><br \/>\n<strong><span style=\"color: #000000;\">Quarzwei\u00df -8 mm.<\/span><\/strong><\/p>\n<p style=\"text-align: center;\"><strong><span style=\"color: #000000;\">Elemente aus Edelstahl<\/span><\/strong><br \/>\n<strong><span style=\"color: #000000;\">Hergestellt aus hochwertigem Edelstahl 316L<\/span><\/strong><\/p>\n<p style=\"text-align: center;\"><strong><span style=\"color: #000000;\">Wei\u00dfer Quarz<\/span><\/strong><br \/>\n<strong><span style=\"color: #000000;\">8 mm.<\/span><\/strong><\/p>\n<p><img data-recalc-dims=\"1\" decoding=\"async\" class=\"aligncenter\" style=\"background-color: #ffffff; border: 0px; cursor: default; font-family: sans-serif,arial,verdana,trebuchet ms; line-height: 20.8px; outline: none;\" src=\"https:\/\/i0.wp.com\/ugoman.net\/wp-content\/uploads\/content\/weBxeZ5_3nd.png?w=1100&#038;ssl=1\" alt=\"\" \/><\/p>\n<p style=\"text-align: center;\"><span style=\"color: #000000;\">Quarz lebt, dehnt sich aus, balanciert, energetisiert, konzentriert und \u00fcbertr\u00e4gt Energie.<\/span><br \/>\n<span style=\"color: #000000;\">Er mag die Muskeln, die auch eine Energieform sind und f\u00fcr Heilzwecke, Meditation, Schutz und Schutz \u00e4u\u00dferst n\u00fctzlich sind. Kwas wird Ihre Beziehung zu Ihrer Familie und in Ihren pers\u00f6nlichen Beziehungen harmonisieren und ausgleichen.<\/span><br \/>\n<span style=\"color: #000000;\">Es ist einer der besten Schutzsteine. Es ist n\u00fctzlich, um emotionale Prozesse zu kl\u00e4ren, was letztendlich Ihre Kreativit\u00e4t und Inspiration steigern wird. Es dient der Steigerung der Konzentration.<\/span><br \/>\n<span style=\"color: #000000;\">Quarz ist ein kraftvoller Stein zum pers\u00f6nlichen Schutz und zum Schutz vor negativer Energie.<\/span><\/p>\n<h4 style=\"text-align: center;\"><span style=\"font-family: comic sans ms, cursive;\"><span style=\"font-size: 16px;\"><b>\u00a0<\/b><\/span><\/span><\/h4>\n","protected":false},"excerpt":{"rendered":"<div class=\"woocommerce-product-details__short-description\">\n<p><a href=\"https:\/\/ugoman.net\/de\/%d0%b4%d0%be%d1%81%d1%82%d0%b0%d0%b2%d0%ba%d0%b0\/\"><span style=\"color: #000000;\">Lieferung per\u00a0Deutsche Post\u00a0innerhalb von 2-6 Werktagen<\/span><\/a><br \/>\n<span style=\"color: #000000;\">Lieferpreis\u00a0\u20ac5,00<\/span><\/p>\n<\/div>\n","protected":false},"featured_media":52569,"template":"","meta":{"advanced_seo_description":"","jetpack_seo_html_title":"","jetpack_seo_noindex":false,"jetpack_publicize_message":"","jetpack_publicize_feature_enabled":true,"jetpack_social_post_already_shared":false,"jetpack_social_options":{"image_generator_settings":{"template":"highway","default_image_id":0,"font":"","enabled":false},"version":2},"_wpas_customize_per_network":false},"product_brand":[],"product_cat":[2942,3062,2846],"product_tag":[],"class_list":{"0":"post-46487","1":"product","2":"type-product","3":"status-publish","4":"has-post-thumbnail","6":"product_cat-natural-stone-bracelets1640255362","7":"product_cat-frauen1640255510","8":"product_cat-ugoman-frauen1640255251","10":"first","11":"instock","12":"purchasable","13":"product-type-variable","14":"has-default-attributes"},"exclude_global_add_ons":[],"addons":[],"gallery_images":[52570,52571,144976,146189],"jetpack_publicize_connections":[],"jetpack_likes_enabled":true,"jetpack_sharing_enabled":true,"_links":{"self":[{"href":"https:\/\/ugoman.net\/de\/wp-json\/wp\/v2\/product\/46487","targetHints":{"allow":["GET"]}}],"collection":[{"href":"https:\/\/ugoman.net\/de\/wp-json\/wp\/v2\/product"}],"about":[{"href":"https:\/\/ugoman.net\/de\/wp-json\/wp\/v2\/types\/product"}],"wp:featuredmedia":[{"embeddable":true,"href":"https:\/\/ugoman.net\/de\/wp-json\/wp\/v2\/media\/52569"}],"wp:attachment":[{"href":"https:\/\/ugoman.net\/de\/wp-json\/wp\/v2\/media?parent=46487"}],"wp:term":[{"taxonomy":"product_brand","embeddable":true,"href":"https:\/\/ugoman.net\/de\/wp-json\/wp\/v2\/product_brand?post=46487"},{"taxonomy":"product_cat","embeddable":true,"href":"https:\/\/ugoman.net\/de\/wp-json\/wp\/v2\/product_cat?post=46487"},{"taxonomy":"product_tag","embeddable":true,"href":"https:\/\/ugoman.net\/de\/wp-json\/wp\/v2\/product_tag?post=46487"}],"curies":[{"name":"wp","href":"https:\/\/api.w.org\/{rel}","templated":true}]}}