{"id":47303,"date":"2018-05-23T23:10:50","date_gmt":"2018-05-23T20:10:50","guid":{"rendered":"https:\/\/ugoman.net\/?product=psoul-mate-in-rose-goldp"},"modified":"2024-03-22T13:08:01","modified_gmt":"2024-03-22T11:08:01","slug":"psoul-mate-in-rose-goldp","status":"publish","type":"product","link":"https:\/\/ugoman.net\/de\/produkt\/psoul-mate-in-rose-goldp\/","title":{"rendered":"Soul Mate in Rose Gold"},"content":{"rendered":"<p style=\"text-align: center;\"><span style=\"color: #696969;\"><span style=\"font-size: 16px;\"><span style=\"font-family: georgia,serif;\"><strong>Frauenmedaillon<\/strong><\/span><\/span><\/span><\/p>\n<p style=\"text-align: center;\"><span style=\"color: #696969;\"><span style=\"font-size: 16px;\"><span style=\"font-family: georgia,serif;\"><strong>&#8222;Seelenverwandter in Ros\u00e9gold&#8220;<\/strong><\/span><\/span><\/span><\/p>\n<p style=\"text-align: center;\"><span style=\"color: #696969;\"><span style=\"font-size: 16px;\"><span style=\"font-family: georgia,serif;\"><strong>\u00a0 Material: Edelstahl 316L &amp; Ros\u00e9gold PVD<\/strong><\/span><\/span><\/span><\/p>\n<p style=\"text-align: center;\"><span style=\"color: #696969;\"><span style=\"font-size: 16px;\"><span style=\"font-family: georgia,serif;\"><strong>Artikelnummer: UGO J44731<\/strong><\/span><\/span><\/span><\/p>\n<p style=\"text-align: center;\"><span style=\"color: #696969;\"><span style=\"font-size: 16px;\"><span style=\"font-family: georgia,serif;\"><strong>\u00a0 L\u00e4nge: 400-450 mm.<\/strong><\/span><\/span><\/span><\/p>\n<p style=\"text-align: center;\"><span style=\"color: #696969;\"><span style=\"font-size: 16px;\"><span style=\"font-family: georgia,serif;\"><strong>Fliese: 15 mm.<\/strong><\/span><\/span><\/span><\/p>\n<p style=\"text-align: center;\">\n<p style=\"text-align: center;\"><span style=\"color: #696969;\"><span style=\"font-size: 16px;\"><span style=\"font-family: georgia,serif;\"><strong>Ank\u00fcndigung:<\/strong><\/span><\/span><\/span><\/p>\n<p style=\"text-align: center;\"><span style=\"color: #696969;\"><span style=\"font-size: 16px;\"><span style=\"font-family: georgia,serif;\"><strong>\u00a0 \u00a0Machen Sie mit unseren Angeboten einen unvergesslichen Eindruck.<\/strong><\/span><\/span><\/span><\/p>\n<p style=\"text-align: center;\"><span style=\"color: #696969;\"><span style=\"font-size: 16px;\"><span style=\"font-family: georgia,serif;\"><strong>UGOMAN Edelstahlschmuck ist eine gro\u00dfartige M\u00f6glichkeit, Ihrem Look Stil zu verleihen. Die Technologie zur Herstellung des Schmucks erm\u00f6glicht kompromisslose Pr\u00e4zision bei der Herstellung bis ins kleinste Detail.<\/strong><\/span><\/span><\/span><\/p>\n<p style=\"text-align: center;\"><span style=\"color: #696969;\"><span style=\"font-size: 16px;\"><span style=\"font-family: georgia,serif;\"><strong>Edelstahl zeichnet sich durch au\u00dfergew\u00f6hnliche Korrosions- und Rostbest\u00e4ndigkeit aus, hat geringe Serviceanforderungen und ist aufgrund seines bekannten Glanzes ein ideales Material f\u00fcr unsere Schmuckmarke &#8222;UGOMAN&#8220;.<\/strong><\/span><\/span><\/span><\/p>\n<p style=\"text-align: center;\"><span style=\"color: #696969;\"><span style=\"font-size: 16px;\"><span style=\"font-family: georgia,serif;\"><strong>Die PVD-Beschichtung (Physical Vapour Deposition) wurde urspr\u00fcnglich bei der Herstellung von Produkten f\u00fcr das Milit\u00e4r verwendet, was eine erh\u00f6hte Verschlei\u00dffestigkeit von Metallteilen erfordert. Obwohl die durch das PVD-Verfahren aufgebrachte Beschichtung normalerweise nur wenige Mikrometer betr\u00e4gt, binden ihre Molek\u00fcle so eng an die des Metalls, dass es unmittelbar nach dem Auftragen sehr schwierig (fast unm\u00f6glich) ist, sie von den Metallteilen zu entfernen, auf die sie aufgebracht wird.<\/strong><\/span><\/span><\/span><\/p>\n<p style=\"text-align: center;\"><span style=\"color: #696969;\"><span style=\"font-size: 16px;\"><span style=\"font-family: georgia,serif;\"><strong>\u00a0 \u00a0<\/strong><\/span><\/span><\/span><\/p>\n<p style=\"text-align: center;\"><span style=\"color: #696969;\"><span style=\"font-size: 16px;\"><span style=\"font-family: georgia,serif;\"><strong>\u00a0 \u00a0 \u00a0 Sie erhalten unseren Schmuck in luxuri\u00f6ser Firmenverpackung und ein Echtheitszertifikat<\/strong><\/span><\/span><\/span><\/p>\n<p style=\"text-align: center;\"><span style=\"color: #696969;\"><span style=\"font-size: 16px;\"><span style=\"font-family: georgia,serif;\"><strong>&#8222;UGOMAN&#8220;.<\/strong><\/span><\/span><\/span><\/p>\n<p style=\"text-align: center;\"><span style=\"color: #696969;\"><span style=\"font-size: 16px;\"><span style=\"font-family: georgia,serif;\"><strong>\u00a0 \u00a0 \u00a0 \u00a0 \u00a0 \u00a0 \u00a0 \u00a0 \u00a0 \u00a0 \u00a0 \u00a0 \u00a0 \u00a0 \u00a0 \u00a0 \u00a0 \u00a0 \u00a0 \u00a0 \u00a0 \u00a0 \u00a0 \u00a0 \u00a0 \u00a0 \u00a0 \u00a0 \u00a0 \u00a0 \u00a0 \u00a0 \u00a0 \u00a0 \u00a0 \u00a0<\/strong><\/span><\/span><\/span><\/p>\n<p style=\"text-align: center;\"><span style=\"color: #696969;\"><span style=\"font-size: 16px;\"><span style=\"font-family: georgia,serif;\"><strong>Sie k\u00f6nnen dieses Produkt online unter kaufen<\/strong><\/span><\/span><\/span><\/p>\n<p style=\"text-align: center;\"><span style=\"color: #696969;\"><span style=\"font-size: 16px;\"><span style=\"font-family: georgia,serif;\"><strong><a href=\"http:\/\/www.ugoman.eu\" rel=\"nofollow\">http:\/\/www.ugoman.eu<\/a><\/strong><\/span><\/span><\/span><\/p>\n<p style=\"text-align: center;\">\n<p style=\"text-align: center;\"><span style=\"color: #696969;\"><span style=\"font-size: 16px;\"><span style=\"font-family: georgia,serif;\"><strong>Sie k\u00f6nnen uns zum Kauf kontaktieren oder<\/strong><\/span><\/span><\/span><\/p>\n<p style=\"text-align: center;\"><span style=\"color: #696969;\"><span style=\"font-size: 16px;\"><span style=\"font-family: georgia,serif;\"><strong>Produktinformation von:<\/strong><\/span><\/span><\/span><\/p>\n<p style=\"text-align: center;\"><span style=\"color: #696969;\"><span style=\"font-size: 16px;\"><span style=\"font-family: georgia,serif;\"><strong>ugoman@abv.bg<\/strong><\/span><\/span><\/span><\/p>\n","protected":false},"excerpt":{"rendered":"<div class=\"woocommerce-product-details__short-description\">\n<p><a href=\"https:\/\/ugoman.net\/de\/%d0%b4%d0%be%d1%81%d1%82%d0%b0%d0%b2%d0%ba%d0%b0\/\"><span style=\"color: #000000;\">Lieferung per\u00a0Deutsche Post\u00a0innerhalb von 2-6 Werktagen<\/span><\/a><br \/>\n<span style=\"color: #000000;\">Lieferpreis\u00a0\u20ac5,00<\/span><\/p>\n<\/div>\n","protected":false},"featured_media":52988,"template":"","meta":{"advanced_seo_description":"","jetpack_seo_html_title":"","jetpack_seo_noindex":false,"jetpack_publicize_message":"","jetpack_publicize_feature_enabled":true,"jetpack_social_post_already_shared":false,"jetpack_social_options":{"image_generator_settings":{"template":"highway","default_image_id":0,"font":"","enabled":false},"version":2},"_wpas_customize_per_network":false},"product_brand":[],"product_cat":[2966,3062],"product_tag":[],"class_list":{"0":"post-47303","1":"product","2":"type-product","3":"status-publish","4":"has-post-thumbnail","6":"product_cat-anhanger1640255390","7":"product_cat-frauen1640255510","9":"first","10":"instock","11":"purchasable","12":"product-type-simple"},"exclude_global_add_ons":[],"addons":[],"gallery_images":[52989,52990,52991,52992,52993,52994,144976,146189],"jetpack_publicize_connections":[],"jetpack_likes_enabled":true,"jetpack_sharing_enabled":true,"_links":{"self":[{"href":"https:\/\/ugoman.net\/de\/wp-json\/wp\/v2\/product\/47303","targetHints":{"allow":["GET"]}}],"collection":[{"href":"https:\/\/ugoman.net\/de\/wp-json\/wp\/v2\/product"}],"about":[{"href":"https:\/\/ugoman.net\/de\/wp-json\/wp\/v2\/types\/product"}],"wp:featuredmedia":[{"embeddable":true,"href":"https:\/\/ugoman.net\/de\/wp-json\/wp\/v2\/media\/52988"}],"wp:attachment":[{"href":"https:\/\/ugoman.net\/de\/wp-json\/wp\/v2\/media?parent=47303"}],"wp:term":[{"taxonomy":"product_brand","embeddable":true,"href":"https:\/\/ugoman.net\/de\/wp-json\/wp\/v2\/product_brand?post=47303"},{"taxonomy":"product_cat","embeddable":true,"href":"https:\/\/ugoman.net\/de\/wp-json\/wp\/v2\/product_cat?post=47303"},{"taxonomy":"product_tag","embeddable":true,"href":"https:\/\/ugoman.net\/de\/wp-json\/wp\/v2\/product_tag?post=47303"}],"curies":[{"name":"wp","href":"https:\/\/api.w.org\/{rel}","templated":true}]}}