{"id":47807,"date":"2018-09-26T18:25:58","date_gmt":"2018-09-26T15:25:58","guid":{"rendered":"https:\/\/ugoman.net\/?product=pold-skullsp"},"modified":"2024-03-22T13:07:57","modified_gmt":"2024-03-22T11:07:57","slug":"pold-skullsp","status":"publish","type":"product","link":"https:\/\/ugoman.net\/de\/produkt\/pold-skullsp\/","title":{"rendered":"Old Skulls"},"content":{"rendered":"<h4 style=\"text-align: center;\">M\u00c4NNLICHES ARMBAND<\/h4>\n<h4 style=\"text-align: center;\"><strong>Alte Sch\u00e4del<\/strong><br \/>\n<strong>Artikelnummer: Z08270<\/strong><br \/>\n<strong>Material: Edelstahl 316L<\/strong><br \/>\n<strong>L\u00e4nge: 20 cm.<\/strong><br \/>\n<strong>Breite: 1,2 cm.<\/strong><\/h4>\n<h4 style=\"text-align: center;\">Machen Sie mit unseren Angeboten einen unvergesslichen Eindruck.<br \/>\nUGOMAN-Edelstahlschmuck ist eine gro\u00dfartige M\u00f6glichkeit, Ihrem Look Stil zu verleihen. Die Technologie zur Herstellung von Schmuck erm\u00f6glicht kompromisslose Pr\u00e4zision bei der Herstellung bis ins letzte Detail.<br \/>\nEdelstahl zeichnet sich durch au\u00dfergew\u00f6hnliche Best\u00e4ndigkeit gegen Korrosion und Rost aus, hat geringe Serviceanforderungen und sein bekannter Glanz machen ihn zu einem idealen Material f\u00fcr unsere Schmuckmarke \u201eUGOMAN\u201c.<br \/>\nSie erhalten unseren Schmuck in einer luxuri\u00f6sen Firmenverpackung und einem Echtheitszertifikat<br \/>\n&#8222;UGOMAN&#8220;.<\/h4>\n","protected":false},"excerpt":{"rendered":"<div class=\"woocommerce-product-details__short-description\">\n<p><a href=\"https:\/\/ugoman.net\/de\/%d0%b4%d0%be%d1%81%d1%82%d0%b0%d0%b2%d0%ba%d0%b0\/\"><span style=\"color: #000000;\">Lieferung per\u00a0Deutsche Post\u00a0innerhalb von 2-6 Werktagen<\/span><\/a><br \/>\n<span style=\"color: #000000;\">Lieferpreis\u00a0\u20ac5,00<\/span><\/p>\n<\/div>\n","protected":false},"featured_media":53238,"template":"","meta":{"advanced_seo_description":"","jetpack_seo_html_title":"","jetpack_seo_noindex":false,"jetpack_post_was_ever_published":false,"jetpack_publicize_message":"","jetpack_publicize_feature_enabled":true,"jetpack_social_post_already_shared":false,"jetpack_social_options":{"image_generator_settings":{"template":"highway","default_image_id":0,"font":"","enabled":false},"version":2},"_wpas_customize_per_network":false},"product_brand":[],"product_cat":[3006,3046],"product_tag":[],"class_list":{"0":"post-47807","1":"product","2":"type-product","3":"status-publish","4":"has-post-thumbnail","6":"product_cat-armbander","7":"product_cat-manner1640255491","9":"first","10":"instock","11":"purchasable","12":"product-type-simple"},"exclude_global_add_ons":[],"addons":[],"gallery_images":[53239,53240,53241],"jetpack_publicize_connections":[],"jetpack_likes_enabled":true,"jetpack_sharing_enabled":true,"_links":{"self":[{"href":"https:\/\/ugoman.net\/de\/wp-json\/wp\/v2\/product\/47807","targetHints":{"allow":["GET"]}}],"collection":[{"href":"https:\/\/ugoman.net\/de\/wp-json\/wp\/v2\/product"}],"about":[{"href":"https:\/\/ugoman.net\/de\/wp-json\/wp\/v2\/types\/product"}],"wp:featuredmedia":[{"embeddable":true,"href":"https:\/\/ugoman.net\/de\/wp-json\/wp\/v2\/media\/53238"}],"wp:attachment":[{"href":"https:\/\/ugoman.net\/de\/wp-json\/wp\/v2\/media?parent=47807"}],"wp:term":[{"taxonomy":"product_brand","embeddable":true,"href":"https:\/\/ugoman.net\/de\/wp-json\/wp\/v2\/product_brand?post=47807"},{"taxonomy":"product_cat","embeddable":true,"href":"https:\/\/ugoman.net\/de\/wp-json\/wp\/v2\/product_cat?post=47807"},{"taxonomy":"product_tag","embeddable":true,"href":"https:\/\/ugoman.net\/de\/wp-json\/wp\/v2\/product_tag?post=47807"}],"curies":[{"name":"wp","href":"https:\/\/api.w.org\/{rel}","templated":true}]}}