{"id":47951,"date":"2018-10-23T19:12:32","date_gmt":"2018-10-23T16:12:32","guid":{"rendered":"https:\/\/ugoman.net\/?product=pblack-yellow-prayerp"},"modified":"2024-03-27T17:25:41","modified_gmt":"2024-03-27T15:25:41","slug":"pblack-yellow-prayerp","status":"publish","type":"product","link":"https:\/\/ugoman.net\/de\/produkt\/pblack-yellow-prayerp\/","title":{"rendered":"Black &#038; Yellow Prayer"},"content":{"rendered":"<p style=\"text-align: center;\"><strong><span style=\"color: #000000;\">Wir stellen Ihnen unsere wundersch\u00f6ne Halskette vor \u2013 Edelstahlkreuz und nat\u00fcrliche Halbedelsteine \u200b\u200b\u2013 oxidierter Kristall \u201eBlack &amp; Yellow Prayer\u201c<\/span><\/strong><\/p>\n<p style=\"text-align: center;\"><span style=\"color: #000000;\">das perfekte Accessoire f\u00fcr alle, die ihren Glauben nah am Herzen tragen m\u00f6chten. Diese Halskette verf\u00fcgt \u00fcber ein wundersch\u00f6nes Kreuz und nat\u00fcrliche oxidierte Kristallsteine, meisterhaft gefertigt aus hochwertigem, \u00e4u\u00dferst haltbarem Edelstahl und doppelter Stahlschnur!<\/span><\/p>\n<p style=\"text-align: center;\"><strong><span style=\"color: #000000;\">Als besonderen Bonus legen wir jedem Kauf eine sch\u00f6ne Box und eine Geschenkt\u00fcte aus Velours sowie ein Qualit\u00e4tszertifikat bei, was es zu einem perfekten Geschenk f\u00fcr Ihre Lieben oder zu einer besonderen Freude f\u00fcr Sie selbst macht. Verpassen Sie nicht die Gelegenheit, ein wirklich einzigartiges und bedeutungsvolles Accessoire zu besitzen.<\/span><\/strong><br \/>\n<strong><span style=\"color: #000000;\">Kreuz-60 mm. L\u00e4nge: 720 mm.<\/span><\/strong><\/p>\n<p style=\"text-align: center;\"><strong><span style=\"color: #000000;\">Oxidierter Kristall<\/span><\/strong><br \/>\n<strong><span style=\"color: #000000;\">6\/10 mm.<\/span><\/strong><\/p>\n<p style=\"text-align: center;\"><img data-recalc-dims=\"1\" decoding=\"async\" style=\"border: 0px; cursor: default; outline: none;\" src=\"https:\/\/i0.wp.com\/ugoman.net\/wp-content\/uploads\/content\/s2m0pEQ_86nd.png?w=1100&#038;ssl=1\" alt=\"\" \/><br \/>\n<span style=\"color: #000000;\">Bei UGOMAN haben wir Freude daran, Schmuck zu kreieren, der nicht nur sch\u00f6n aussieht, sondern auch eine tiefe Bedeutung und Bedeutung hat. Unsere Christus-Halskette ist ein Beweis f\u00fcr unser Engagement f\u00fcr hochwertige Handwerkskunst und Design. Tragen Sie es als Symbol Ihres Glaubens und als Erinnerung an die Liebe und das Opfer Christi.<\/span><\/p>\n<p style=\"text-align: center;\"><span style=\"color: #000000;\">Bestellen Sie jetzt und lassen Sie sich jeden Tag vom Glauben inspirieren.<\/span><\/p>\n<p style=\"text-align: center;\">\n<p style=\"text-align: center;\">\n","protected":false},"excerpt":{"rendered":"<div class=\"woocommerce-product-details__short-description\">\n<p><a href=\"https:\/\/ugoman.net\/de\/%d0%b4%d0%be%d1%81%d1%82%d0%b0%d0%b2%d0%ba%d0%b0\/\"><span style=\"color: #000000;\">Lieferung per\u00a0Deutsche Post\u00a0innerhalb von 2-6 Werktagen<\/span><\/a><br \/>\n<span style=\"color: #000000;\">Lieferpreis\u00a0\u20ac5,00<\/span><\/p>\n<\/div>\n","protected":false},"featured_media":53315,"template":"","meta":{"advanced_seo_description":"","jetpack_seo_html_title":"","jetpack_seo_noindex":false,"jetpack_publicize_message":"","jetpack_publicize_feature_enabled":true,"jetpack_social_post_already_shared":false,"jetpack_social_options":{"image_generator_settings":{"template":"highway","default_image_id":0,"font":"","enabled":false},"version":2},"_wpas_customize_per_network":false},"product_brand":[],"product_cat":[2950,3046],"product_tag":[],"class_list":{"0":"post-47951","1":"product","2":"type-product","3":"status-publish","4":"has-post-thumbnail","6":"product_cat-natural-stone-necklaces1640255371","7":"product_cat-manner1640255491","9":"first","10":"instock","11":"sale","12":"purchasable","13":"product-type-simple"},"exclude_global_add_ons":[],"addons":[],"gallery_images":[53316,53317,53318,53319,53320,53321,119078,144976],"jetpack_publicize_connections":[],"jetpack_likes_enabled":true,"jetpack_sharing_enabled":true,"_links":{"self":[{"href":"https:\/\/ugoman.net\/de\/wp-json\/wp\/v2\/product\/47951","targetHints":{"allow":["GET"]}}],"collection":[{"href":"https:\/\/ugoman.net\/de\/wp-json\/wp\/v2\/product"}],"about":[{"href":"https:\/\/ugoman.net\/de\/wp-json\/wp\/v2\/types\/product"}],"wp:featuredmedia":[{"embeddable":true,"href":"https:\/\/ugoman.net\/de\/wp-json\/wp\/v2\/media\/53315"}],"wp:attachment":[{"href":"https:\/\/ugoman.net\/de\/wp-json\/wp\/v2\/media?parent=47951"}],"wp:term":[{"taxonomy":"product_brand","embeddable":true,"href":"https:\/\/ugoman.net\/de\/wp-json\/wp\/v2\/product_brand?post=47951"},{"taxonomy":"product_cat","embeddable":true,"href":"https:\/\/ugoman.net\/de\/wp-json\/wp\/v2\/product_cat?post=47951"},{"taxonomy":"product_tag","embeddable":true,"href":"https:\/\/ugoman.net\/de\/wp-json\/wp\/v2\/product_tag?post=47951"}],"curies":[{"name":"wp","href":"https:\/\/api.w.org\/{rel}","templated":true}]}}