{"id":48308,"date":"2019-04-06T02:26:21","date_gmt":"2019-04-05T23:26:21","guid":{"rendered":"https:\/\/ugoman.net\/?product=pdouble-crossesp"},"modified":"2024-03-27T11:00:43","modified_gmt":"2024-03-27T09:00:43","slug":"pdouble-crossesp","status":"publish","type":"product","link":"https:\/\/ugoman.net\/de\/produkt\/pdouble-crossesp\/","title":{"rendered":"Double Crosses"},"content":{"rendered":"<p style=\"text-align: center;\"><strong><span style=\"color: #000000;\">Wir stellen Ihnen unsere wundersch\u00f6nen Armb\u00e4nder mit einem Edelstahlelement und Natursteinen vor \u2013 Onyx und Bronzit \u2013 das perfekte Accessoire f\u00fcr diejenigen, die ihren Glauben nah am Herzen tragen m\u00f6chten.<\/span><\/strong><\/p>\n<p style=\"text-align: center;\"><strong><span style=\"color: #000000;\">Als besonderen Bonus legen wir jedem Kauf eine sch\u00f6ne Box und eine Geschenkt\u00fcte aus Velours sowie ein Qualit\u00e4tszertifikat bei, was es zu einem perfekten Geschenk f\u00fcr Ihre Lieben oder zu einer besonderen Freude f\u00fcr Sie selbst macht. Verpassen Sie nicht die Gelegenheit, ein wirklich einzigartiges und bedeutungsvolles Accessoire zu besitzen.<\/span><\/strong><\/p>\n<p style=\"text-align: center;\"><span style=\"color: #000000;\">Bestellen Sie jetzt und lassen Sie sich jeden Tag vom Glauben inspirieren.<\/span><\/p>\n<p style=\"text-align: center;\"><span style=\"color: #000000;\">Halbedelsteine \u200b\u200bauf einer doppelten Stahlschnur aufgereiht.<\/span><\/p>\n<p style=\"text-align: center;\"><strong><span style=\"color: #000000;\">Elemente aus Edelstahl.<\/span><\/strong><\/p>\n<p style=\"text-align: center;\"><strong><span style=\"color: #000000;\">Onyx matt-8 mm.<\/span><\/strong><br \/>\n<strong><span style=\"color: #000000;\">Bronzit-8 mm.<\/span><\/strong><\/p>\n<p style=\"text-align: center;\"><span style=\"color: #000000;\"><b>\u00a0<\/b><\/span><\/p>\n<p style=\"text-align: center;\"><strong><span style=\"color: #000000;\">Bronzit<\/span><\/strong><\/p>\n<p style=\"text-align: center;\"><strong><span style=\"color: #000000;\">8mm<\/span><\/strong><\/p>\n<p><img data-recalc-dims=\"1\" decoding=\"async\" class=\"aligncenter\" style=\"border: 0px; margin-bottom: 0px; margin-top: 0px; outline: none; vertical-align: baseline;\" src=\"https:\/\/i0.wp.com\/ugoman.net\/wp-content\/uploads\/content\/s2m0pEQ_86nd.png?w=1100&#038;ssl=1\" alt=\"\" \/><\/p>\n<p style=\"text-align: center;\"><span style=\"color: #000000;\">Bronzit ist sehr n\u00fctzlich, um Zigeuner in Ihren Entscheidungen zu finden und die Kontrolle \u00fcber Ihre Handlungen zu \u00fcbernehmen.<\/span><\/p>\n<p style=\"text-align: center;\"><span style=\"color: #000000;\">Es verf\u00fcgt \u00fcber sch\u00fctzende Eigenschaften und sch\u00fctzt Sie vor b\u00f6sen Absichten und Zauberspr\u00fcchen. Es verf\u00fcgt \u00fcber die einzigartige F\u00e4higkeit, diejenigen, die Sie angreifen m\u00f6chten, demjenigen zu \u00fcberlassen, der es platziert hat.<\/span><\/p>\n<p style=\"text-align: center;\"><span style=\"color: #000000;\">Bonsite absorbiert Erdungsenergie und erh\u00f6ht die M\u00e4nnlichkeit des Tr\u00e4gers. Das B-Ponsite-Juwel ist besonders n\u00fctzlich bei schwierigen Zitaten, wenn Sie das Gef\u00fchl haben, dass ein Z\u00e4hler fehlt oder Ihnen ein Cent in einem Zitat fehlt. Dieser Stein wird Gl\u00fcck und Harmonie in Ihr Leben bringen.<\/span><\/p>\n<p style=\"text-align: center;\"><strong><span style=\"color: #000000;\">Onyx<\/span><\/strong><br \/>\n<strong><span style=\"color: #000000;\">8 mm.<\/span><\/strong><\/p>\n<p style=\"text-align: center;\"><img data-recalc-dims=\"1\" decoding=\"async\" class=\"aligncenter\" style=\"background-color: #ffffff; border: 0px; font-family: sans-serif,arial,verdana,trebuchet ms; line-height: 20.8px; outline: none;\" src=\"https:\/\/i0.wp.com\/ugoman.net\/wp-content\/uploads\/content\/FOzAxDW_6nd.png?w=1100&#038;ssl=1\" alt=\"\" \/><span style=\"color: #000000;\">Onyx\u00a0hilft, negatives Denken und Stress zu beseitigen und ist gut f\u00fcr Meditation und positive Tr\u00e4ume. Es inspiriert zum Denken und zur Spiritualit\u00e4t und hilft, Emotionen und Leidenschaften unter Kontrolle zu halten.<\/span><\/p>\n<h4 style=\"text-align: center;\"><b>\u00a0<\/b><\/h4>\n","protected":false},"excerpt":{"rendered":"<div class=\"woocommerce-product-details__short-description\">\n<p><a href=\"https:\/\/ugoman.net\/de\/%d0%b4%d0%be%d1%81%d1%82%d0%b0%d0%b2%d0%ba%d0%b0\/\"><span style=\"color: #000000;\">Lieferung per\u00a0Deutsche Post\u00a0innerhalb von 2-6 Werktagen<\/span><\/a><br \/>\n<span style=\"color: #000000;\">Lieferpreis\u00a0\u20ac5,00<\/span><\/p>\n<\/div>\n","protected":false},"featured_media":48299,"template":"","meta":{"advanced_seo_description":"","jetpack_seo_html_title":"","jetpack_seo_noindex":false,"jetpack_publicize_message":"","jetpack_publicize_feature_enabled":true,"jetpack_social_post_already_shared":false,"jetpack_social_options":{"image_generator_settings":{"template":"highway","default_image_id":0,"font":"","enabled":false},"version":2},"_wpas_customize_per_network":false},"product_brand":[],"product_cat":[2958,3038,3046],"product_tag":[],"class_list":{"0":"post-48308","1":"product","2":"type-product","3":"status-publish","4":"has-post-thumbnail","6":"product_cat-natural-stone-bracelets16402553791640255380","7":"product_cat-free-men1640255481","8":"product_cat-manner1640255491","10":"first","11":"instock","12":"purchasable","13":"product-type-variable","14":"has-default-attributes"},"exclude_global_add_ons":[],"addons":[],"gallery_images":[48300,48301,48302,48303,48304,119078,144984,144976],"jetpack_publicize_connections":[],"jetpack_likes_enabled":true,"jetpack_sharing_enabled":true,"_links":{"self":[{"href":"https:\/\/ugoman.net\/de\/wp-json\/wp\/v2\/product\/48308","targetHints":{"allow":["GET"]}}],"collection":[{"href":"https:\/\/ugoman.net\/de\/wp-json\/wp\/v2\/product"}],"about":[{"href":"https:\/\/ugoman.net\/de\/wp-json\/wp\/v2\/types\/product"}],"wp:featuredmedia":[{"embeddable":true,"href":"https:\/\/ugoman.net\/de\/wp-json\/wp\/v2\/media\/48299"}],"wp:attachment":[{"href":"https:\/\/ugoman.net\/de\/wp-json\/wp\/v2\/media?parent=48308"}],"wp:term":[{"taxonomy":"product_brand","embeddable":true,"href":"https:\/\/ugoman.net\/de\/wp-json\/wp\/v2\/product_brand?post=48308"},{"taxonomy":"product_cat","embeddable":true,"href":"https:\/\/ugoman.net\/de\/wp-json\/wp\/v2\/product_cat?post=48308"},{"taxonomy":"product_tag","embeddable":true,"href":"https:\/\/ugoman.net\/de\/wp-json\/wp\/v2\/product_tag?post=48308"}],"curies":[{"name":"wp","href":"https:\/\/api.w.org\/{rel}","templated":true}]}}