{"id":48357,"date":"2019-04-23T22:45:38","date_gmt":"2019-04-23T19:45:38","guid":{"rendered":"https:\/\/ugoman.net\/?product=pchrome-ballp"},"modified":"2024-03-27T10:46:33","modified_gmt":"2024-03-27T08:46:33","slug":"chrome-ball","status":"publish","type":"product","link":"https:\/\/ugoman.net\/de\/produkt\/chrome-ball\/","title":{"rendered":"Chrome Ball"},"content":{"rendered":"<p style=\"text-align: center;\"><strong><span style=\"color: #000000;\">Wir stellen Ihnen unsere wundersch\u00f6nen Armb\u00e4nder mit einem Edelstahlelement und Natursteinen vor \u2013 Onyx und H\u00e4matit \u2013 das perfekte Accessoire f\u00fcr diejenigen, die ihren Glauben nah am Herzen tragen m\u00f6chten.<\/span><\/strong><\/p>\n<p style=\"text-align: center;\"><span style=\"color: #000000;\">Als besonderen Bonus legen wir jedem Kauf eine sch\u00f6ne Box und eine Geschenkt\u00fcte aus Velours sowie ein Qualit\u00e4tszertifikat bei, was es zu einem perfekten Geschenk f\u00fcr Ihre Lieben oder zu einer besonderen Freude f\u00fcr Sie selbst macht. Verpassen Sie nicht die Gelegenheit, ein wirklich einzigartiges und bedeutungsvolles Accessoire zu besitzen.<\/span><\/p>\n<p style=\"text-align: center;\"><strong><span style=\"color: #000000;\">Bestellen Sie jetzt und lassen Sie sich jeden Tag vom Glauben inspirieren.<\/span><\/strong><\/p>\n<p style=\"text-align: center;\"><strong><span style=\"color: #000000;\">Herrenarmb\u00e4nder<\/span><\/strong><\/p>\n<p style=\"text-align: center;\"><strong><span style=\"color: #000000;\">Halbedelsteine \u200b\u200bauf einer doppelten Stahlschnur aufgereiht.<\/span><\/strong><\/p>\n<p style=\"text-align: center;\"><strong><span style=\"color: #000000;\">*Handgefertigt<\/span><\/strong><\/p>\n<p style=\"text-align: center;\"><strong><span style=\"color: #000000;\">Onyx matt-8 mm.<\/span><\/strong><br \/>\n<strong><span style=\"color: #000000;\">H\u00e4matit-8 mm.<\/span><\/strong><\/p>\n<p style=\"text-align: center;\"><strong><span style=\"color: #000000;\">Onyx<\/span><\/strong><br \/>\n<strong><span style=\"color: #000000;\">8 mm.<\/span><\/strong><\/p>\n<p style=\"text-align: center;\"><img data-recalc-dims=\"1\" decoding=\"async\" style=\"border: 0px; margin-bottom: 0px; margin-top: 0px; outline: none; vertical-align: baseline;\" src=\"https:\/\/i0.wp.com\/ugoman.net\/wp-content\/uploads\/content\/s2m0pEQ_86nd.png?w=1100&#038;ssl=1\" alt=\"\" \/><br \/>\n<span style=\"color: #000000;\">Onyx hilft, negatives Denken und Stress zu beseitigen und ist gut f\u00fcr Meditation und positive Tr\u00e4ume. Es inspiriert zum Denken und zur Spiritualit\u00e4t und hilft, Emotionen und Leidenschaften zu kontrollieren.<\/span><\/p>\n<p style=\"text-align: center;\"><strong><span style=\"color: #000000;\">Hematit<\/span><\/strong><\/p>\n<p style=\"text-align: center;\"><strong><span style=\"color: #000000;\">8 mm.<\/span><\/strong><\/p>\n<p style=\"text-align: center;\"><img data-recalc-dims=\"1\" decoding=\"async\" class=\"aligncenter\" style=\"border: 0px; cursor: default; outline: none;\" src=\"https:\/\/i0.wp.com\/ugoman.net\/wp-content\/uploads\/content\/ynvMgjo_58nd.png?w=1100&#038;ssl=1\" alt=\"\" \/><span style=\"color: #000000;\">Dieser Stein hilft bei Optimismus, Willen und Mut, l\u00f6st Negativit\u00e4t auf und sch\u00fctzt die Seele. Es ist ein beruhigender Stein, bietet aber auch Unterst\u00fctzung bei Ihren Hoffnungen, Tr\u00e4umen und W\u00fcnschen.<\/span><\/p>\n<h4 style=\"text-align: center;\"><b>\u00a0<\/b><\/h4>\n","protected":false},"excerpt":{"rendered":"<div class=\"woocommerce-product-details__short-description\">\n<p><a href=\"https:\/\/ugoman.net\/de\/%d0%b4%d0%be%d1%81%d1%82%d0%b0%d0%b2%d0%ba%d0%b0\/\"><span style=\"color: #000000;\">Lieferung per\u00a0Deutsche Post\u00a0innerhalb von 2-6 Werktagen<\/span><\/a><br \/>\n<span style=\"color: #000000;\">Lieferpreis\u00a0\u20ac5,00<\/span><\/p>\n<\/div>\n","protected":false},"featured_media":59667,"template":"","meta":{"advanced_seo_description":"","jetpack_seo_html_title":"","jetpack_seo_noindex":false,"jetpack_publicize_message":"","jetpack_publicize_feature_enabled":true,"jetpack_social_post_already_shared":false,"jetpack_social_options":{"image_generator_settings":{"template":"highway","default_image_id":0,"font":"","enabled":false},"version":2},"_wpas_customize_per_network":false},"product_brand":[],"product_cat":[3006,2958,3038,3046],"product_tag":[],"class_list":{"0":"post-48357","1":"product","2":"type-product","3":"status-publish","4":"has-post-thumbnail","6":"product_cat-armbander","7":"product_cat-natural-stone-bracelets16402553791640255380","8":"product_cat-free-men1640255481","9":"product_cat-manner1640255491","11":"first","12":"instock","13":"purchasable","14":"product-type-variable","15":"has-default-attributes"},"exclude_global_add_ons":[],"addons":[],"gallery_images":[48350,48351,48352,48353,119078,140295,144976],"jetpack_publicize_connections":[],"jetpack_likes_enabled":true,"jetpack_sharing_enabled":true,"_links":{"self":[{"href":"https:\/\/ugoman.net\/de\/wp-json\/wp\/v2\/product\/48357","targetHints":{"allow":["GET"]}}],"collection":[{"href":"https:\/\/ugoman.net\/de\/wp-json\/wp\/v2\/product"}],"about":[{"href":"https:\/\/ugoman.net\/de\/wp-json\/wp\/v2\/types\/product"}],"wp:featuredmedia":[{"embeddable":true,"href":"https:\/\/ugoman.net\/de\/wp-json\/wp\/v2\/media\/59667"}],"wp:attachment":[{"href":"https:\/\/ugoman.net\/de\/wp-json\/wp\/v2\/media?parent=48357"}],"wp:term":[{"taxonomy":"product_brand","embeddable":true,"href":"https:\/\/ugoman.net\/de\/wp-json\/wp\/v2\/product_brand?post=48357"},{"taxonomy":"product_cat","embeddable":true,"href":"https:\/\/ugoman.net\/de\/wp-json\/wp\/v2\/product_cat?post=48357"},{"taxonomy":"product_tag","embeddable":true,"href":"https:\/\/ugoman.net\/de\/wp-json\/wp\/v2\/product_tag?post=48357"}],"curies":[{"name":"wp","href":"https:\/\/api.w.org\/{rel}","templated":true}]}}