{"id":48381,"date":"2019-04-23T22:49:42","date_gmt":"2019-04-23T19:49:42","guid":{"rendered":"https:\/\/ugoman.net\/?product=pchrome-rosep"},"modified":"2024-03-27T09:58:25","modified_gmt":"2024-03-27T07:58:25","slug":"pchrome-rosep","status":"publish","type":"product","link":"https:\/\/ugoman.net\/de\/produkt\/pchrome-rosep\/","title":{"rendered":"Chrome Rose"},"content":{"rendered":"<p style=\"text-align: center;\"><strong><span style=\"color: #000000;\">Wir stellen Ihnen unsere wundersch\u00f6ne Halskette vor \u2013 Bullet Rose Rosenkranz aus Edelstahl und nat\u00fcrlichen Halbedelsteinen \u2013 H\u00e4matit und Bronzit \u201eChrome Rose Rosenkranz\u201c<\/span><\/strong><\/p>\n<p style=\"text-align: center;\"><span style=\"color: #000000;\">das perfekte Accessoire f\u00fcr alle, die ihren Glauben nah am Herzen tragen m\u00f6chten. Diese Halskette verf\u00fcgt \u00fcber eine wundersch\u00f6ne Rose Bullet und nat\u00fcrliche H\u00e4matit- und Bronzit-Steine, meisterhaft gefertigt aus hochwertigem, extrem haltbarem Edelstahl und einer doppelten Stahlschnur!<\/span><\/p>\n<p style=\"text-align: center;\"><strong><span style=\"color: #000000;\">Als besonderen Bonus legen wir jedem Kauf eine sch\u00f6ne Box und eine Geschenkt\u00fcte aus Velours sowie ein Qualit\u00e4tszertifikat bei, was es zu einem perfekten Geschenk f\u00fcr Ihre Lieben oder zu einer besonderen Freude f\u00fcr Sie selbst macht. Verpassen Sie nicht die Gelegenheit, ein wirklich einzigartiges und bedeutungsvolles Accessoire zu besitzen.<\/span><\/strong><\/p>\n<p style=\"text-align: center;\"><strong><span style=\"color: #000000;\">Kugel-65 mm. L\u00e4nge: 680 mm.<\/span><\/strong><\/p>\n<p style=\"text-align: center;\"><strong><span style=\"color: #000000;\">Hematit<\/span><\/strong><br \/>\n<strong><span style=\"color: #000000;\">8 mm.<\/span><\/strong><\/p>\n<p><img data-recalc-dims=\"1\" decoding=\"async\" class=\"aligncenter\" src=\"https:\/\/i0.wp.com\/ugoman.net\/wp-content\/uploads\/content\/ynvMgjo_58nd.png?w=1100&#038;ssl=1\" alt=\"\" \/><\/p>\n<p style=\"text-align: center;\"><span style=\"color: #000000;\">Dieser Stein hilft bei Optimismus, Willen und Mut, l\u00f6st Negativit\u00e4t auf und sch\u00fctzt die Seele. Es ist ein beruhigender Stein, bietet aber auch Unterst\u00fctzung bei Ihren Hoffnungen, Tr\u00e4umen und W\u00fcnschen.<\/span><\/p>\n<p style=\"text-align: center;\"><strong><span style=\"color: #000000;\">Bronzit<\/span><\/strong><\/p>\n<p style=\"text-align: center;\"><strong><span style=\"color: #000000;\">8mm<\/span><\/strong><strong><span style=\"color: #000000;\">.<\/span><\/strong><\/p>\n<p><img data-recalc-dims=\"1\" decoding=\"async\" class=\"aligncenter\" src=\"https:\/\/i0.wp.com\/ugoman.net\/wp-content\/uploads\/content\/FOzAxDW_6nd.png?w=1100&#038;ssl=1\" alt=\"\" \/><\/p>\n<p style=\"text-align: center;\"><span style=\"color: #000000;\">Bronzit ist sehr n\u00fctzlich, um Zigeuner in Ihren Entscheidungen zu finden und die Kontrolle \u00fcber Ihre Handlungen zu \u00fcbernehmen.<\/span><\/p>\n<p style=\"text-align: center;\"><span style=\"color: #000000;\">Es verf\u00fcgt \u00fcber sch\u00fctzende Eigenschaften und sch\u00fctzt Sie vor b\u00f6sen Absichten und Zauberspr\u00fcchen. Es verf\u00fcgt \u00fcber die einzigartige F\u00e4higkeit, diejenigen, die Sie angreifen m\u00f6chten, demjenigen zu \u00fcberlassen, der es platziert hat.<\/span><\/p>\n<p style=\"text-align: center;\"><span style=\"color: #000000;\">Bonsite absorbiert Erdungsenergie und erh\u00f6ht die M\u00e4nnlichkeit des Tr\u00e4gers. Bpontit-Schmuck ist besonders n\u00fctzlich bei schwierigen Zitaten, wenn Sie das Gef\u00fchl haben, dass ein Z\u00e4hler fehlt oder Sie den Mittelpunkt in einem bestimmten Zitat verlieren. Dieser Stein wird Gl\u00fcck und Harmonie in Ihr Leben bringen.<\/span><\/p>\n<p style=\"text-align: center;\"><span style=\"color: #000000;\">Bei UGOMAN haben wir Freude daran, Schmuck zu kreieren, der nicht nur sch\u00f6n aussieht, sondern auch eine tiefe Bedeutung und Bedeutung hat.<\/span><\/p>\n<p style=\"text-align: center;\"><span style=\"color: #000000;\">\u00a0<\/span><\/p>\n","protected":false},"excerpt":{"rendered":"<div class=\"woocommerce-product-details__short-description\">\n<p><a href=\"https:\/\/ugoman.net\/de\/%d0%b4%d0%be%d1%81%d1%82%d0%b0%d0%b2%d0%ba%d0%b0\/\"><span style=\"color: #000000;\">Lieferung per\u00a0Deutsche Post\u00a0innerhalb von 2-6 Werktagen<\/span><\/a><br \/>\n<span style=\"color: #000000;\">Lieferpreis\u00a0\u20ac5,00<\/span><\/p>\n<\/div>\n","protected":false},"featured_media":48375,"template":"","meta":{"advanced_seo_description":"","jetpack_seo_html_title":"","jetpack_seo_noindex":false,"jetpack_publicize_message":"","jetpack_publicize_feature_enabled":true,"jetpack_social_post_already_shared":false,"jetpack_social_options":{"image_generator_settings":{"template":"highway","default_image_id":0,"font":"","enabled":false},"version":2},"_wpas_customize_per_network":false},"product_brand":[],"product_cat":[2950,3046],"product_tag":[],"class_list":{"0":"post-48381","1":"product","2":"type-product","3":"status-publish","4":"has-post-thumbnail","6":"product_cat-natural-stone-necklaces1640255371","7":"product_cat-manner1640255491","9":"first","10":"instock","11":"purchasable","12":"product-type-simple"},"exclude_global_add_ons":[],"addons":[],"gallery_images":[48376,48377,119078,144976],"jetpack_publicize_connections":[],"jetpack_likes_enabled":true,"jetpack_sharing_enabled":true,"_links":{"self":[{"href":"https:\/\/ugoman.net\/de\/wp-json\/wp\/v2\/product\/48381","targetHints":{"allow":["GET"]}}],"collection":[{"href":"https:\/\/ugoman.net\/de\/wp-json\/wp\/v2\/product"}],"about":[{"href":"https:\/\/ugoman.net\/de\/wp-json\/wp\/v2\/types\/product"}],"wp:featuredmedia":[{"embeddable":true,"href":"https:\/\/ugoman.net\/de\/wp-json\/wp\/v2\/media\/48375"}],"wp:attachment":[{"href":"https:\/\/ugoman.net\/de\/wp-json\/wp\/v2\/media?parent=48381"}],"wp:term":[{"taxonomy":"product_brand","embeddable":true,"href":"https:\/\/ugoman.net\/de\/wp-json\/wp\/v2\/product_brand?post=48381"},{"taxonomy":"product_cat","embeddable":true,"href":"https:\/\/ugoman.net\/de\/wp-json\/wp\/v2\/product_cat?post=48381"},{"taxonomy":"product_tag","embeddable":true,"href":"https:\/\/ugoman.net\/de\/wp-json\/wp\/v2\/product_tag?post=48381"}],"curies":[{"name":"wp","href":"https:\/\/api.w.org\/{rel}","templated":true}]}}