{"id":48812,"date":"2020-08-25T16:08:06","date_gmt":"2020-08-25T13:08:06","guid":{"rendered":"https:\/\/ugoman.net\/?product=pthe-eye-of-the-tigerp"},"modified":"2024-03-25T00:08:53","modified_gmt":"2024-03-24T22:08:53","slug":"pthe-eye-of-the-tigerp-2","status":"publish","type":"product","link":"https:\/\/ugoman.net\/de\/produkt\/pthe-eye-of-the-tigerp-2\/","title":{"rendered":"The eye of the Tiger"},"content":{"rendered":"<div style=\"text-align: center;\"><strong><span style=\"color: #000000;\">Wir stellen Ihnen unsere wundersch\u00f6nen Armb\u00e4nder mit einem Edelstahlelement und Natursteinen vor \u2013 Tigerauge und Onyx, aufgereiht auf einer doppelten Stahlschnur. \u2013 das perfekte Accessoire f\u00fcr alle, die ihren Glauben nah am Herzen tragen m\u00f6chten.<\/span><\/strong><\/div>\n<div style=\"text-align: center;\"><\/div>\n<div style=\"text-align: center;\"><span style=\"color: #000000;\">Als besonderen Bonus legen wir jedem Kauf eine sch\u00f6ne Box und eine Geschenkt\u00fcte aus Velours sowie ein Qualit\u00e4tszertifikat bei, was es zu einem perfekten Geschenk f\u00fcr Ihre Lieben oder zu einer besonderen Freude f\u00fcr Sie selbst macht. Verpassen Sie nicht die Gelegenheit, ein wirklich einzigartiges und bedeutungsvolles Accessoire zu besitzen.<\/span><\/div>\n<div style=\"text-align: center;\"><\/div>\n<div style=\"text-align: center;\"><strong><span style=\"color: #000000;\">Bestellen Sie jetzt und lassen Sie sich jeden Tag vom Glauben inspirieren.<\/span><\/strong><\/div>\n<div style=\"text-align: center;\"><\/div>\n<div style=\"text-align: center;\"><strong><span style=\"color: #000000;\">Onyx \u2013 4 mm<\/span><\/strong><\/div>\n<div style=\"text-align: center;\"><\/div>\n<div style=\"text-align: center;\"><strong><span style=\"color: #000000;\">Sie erhalten jedes unserer Produkte in einer luxuri\u00f6sen Velourstasche in einer Geschenkbox und einem Echtheitszertifikat \u201eUGOMAN\u201c.<\/span><\/strong><\/div>\n<div style=\"text-align: center;\"><\/div>\n<div style=\"text-align: center;\"><strong><span style=\"color: #000000;\">Onyx<\/span><\/strong><\/div>\n<div style=\"text-align: center;\"><strong><span style=\"color: #000000;\">4 mm.<\/span><\/strong><\/div>\n<div style=\"text-align: center;\"><img data-recalc-dims=\"1\" decoding=\"async\" src=\"https:\/\/i0.wp.com\/ugoman.net\/wp-content\/uploads\/content\/s2m0pEQ_86nd.png?w=1100&#038;ssl=1\" alt=\"\" \/><\/div>\n<div style=\"text-align: center;\"><\/div>\n<div style=\"text-align: center;\"><span style=\"color: #000000;\">Onyx hilft, negatives Denken und Stress zu beseitigen und ist gut f\u00fcr Meditation und positive Tr\u00e4ume. Es inspiriert zum Denken und zur Spiritualit\u00e4t und hilft, Emotionen und Leidenschaften zu kontrollieren.<\/span><\/div>\n<div style=\"text-align: center;\"><\/div>\n<div style=\"text-align: center;\"><strong><span style=\"color: #000000;\">Tigerauge<\/span><\/strong><\/div>\n<div style=\"text-align: center;\"><strong><span style=\"color: #000000;\">4 mm.<\/span><\/strong><\/div>\n<div style=\"text-align: center;\"><img data-recalc-dims=\"1\" decoding=\"async\" src=\"https:\/\/i0.wp.com\/i.imgur.com\/FOzAxDW.png?w=1100\" alt=\"\" \/><\/div>\n<div style=\"text-align: center;\"><span style=\"color: #000000;\">Mit seiner goldenen Farbe nutzt das Tigerauge es, um das Gute hervorzuheben. Er sammelt Mut, Kraft und k\u00f6rperliche St\u00e4rke, und dies f\u00fchrt zur richtigen Perspektive und Geistesst\u00e4rke.<\/span><\/div>\n<div style=\"text-align: center;\"><\/div>\n<div style=\"text-align: center;\"><span style=\"color: #000000;\">Hinterlassen Sie mit unseren Angeboten einen unvergesslichen Eindruck.<\/span><\/div>\n<div style=\"text-align: center;\"><\/div>\n<div style=\"text-align: center;\"><span style=\"color: #000000;\">UGOMAN-Edelstahlschmuck ist eine gro\u00dfartige M\u00f6glichkeit, Ihrem Look Stil zu verleihen. Die Technologie zur Herstellung der Schmuckst\u00fccke erm\u00f6glicht eine kompromisslose Pr\u00e4zision bei der Herstellung bis ins letzte Detail.<\/span><\/div>\n<div style=\"text-align: center;\"><\/div>\n<div style=\"text-align: center;\"><span style=\"color: #000000;\">Edelstahl zeichnet sich durch eine au\u00dfergew\u00f6hnliche Korrosions- und Rostbest\u00e4ndigkeit, einen geringen Wartungsaufwand und seinen vertrauten Glanz aus und ist somit ein ideales Material f\u00fcr unseren Schmuck der Marke UGOMAN.<\/span><\/div>\n<p style=\"text-align: center;\"><span style=\"color: #000000;\">\u00a0\u00a0<\/span><\/p>\n","protected":false},"excerpt":{"rendered":"<div class=\"woocommerce-product-details__short-description\">\n<p><a href=\"https:\/\/ugoman.net\/de\/%d0%b4%d0%be%d1%81%d1%82%d0%b0%d0%b2%d0%ba%d0%b0\/\"><span style=\"color: #000000;\">Lieferung per\u00a0Deutsche Post\u00a0innerhalb von 2-6 Werktagen<\/span><\/a><br \/>\n<span style=\"color: #000000;\">Lieferpreis\u00a0\u20ac5,00<\/span><\/p>\n<\/div>\n","protected":false},"featured_media":48800,"template":"","meta":{"advanced_seo_description":"","jetpack_seo_html_title":"","jetpack_seo_noindex":false,"jetpack_post_was_ever_published":false,"jetpack_publicize_message":"","jetpack_publicize_feature_enabled":true,"jetpack_social_post_already_shared":false,"jetpack_social_options":{"image_generator_settings":{"template":"highway","default_image_id":0,"font":"","enabled":false},"version":2},"_wpas_customize_per_network":false},"product_brand":[],"product_cat":[3006,2958,3046],"product_tag":[],"class_list":{"0":"post-48812","1":"product","2":"type-product","3":"status-publish","4":"has-post-thumbnail","6":"product_cat-armbander","7":"product_cat-natural-stone-bracelets16402553791640255380","8":"product_cat-manner1640255491","10":"first","11":"instock","12":"sale","13":"purchasable","14":"product-type-variable"},"exclude_global_add_ons":[],"addons":[],"gallery_images":[48801,48802,48803,48804,48805,48806,48807,48808,119078,144976],"jetpack_publicize_connections":[],"jetpack_likes_enabled":true,"jetpack_sharing_enabled":true,"_links":{"self":[{"href":"https:\/\/ugoman.net\/de\/wp-json\/wp\/v2\/product\/48812","targetHints":{"allow":["GET"]}}],"collection":[{"href":"https:\/\/ugoman.net\/de\/wp-json\/wp\/v2\/product"}],"about":[{"href":"https:\/\/ugoman.net\/de\/wp-json\/wp\/v2\/types\/product"}],"wp:featuredmedia":[{"embeddable":true,"href":"https:\/\/ugoman.net\/de\/wp-json\/wp\/v2\/media\/48800"}],"wp:attachment":[{"href":"https:\/\/ugoman.net\/de\/wp-json\/wp\/v2\/media?parent=48812"}],"wp:term":[{"taxonomy":"product_brand","embeddable":true,"href":"https:\/\/ugoman.net\/de\/wp-json\/wp\/v2\/product_brand?post=48812"},{"taxonomy":"product_cat","embeddable":true,"href":"https:\/\/ugoman.net\/de\/wp-json\/wp\/v2\/product_cat?post=48812"},{"taxonomy":"product_tag","embeddable":true,"href":"https:\/\/ugoman.net\/de\/wp-json\/wp\/v2\/product_tag?post=48812"}],"curies":[{"name":"wp","href":"https:\/\/api.w.org\/{rel}","templated":true}]}}