{"id":48988,"date":"2020-12-18T16:29:08","date_gmt":"2020-12-18T14:29:08","guid":{"rendered":"https:\/\/ugoman.net\/?product=pluckyp"},"modified":"2024-03-23T10:23:47","modified_gmt":"2024-03-23T08:23:47","slug":"pluckyp","status":"publish","type":"product","link":"https:\/\/ugoman.net\/de\/produkt\/pluckyp\/","title":{"rendered":"Lucky"},"content":{"rendered":"<p style=\"text-align: center;\"><strong><span style=\"color: #000000;\">Wir stellen Ihnen unsere wundersch\u00f6ne Gl\u00fcckskette vor<\/span><\/strong><\/p>\n<p style=\"text-align: center;\"><strong><span style=\"color: #000000;\">aus edlem Stahl<\/span><\/strong><\/p>\n<p style=\"text-align: center;\"><span style=\"color: #000000;\">Als besonderen Bonus legen wir eine sch\u00f6ne Box und eine Geschenkt\u00fcte aus Velours sowie ein Qualit\u00e4tszertifikat bei, das Ihnen garantiert, dass sich das Produkt weder in seiner Farbe noch in seinem Aussehen ver\u00e4ndert. Das Produkt verf\u00fcgt \u00fcber eine lebenslange Garantie und ist somit ein perfektes Geschenk f\u00fcr Ihre Lieben oder eine besondere Freude f\u00fcr Sie selbst. Lassen Sie sich diese Gelegenheit nicht entgehen, ein wirklich einzigartiges und bedeutendes Exemplar zu besitzen<\/span><\/p>\n<p style=\"text-align: center;\"><strong><span style=\"color: #000000;\">Gl\u00fccklich<\/span><\/strong><\/p>\n<p style=\"text-align: center;\"><strong><span style=\"color: #000000;\">Material: Edelstahl 316L und rotes PVD<\/span><\/strong><\/p>\n<p style=\"text-align: center;\">\n<p style=\"text-align: center;\"><strong><span style=\"color: #000000;\">Artikelnummer: J38836<\/span><\/strong><\/p>\n<p style=\"text-align: center;\"><strong><span style=\"color: #000000;\">L\u00e4nge: 400-450 mm.<\/span><\/strong><\/p>\n<p style=\"text-align: center;\"><strong><span style=\"color: #000000;\">Zum Gl\u00fcck: 25mm.<\/span><\/strong><\/p>\n<p style=\"text-align: center;\">\n<p style=\"text-align: center;\"><span style=\"color: #000000;\">Bekanntmachung:<\/span><\/p>\n<p style=\"text-align: center;\"><span style=\"color: #000000;\">Hinterlassen Sie mit unseren Angeboten einen unvergesslichen Eindruck.<\/span><\/p>\n<p style=\"text-align: center;\"><span style=\"color: #000000;\">UGOMAN-Edelstahlschmuck ist eine gro\u00dfartige M\u00f6glichkeit, Ihrem Look Stil zu verleihen. Die Technologie zur Herstellung der Schmuckst\u00fccke erm\u00f6glicht eine kompromisslose Pr\u00e4zision bei der Herstellung bis ins letzte Detail.<\/span><\/p>\n<p style=\"text-align: center;\"><span style=\"color: #000000;\">Edelstahl zeichnet sich durch eine au\u00dfergew\u00f6hnliche Korrosions- und Rostbest\u00e4ndigkeit, einen geringen Wartungsaufwand und seinen vertrauten Glanz aus und ist somit ein ideales Material f\u00fcr unseren Schmuck der Marke UGOMAN.<\/span><\/p>\n<p style=\"text-align: center;\"><span style=\"color: #000000;\">Die PVD-Beschichtung (Physical Vapour Deposition) wurde urspr\u00fcnglich bei der Herstellung von Produkten f\u00fcr das Milit\u00e4r eingesetzt, wo eine erh\u00f6hte Verschlei\u00dffestigkeit der Metallteile erforderlich war. Obwohl die durch das PVD-Verfahren aufgetragene Beschichtung normalerweise nur wenige Mikrometer gro\u00df ist, sind ihre Molek\u00fcle so stark mit denen des Metalls verbunden, dass es nach dem Auftragen sehr schwierig (fast unm\u00f6glich) ist, sie von den Metallteilen, auf die sie aufgetragen wurde, zu entfernen .<\/span><\/p>\n","protected":false},"excerpt":{"rendered":"<div class=\"woocommerce-product-details__short-description\">\n<p><a href=\"https:\/\/ugoman.net\/de\/%d0%b4%d0%be%d1%81%d1%82%d0%b0%d0%b2%d0%ba%d0%b0\/\"><span style=\"color: #000000;\">Lieferung per\u00a0Deutsche Post\u00a0innerhalb von 2-6 Werktagen<\/span><\/a><br \/>\n<span style=\"color: #000000;\">Lieferpreis\u00a0\u20ac5,00<\/span><\/p>\n<\/div>\n","protected":false},"featured_media":48982,"template":"","meta":{"advanced_seo_description":"","jetpack_seo_html_title":"","jetpack_seo_noindex":false,"jetpack_publicize_message":"","jetpack_publicize_feature_enabled":true,"jetpack_social_post_already_shared":false,"jetpack_social_options":{"image_generator_settings":{"template":"highway","default_image_id":0,"font":"","enabled":false},"version":2},"_wpas_customize_per_network":false},"product_brand":[],"product_cat":[2966,3062],"product_tag":[],"class_list":{"0":"post-48988","1":"product","2":"type-product","3":"status-publish","4":"has-post-thumbnail","6":"product_cat-anhanger1640255390","7":"product_cat-frauen1640255510","9":"first","10":"instock","11":"sale","12":"purchasable","13":"product-type-simple"},"exclude_global_add_ons":[],"addons":[],"gallery_images":[48983,48984,119078,144976],"jetpack_publicize_connections":[],"jetpack_likes_enabled":true,"jetpack_sharing_enabled":true,"_links":{"self":[{"href":"https:\/\/ugoman.net\/de\/wp-json\/wp\/v2\/product\/48988","targetHints":{"allow":["GET"]}}],"collection":[{"href":"https:\/\/ugoman.net\/de\/wp-json\/wp\/v2\/product"}],"about":[{"href":"https:\/\/ugoman.net\/de\/wp-json\/wp\/v2\/types\/product"}],"wp:featuredmedia":[{"embeddable":true,"href":"https:\/\/ugoman.net\/de\/wp-json\/wp\/v2\/media\/48982"}],"wp:attachment":[{"href":"https:\/\/ugoman.net\/de\/wp-json\/wp\/v2\/media?parent=48988"}],"wp:term":[{"taxonomy":"product_brand","embeddable":true,"href":"https:\/\/ugoman.net\/de\/wp-json\/wp\/v2\/product_brand?post=48988"},{"taxonomy":"product_cat","embeddable":true,"href":"https:\/\/ugoman.net\/de\/wp-json\/wp\/v2\/product_cat?post=48988"},{"taxonomy":"product_tag","embeddable":true,"href":"https:\/\/ugoman.net\/de\/wp-json\/wp\/v2\/product_tag?post=48988"}],"curies":[{"name":"wp","href":"https:\/\/api.w.org\/{rel}","templated":true}]}}