{"id":49103,"date":"2020-12-24T00:52:18","date_gmt":"2020-12-23T22:52:18","guid":{"rendered":"https:\/\/ugoman.net\/?product=pthe-sunp"},"modified":"2024-03-23T09:59:06","modified_gmt":"2024-03-23T07:59:06","slug":"pthe-sunp","status":"publish","type":"product","link":"https:\/\/ugoman.net\/de\/produkt\/pthe-sunp\/","title":{"rendered":"The Sun"},"content":{"rendered":"<p style=\"text-align: center;\"><strong><span style=\"color: #000000;\">Wir stellen Ihnen unser wundersch\u00f6nes Damenmedaillon \u201eThe Sun\u201c vor<\/span><\/strong><\/p>\n<p style=\"text-align: center;\"><strong><span style=\"color: #000000;\">aus Edelstahl \u2013 das perfekte Accessoire.<\/span><\/strong><\/p>\n<p style=\"text-align: center;\"><strong><span style=\"color: #000000;\">L\u00e4nge: 400-450 mm.<\/span><\/strong><\/p>\n<p style=\"text-align: center;\"><strong><span style=\"color: #000000;\">Als besonderen Bonus legen wir jedem Kauf eine sch\u00f6ne Box und eine Geschenkt\u00fcte aus Velours sowie ein Qualit\u00e4tszertifikat bei, was es zu einem perfekten Geschenk f\u00fcr Ihre Lieben oder zu einer besonderen Freude f\u00fcr Sie selbst macht. Verpassen Sie nicht die Gelegenheit, ein wirklich einzigartiges und bedeutungsvolles Accessoire zu besitzen.<\/span><\/strong><\/p>\n<p style=\"text-align: center;\"><span style=\"color: #000000;\">Komplettiert mit einer sch\u00f6nen Kette, meisterhaft gefertigt aus hochwertigem, \u00e4u\u00dferst haltbarem Edelstahl!<\/span><\/p>\n<p style=\"text-align: center;\"><span style=\"color: #000000;\">Bekanntmachung:<\/span><\/p>\n<p style=\"text-align: center;\"><span style=\"color: #000000;\">Hinterlassen Sie mit unseren Angeboten einen unvergesslichen Eindruck.<\/span><\/p>\n<p style=\"text-align: center;\"><span style=\"color: #000000;\">UGOMAN-Edelstahlschmuck ist eine gro\u00dfartige M\u00f6glichkeit, Ihrem Look Stil zu verleihen. Die Technologie zur Herstellung der Schmuckst\u00fccke erm\u00f6glicht eine kompromisslose Pr\u00e4zision bei der Herstellung bis ins letzte Detail.<\/span><\/p>\n<p style=\"text-align: center;\"><span style=\"color: #000000;\">Edelstahl zeichnet sich durch eine au\u00dfergew\u00f6hnliche Korrosions- und Rostbest\u00e4ndigkeit, einen geringen Wartungsaufwand und seinen vertrauten Glanz aus und ist somit ein ideales Material f\u00fcr unseren Schmuck der Marke UGOMAN.<\/span><\/p>\n<p style=\"text-align: center;\"><span style=\"color: #000000;\">Die PVD-Beschichtung (Physical Vapour Deposition) wurde urspr\u00fcnglich bei der Herstellung von Produkten f\u00fcr das Milit\u00e4r eingesetzt, wo eine erh\u00f6hte Verschlei\u00dffestigkeit der Metallteile erforderlich war. Obwohl die durch das PVD-Verfahren aufgetragene Beschichtung normalerweise nur wenige Mikrometer gro\u00df ist, sind ihre Molek\u00fcle so stark mit denen des Metalls verbunden, dass es nach dem Auftragen sehr schwierig (fast unm\u00f6glich) ist, sie von den Metallteilen, auf die sie aufgetragen wurde, zu entfernen .<\/span><\/p>\n","protected":false},"excerpt":{"rendered":"<div class=\"woocommerce-product-details__short-description\">\n<p><a href=\"https:\/\/ugoman.net\/de\/%d0%b4%d0%be%d1%81%d1%82%d0%b0%d0%b2%d0%ba%d0%b0\/\"><span style=\"color: #000000;\">Lieferung per\u00a0Deutsche Post\u00a0innerhalb von 2-6 Werktagen<\/span><\/a><br \/>\n<span style=\"color: #000000;\">Lieferpreis\u00a0\u20ac5,00<\/span><\/p>\n<\/div>\n","protected":false},"featured_media":49094,"template":"","meta":{"advanced_seo_description":"","jetpack_seo_html_title":"","jetpack_seo_noindex":false,"jetpack_post_was_ever_published":false,"jetpack_publicize_message":"","jetpack_publicize_feature_enabled":true,"jetpack_social_post_already_shared":false,"jetpack_social_options":{"image_generator_settings":{"template":"highway","default_image_id":0,"font":"","enabled":false},"version":2},"_wpas_customize_per_network":false},"product_brand":[],"product_cat":[2966,3062],"product_tag":[],"class_list":{"0":"post-49103","1":"product","2":"type-product","3":"status-publish","4":"has-post-thumbnail","6":"product_cat-anhanger1640255390","7":"product_cat-frauen1640255510","9":"first","10":"instock","11":"purchasable","12":"product-type-simple"},"exclude_global_add_ons":[],"addons":[],"gallery_images":[49095,49096,49097,49098,49099,119078,144976],"jetpack_publicize_connections":[],"jetpack_likes_enabled":true,"jetpack_sharing_enabled":true,"_links":{"self":[{"href":"https:\/\/ugoman.net\/de\/wp-json\/wp\/v2\/product\/49103","targetHints":{"allow":["GET"]}}],"collection":[{"href":"https:\/\/ugoman.net\/de\/wp-json\/wp\/v2\/product"}],"about":[{"href":"https:\/\/ugoman.net\/de\/wp-json\/wp\/v2\/types\/product"}],"wp:featuredmedia":[{"embeddable":true,"href":"https:\/\/ugoman.net\/de\/wp-json\/wp\/v2\/media\/49094"}],"wp:attachment":[{"href":"https:\/\/ugoman.net\/de\/wp-json\/wp\/v2\/media?parent=49103"}],"wp:term":[{"taxonomy":"product_brand","embeddable":true,"href":"https:\/\/ugoman.net\/de\/wp-json\/wp\/v2\/product_brand?post=49103"},{"taxonomy":"product_cat","embeddable":true,"href":"https:\/\/ugoman.net\/de\/wp-json\/wp\/v2\/product_cat?post=49103"},{"taxonomy":"product_tag","embeddable":true,"href":"https:\/\/ugoman.net\/de\/wp-json\/wp\/v2\/product_tag?post=49103"}],"curies":[{"name":"wp","href":"https:\/\/api.w.org\/{rel}","templated":true}]}}