{"id":74215,"date":"2018-08-23T20:00:05","date_gmt":"2018-08-23T17:00:05","guid":{"rendered":"https:\/\/ugoman.net\/?product=pblue-skullp"},"modified":"2024-04-02T17:35:26","modified_gmt":"2024-04-02T14:35:26","slug":"pblue-skullp","status":"publish","type":"product","link":"https:\/\/ugoman.net\/de\/produkt\/pblue-skullp\/","title":{"rendered":"Blue Skull"},"content":{"rendered":"<p style=\"text-align: center;\"><strong><span style=\"color: #000000;\">Wir stellen Ihnen unseren wundersch\u00f6nen Ring vor, meisterhaft aus edlem Stahl gefertigt<\/span><\/strong><\/p>\n<p style=\"text-align: center;\"><strong><span style=\"color: #000000;\">\u2013 Das perfekte Accessoire<\/span><\/strong><\/p>\n<p style=\"text-align: center;\"><span style=\"color: #000000;\">Als besonderen Bonus legen wir jedem Kauf eine sch\u00f6ne Box und eine Geschenkt\u00fcte aus Velours sowie ein Qualit\u00e4tszertifikat bei, was es zu einem perfekten Geschenk f\u00fcr Ihre Lieben oder zu einer besonderen Freude f\u00fcr Sie selbst macht. Verpassen Sie nicht die Gelegenheit, ein wirklich einzigartiges und bedeutungsvolles Accessoire zu besitzen.<\/span><\/p>\n<p style=\"text-align: center;\"><strong><span style=\"color: #000000;\">Bestellen Sie jetzt und lassen Sie sich jeden Tag vom Glauben inspirieren.<\/span><\/strong><\/p>\n<p style=\"text-align: center;\"><strong><span style=\"color: #000000;\">\u201eBlauer Totenkopf\u201c<\/span><\/strong><\/p>\n<p style=\"text-align: center;\"><strong><span style=\"color: #000000;\">Artikelnummer: Z03590<\/span><\/strong><br \/>\n<strong><span style=\"color: #000000;\">Material: Edelstahl 316L und blaue PVD-Beschichtung<\/span><\/strong><br \/>\n<strong><span style=\"color: #000000;\">Ma\u00dfe:<\/span><\/strong><\/p>\n<p style=\"text-align: center;\"><strong><span style=\"color: #000000;\">Gr\u00f6\u00dfe 10 \/ 19,8 mm \/ EU 62-63<\/span><\/strong><br \/>\n<strong><span style=\"color: #000000;\">Gr\u00f6\u00dfe 11 \/ 20,6 mm \/ EU 64-65<\/span><\/strong><\/p>\n<p style=\"text-align: center;\"><span style=\"color: #000000;\">Hinterlassen Sie mit unseren Angeboten einen unvergesslichen Eindruck.<\/span><br \/>\n<span style=\"color: #000000;\">UGOMAN-Edelstahlschmuck ist eine gro\u00dfartige M\u00f6glichkeit, Ihrem Look Stil zu verleihen. Die Technologie zur Herstellung des Schmucks erm\u00f6glicht eine kompromisslose Pr\u00e4zision bei der Herstellung bis ins letzte Detail.<\/span><br \/>\n<span style=\"color: #000000;\">Die au\u00dfergew\u00f6hnliche Korrosions- und Rostbest\u00e4ndigkeit, der geringe Wartungsaufwand und der vertraute Glanz von Edelstahl machen ihn zum idealen Material f\u00fcr unseren UGOMAN-Markenschmuck.<\/span><\/p>\n<p style=\"text-align: center;\"><span style=\"color: #000000;\">Die PVD-Beschichtung (Physical Vapour Deposition) wurde urspr\u00fcnglich bei der Herstellung von Produkten f\u00fcr das Milit\u00e4r eingesetzt, wo eine erh\u00f6hte Verschlei\u00dffestigkeit der Metallteile erforderlich war. Obwohl die durch das PVD-Verfahren aufgetragene Beschichtung in der Regel nur wenige Mikrometer gro\u00df ist, sind ihre Molek\u00fcle so stark an die des Metalls gebunden, dass es unmittelbar nach dem Auftragen sehr schwierig (fast unm\u00f6glich) ist, sie von den Metallteilen, auf denen sie angebracht ist, zu entfernen angewandt.<\/span><\/p>\n","protected":false},"excerpt":{"rendered":"<div class=\"woocommerce-product-details__short-description\">\n<p><a href=\"https:\/\/ugoman.net\/de\/%d0%b4%d0%be%d1%81%d1%82%d0%b0%d0%b2%d0%ba%d0%b0\/\"><span style=\"color: #000000;\">Lieferung per\u00a0Deutsche Post\u00a0innerhalb von 2-6 Werktagen<\/span><\/a><br \/>\n<span style=\"color: #000000;\">Lieferpreis\u00a0\u20ac5,00<\/span><\/p>\n<\/div>\n","protected":false},"featured_media":146214,"template":"","meta":{"advanced_seo_description":"","jetpack_seo_html_title":"","jetpack_seo_noindex":false,"jetpack_publicize_message":"","jetpack_publicize_feature_enabled":true,"jetpack_social_post_already_shared":false,"jetpack_social_options":{"image_generator_settings":{"template":"highway","default_image_id":0,"font":"","enabled":false},"version":2},"_wpas_customize_per_network":false},"product_brand":[],"product_cat":[3046,3030],"product_tag":[],"class_list":{"0":"post-74215","1":"product","2":"type-product","3":"status-publish","4":"has-post-thumbnail","6":"product_cat-manner1640255491","7":"product_cat-ringe","9":"first","10":"instock","11":"purchasable","12":"product-type-variable"},"exclude_global_add_ons":[],"addons":[],"gallery_images":[100193,100194,100195,144976,135364],"jetpack_publicize_connections":[],"jetpack_likes_enabled":true,"jetpack_sharing_enabled":true,"_links":{"self":[{"href":"https:\/\/ugoman.net\/de\/wp-json\/wp\/v2\/product\/74215","targetHints":{"allow":["GET"]}}],"collection":[{"href":"https:\/\/ugoman.net\/de\/wp-json\/wp\/v2\/product"}],"about":[{"href":"https:\/\/ugoman.net\/de\/wp-json\/wp\/v2\/types\/product"}],"wp:featuredmedia":[{"embeddable":true,"href":"https:\/\/ugoman.net\/de\/wp-json\/wp\/v2\/media\/146214"}],"wp:attachment":[{"href":"https:\/\/ugoman.net\/de\/wp-json\/wp\/v2\/media?parent=74215"}],"wp:term":[{"taxonomy":"product_brand","embeddable":true,"href":"https:\/\/ugoman.net\/de\/wp-json\/wp\/v2\/product_brand?post=74215"},{"taxonomy":"product_cat","embeddable":true,"href":"https:\/\/ugoman.net\/de\/wp-json\/wp\/v2\/product_cat?post=74215"},{"taxonomy":"product_tag","embeddable":true,"href":"https:\/\/ugoman.net\/de\/wp-json\/wp\/v2\/product_tag?post=74215"}],"curies":[{"name":"wp","href":"https:\/\/api.w.org\/{rel}","templated":true}]}}