{"id":74263,"date":"2018-08-23T20:15:17","date_gmt":"2018-08-23T17:15:17","guid":{"rendered":"https:\/\/ugoman.net\/?product=pmason-inellipsep"},"modified":"2024-04-02T17:44:34","modified_gmt":"2024-04-02T14:44:34","slug":"pmason-inellipsep","status":"publish","type":"product","link":"https:\/\/ugoman.net\/de\/produkt\/pmason-inellipsep\/","title":{"rendered":"Mason in Ellipse"},"content":{"rendered":"<h4 style=\"text-align: center;\">Herrenring<br \/>\n\u201eMaurer in Ellipse\u201c<br \/>\nKunst. Nummer: Z05270<br \/>\nMaterial: Edelstahl &amp; Gold-PVD<\/h4>\n<h4 style=\"text-align: center;\">Halbedelstein: Markasit<\/h4>\n<h4 style=\"text-align: center;\"><strong>Gr\u00f6\u00dfen: <\/strong><\/h4>\n<h4 style=\"text-align: center;\"><strong>Gr\u00f6\u00dfe 10 \/ 19,8 mm \/ EU 62-63<\/strong><br \/>\n<strong>Gr\u00f6\u00dfe 11 \/ 20,6 mm \/ EU 64-65<\/strong><\/h4>\n<h4 style=\"text-align: center;\"><\/h4>\n<h4 style=\"text-align: center;\">Machen Sie mit unseren Vorschl\u00e4gen einen unvergesslichen Eindruck.<br \/>\nDer UGOMAN-Edelstahlschmuck ist eine gro\u00dfartige M\u00f6glichkeit, Ihrem Look Stil zu verleihen. Die Technologie zur Herstellung des Schmucks erlaubt kompromisslose Pr\u00e4zision in der Fertigung bis ins letzte Detail.<\/h4>\n<h4 style=\"text-align: center;\">Der edle Stahl zeichnet sich durch au\u00dfergew\u00f6hnliche Korrosions- und Rostbest\u00e4ndigkeit aus, ist mit seiner einfachen Pflege und dem bekannten Glanz das ideale Material f\u00fcr unseren UGOMAN-Schmuck.<\/h4>\n<h4 style=\"text-align: center;\">Die PVD-Beschichtung (Physical Vapour Deposition) wurde urspr\u00fcnglich bei der Herstellung von Milit\u00e4rprodukten verwendet, die eine erh\u00f6hte Verschlei\u00dffestigkeit der Metallteile erfordern.<br \/>\nObwohl die PVD-Beschichtung normalerweise nur wenige Mikrometer gro\u00df ist, sind ihre Molek\u00fcle so fest mit dem Metall verbunden, dass sie unmittelbar nach dem Auftragen nur sehr schwer (fast unm\u00f6glich) entfernt werden kann.<\/h4>\n<h4 style=\"text-align: center;\">Sie erhalten unseren Schmuck in einer luxuri\u00f6sen Firmenverpackung mit einem \u201eUGOMAN\u201c-Echtheitszertifikat.<\/h4>\n","protected":false},"excerpt":{"rendered":"<div class=\"woocommerce-product-details__short-description\">\n<p><a href=\"https:\/\/ugoman.net\/de\/%d0%b4%d0%be%d1%81%d1%82%d0%b0%d0%b2%d0%ba%d0%b0\/\"><span style=\"color: #000000;\">Lieferung per\u00a0Deutsche Post\u00a0innerhalb von 2-6 Werktagen<\/span><\/a><br \/>\n<span style=\"color: #000000;\">Lieferpreis\u00a0\u20ac5,00<\/span><\/p>\n<\/div>\n","protected":false},"featured_media":100232,"template":"","meta":{"advanced_seo_description":"","jetpack_seo_html_title":"","jetpack_seo_noindex":false,"jetpack_publicize_message":"","jetpack_publicize_feature_enabled":true,"jetpack_social_post_already_shared":false,"jetpack_social_options":{"image_generator_settings":{"template":"highway","default_image_id":0,"font":"","enabled":false},"version":2},"_wpas_customize_per_network":false},"product_brand":[],"product_cat":[3046,3030],"product_tag":[],"class_list":{"0":"post-74263","1":"product","2":"type-product","3":"status-publish","4":"has-post-thumbnail","6":"product_cat-manner1640255491","7":"product_cat-ringe","9":"first","10":"instock","11":"purchasable","12":"product-type-variable"},"exclude_global_add_ons":[],"addons":[],"gallery_images":[100249,100250,100251,146189,144976],"jetpack_publicize_connections":[],"jetpack_likes_enabled":true,"jetpack_sharing_enabled":true,"_links":{"self":[{"href":"https:\/\/ugoman.net\/de\/wp-json\/wp\/v2\/product\/74263","targetHints":{"allow":["GET"]}}],"collection":[{"href":"https:\/\/ugoman.net\/de\/wp-json\/wp\/v2\/product"}],"about":[{"href":"https:\/\/ugoman.net\/de\/wp-json\/wp\/v2\/types\/product"}],"wp:featuredmedia":[{"embeddable":true,"href":"https:\/\/ugoman.net\/de\/wp-json\/wp\/v2\/media\/100232"}],"wp:attachment":[{"href":"https:\/\/ugoman.net\/de\/wp-json\/wp\/v2\/media?parent=74263"}],"wp:term":[{"taxonomy":"product_brand","embeddable":true,"href":"https:\/\/ugoman.net\/de\/wp-json\/wp\/v2\/product_brand?post=74263"},{"taxonomy":"product_cat","embeddable":true,"href":"https:\/\/ugoman.net\/de\/wp-json\/wp\/v2\/product_cat?post=74263"},{"taxonomy":"product_tag","embeddable":true,"href":"https:\/\/ugoman.net\/de\/wp-json\/wp\/v2\/product_tag?post=74263"}],"curies":[{"name":"wp","href":"https:\/\/api.w.org\/{rel}","templated":true}]}}