{"id":75007,"date":"2019-09-20T18:10:30","date_gmt":"2019-09-20T15:10:30","guid":{"rendered":"https:\/\/ugoman.net\/?product=pthe-black-stonep"},"modified":"2024-03-27T01:12:24","modified_gmt":"2024-03-26T23:12:24","slug":"pthe-black-stonep","status":"publish","type":"product","link":"https:\/\/ugoman.net\/de\/produkt\/pthe-black-stonep\/","title":{"rendered":"The Black Stone"},"content":{"rendered":"<p style=\"text-align: center;\"><strong><span style=\"color: #000000;\">Wir stellen Ihnen unseren wundersch\u00f6nen Ring vor, meisterhaft aus edlem Stahl gefertigt<\/span><\/strong><\/p>\n<p style=\"text-align: center;\"><strong><span style=\"color: #000000;\">\u2013 Das perfekte Accessoire<\/span><\/strong><\/p>\n<p style=\"text-align: center;\"><span style=\"color: #000000;\">Als besonderen Bonus legen wir jedem Kauf eine sch\u00f6ne Box und eine Geschenkt\u00fcte aus Velours sowie ein Qualit\u00e4tszertifikat bei, was es zu einem perfekten Geschenk f\u00fcr Ihre Lieben oder zu einer besonderen Freude f\u00fcr Sie selbst macht. Verpassen Sie nicht die Gelegenheit, ein wirklich einzigartiges und bedeutungsvolles Accessoire zu besitzen.<\/span><\/p>\n<p style=\"text-align: center;\"><strong><span style=\"color: #000000;\">Bestellen Sie jetzt und lassen Sie sich jeden Tag vom Glauben inspirieren.<\/span><\/strong><\/p>\n<p style=\"text-align: center;\"><strong><span style=\"color: #000000;\">Ma\u00dfe:<\/span><\/strong><\/p>\n<p style=\"text-align: center;\"><strong><span style=\"color: #000000;\">Gr\u00f6\u00dfe 10 \/ 19,8 mm \/ EU 62-63<\/span><\/strong><\/p>\n<p style=\"text-align: center;\"><strong><span style=\"color: #000000;\">Gr\u00f6\u00dfe 11 \/ 20,6 mm \/ EU 64-65<\/span><\/strong><\/p>\n<p style=\"text-align: center;\"><strong><span style=\"color: #000000;\">\u201eDer schwarze Stein\u201c<\/span><\/strong><\/p>\n<p style=\"text-align: center;\"><strong><span style=\"color: #000000;\">Artikelnummer: Z07085<\/span><\/strong><br \/>\n<strong><span style=\"color: #000000;\">Material: Edelstahl 316L<\/span><\/strong><br \/>\n<strong><span style=\"color: #000000;\">Halbedelsteine: Onyx<\/span><\/strong><br \/>\n<strong><span style=\"color: #000000;\">Ma\u00dfe:<\/span><\/strong><\/p>\n<p style=\"text-align: center;\"><strong><span style=\"color: #000000;\">Gr\u00f6\u00dfe 10 \/ 19,8 mm \/ EU 62-63<\/span><\/strong><br \/>\n<strong><span style=\"color: #000000;\">Gr\u00f6\u00dfe 11 \/ 20,6 mm \/ EU 64-65<\/span><\/strong><\/p>\n<p style=\"text-align: center;\"><span style=\"color: #000000;\">Hinterlassen Sie mit unseren Angeboten einen unvergesslichen Eindruck.<\/span><br \/>\n<span style=\"color: #000000;\">UGOMAN-Edelstahlschmuck ist eine gro\u00dfartige M\u00f6glichkeit, Ihrem Look Stil zu verleihen. Die Technologie zur Herstellung des Schmucks erm\u00f6glicht eine kompromisslose Pr\u00e4zision bei der Herstellung bis ins letzte Detail.<\/span><\/p>\n<p style=\"text-align: center;\"><strong><span style=\"color: #000000;\">Onyx<\/span><\/strong><\/p>\n<p><img loading=\"lazy\" decoding=\"async\" class=\"jetpack-lazy-image jetpack-lazy-image--handled aligncenter\" src=\"https:\/\/i0.wp.com\/ugoman.net\/wp-content\/uploads\/content\/LIa7p5Z_22nd.png?w=1100&amp;ssl=1\" alt=\"\" width=\"45\" height=\"45\" data-lazy-loaded=\"1\" \/><\/p>\n<p style=\"text-align: center;\"><span style=\"color: #000000;\">Onyx\u00a0hilft, negatives Denken und Stress zu beseitigen und ist gut f\u00fcr Meditation und positive Tr\u00e4ume. Es inspiriert zum Denken und zur Spiritualit\u00e4t und hilft, Emotionen und Leidenschaften unter Kontrolle zu halten.<\/span><\/p>\n<p style=\"text-align: center;\"><span style=\"color: #000000;\">Die au\u00dfergew\u00f6hnliche Korrosions- und Rostbest\u00e4ndigkeit, der geringe Wartungsaufwand und der vertraute Glanz von Edelstahl machen ihn zum idealen Material f\u00fcr unseren UGOMAN-Markenschmuck.<\/span><\/p>\n<p style=\"text-align: center;\"><strong><span style=\"color: #000000;\">Bei UGOMAN sind wir stolz darauf, Schmuck zu schaffen, der nicht nur sch\u00f6n aussieht, sondern auch eine tiefe Bedeutung und Bedeutung hat.<\/span><\/strong><\/p>\n<p style=\"text-align: center;\"><span style=\"color: #000000;\"><b>\u00a0<\/b><\/span><\/p>\n","protected":false},"excerpt":{"rendered":"<div class=\"woocommerce-product-details__short-description\">\n<p><a href=\"https:\/\/ugoman.net\/de\/%d0%b4%d0%be%d1%81%d1%82%d0%b0%d0%b2%d0%ba%d0%b0\/\"><span style=\"color: #000000;\">Lieferung per\u00a0Deutsche Post\u00a0innerhalb von 2-6 Werktagen<\/span><\/a><br \/>\n<span style=\"color: #000000;\">Lieferpreis\u00a0\u20ac5,00<\/span><\/p>\n<\/div>\n","protected":false},"featured_media":145689,"template":"","meta":{"advanced_seo_description":"","jetpack_seo_html_title":"","jetpack_seo_noindex":false,"jetpack_post_was_ever_published":false,"jetpack_publicize_message":"","jetpack_publicize_feature_enabled":true,"jetpack_social_post_already_shared":false,"jetpack_social_options":{"image_generator_settings":{"template":"highway","default_image_id":0,"font":"","enabled":false},"version":2},"_wpas_customize_per_network":false},"product_brand":[],"product_cat":[3046,3030],"product_tag":[],"class_list":{"0":"post-75007","1":"product","2":"type-product","3":"status-publish","4":"has-post-thumbnail","6":"product_cat-manner1640255491","7":"product_cat-ringe","9":"first","10":"instock","11":"purchasable","12":"product-type-variable"},"exclude_global_add_ons":[],"addons":[],"gallery_images":[101336,101337,101338,101339,144976,135364],"jetpack_publicize_connections":[],"jetpack_likes_enabled":true,"jetpack_sharing_enabled":true,"_links":{"self":[{"href":"https:\/\/ugoman.net\/de\/wp-json\/wp\/v2\/product\/75007","targetHints":{"allow":["GET"]}}],"collection":[{"href":"https:\/\/ugoman.net\/de\/wp-json\/wp\/v2\/product"}],"about":[{"href":"https:\/\/ugoman.net\/de\/wp-json\/wp\/v2\/types\/product"}],"wp:featuredmedia":[{"embeddable":true,"href":"https:\/\/ugoman.net\/de\/wp-json\/wp\/v2\/media\/145689"}],"wp:attachment":[{"href":"https:\/\/ugoman.net\/de\/wp-json\/wp\/v2\/media?parent=75007"}],"wp:term":[{"taxonomy":"product_brand","embeddable":true,"href":"https:\/\/ugoman.net\/de\/wp-json\/wp\/v2\/product_brand?post=75007"},{"taxonomy":"product_cat","embeddable":true,"href":"https:\/\/ugoman.net\/de\/wp-json\/wp\/v2\/product_cat?post=75007"},{"taxonomy":"product_tag","embeddable":true,"href":"https:\/\/ugoman.net\/de\/wp-json\/wp\/v2\/product_tag?post=75007"}],"curies":[{"name":"wp","href":"https:\/\/api.w.org\/{rel}","templated":true}]}}