{"id":121264,"date":"2023-01-25T10:23:44","date_gmt":"2023-01-25T08:23:44","guid":{"rendered":"https:\/\/ugoman.net\/?post_type=product&#038;p=121264"},"modified":"2024-03-21T14:17:45","modified_gmt":"2024-03-21T12:17:45","slug":"the-flower-copy-copy-copy-copy-copy-copy-copy-copy-copy","status":"publish","type":"product","link":"https:\/\/ugoman.net\/es\/producto\/the-flower-copy-copy-copy-copy-copy-copy-copy-copy-copy\/","title":{"rendered":"Tree of Life Onyx"},"content":{"rendered":"<p style=\"text-align: center;\"><strong><span style=\"color: #000000;\">Presentamos nuestro hermoso collar.<\/span><\/strong><\/p>\n<p style=\"text-align: center;\"><strong><span style=\"color: #000000;\">fabricado en acero inoxidable y \u00f3nix natural: el accesorio perfecto para quienes quieren llevar su fe cerca del coraz\u00f3n.<\/span><\/strong><\/p>\n<p style=\"text-align: center;\"><span style=\"color: #000000;\">Como beneficio especial, incluimos una hermosa caja y una bolsa de regalo de terciopelo y un certificado de calidad que le brinda la garant\u00eda de que el producto no cambiar\u00e1 de color ni de apariencia. El producto tiene garant\u00eda de por vida, lo que lo convierte en un regalo perfecto para sus seres queridos o un regalo especial para usted. No pierdas esta oportunidad de poseer un accesorio verdaderamente \u00fanico y significativo.<\/span><\/p>\n<p style=\"text-align: center;\"><strong><span style=\"color: #000000;\">\u00ab\u00c1rbol de la vida y \u00f3nix\u00bb<\/span><\/strong><\/p>\n<p style=\"text-align: center;\"><strong><span style=\"color: #000000;\">Material: acero inoxidable 316L y acabado en oro rosa<\/span><\/strong><\/p>\n<p style=\"text-align: center;\"><strong><span style=\"color: #000000;\">Longitud ajustable: de 35 cm a 50 cm<\/span><\/strong><\/p>\n<p style=\"text-align: center;\"><strong><span style=\"color: #000000;\">Cadena fabricada en acero noble 316L.<\/span><\/strong><\/p>\n<p style=\"text-align: center;\"><strong><span style=\"color: #000000;\">\u00d3nix<\/span><\/strong><\/p>\n<p style=\"text-align: center;\"><span style=\"color: #000000;\">Onyx\u00a0ayuda a eliminar los pensamientos negativos y el estr\u00e9s y es bueno para la meditaci\u00f3n y los sue\u00f1os positivos. Inspira el pensamiento y la espiritualidad, ayuda a mantener bajo control las emociones y pasiones.<\/span><\/p>\n<p style=\"text-align: center;\"><span style=\"color: #000000;\">Recibir\u00e1s cada uno de nuestros productos en una lujosa bolsa de terciopelo en una caja de regalo y un certificado de autenticidad \u00abUGOMAN\u00bb.<\/span><\/p>\n<p style=\"text-align: center;\"><span style=\"color: #000000;\">Anuncio:<\/span><\/p>\n<p style=\"text-align: center;\"><span style=\"color: #000000;\">Causa una impresi\u00f3n inolvidable con nuestras ofertas. Las joyas UGOMAN son una excelente manera de agregar estilo a tu look. La tecnolog\u00eda de fabricaci\u00f3n de las joyas permite una precisi\u00f3n absoluta en su producci\u00f3n hasta el \u00faltimo detalle. El acero inoxidable presenta una resistencia excepcional a la corrosi\u00f3n y el \u00f3xido, bajos requisitos de mantenimiento y su brillo familiar lo convierten en un material ideal para nuestras joyas de la marca UGOMAN.<\/span><\/p>\n","protected":false},"excerpt":{"rendered":"<p>Presentamos nuestro hermoso collar. fabricado en acero inoxidable y \u00f3nix natural: el accesorio perfecto para quienes quieren llevar su fe cerca del coraz\u00f3n. Como beneficio especial, incluimos una hermosa caja y una bolsa de regalo de terciopelo y un certificado de calidad que le brinda [&hellip;]<\/p>\n","protected":false},"featured_media":121490,"template":"","meta":{"advanced_seo_description":"","jetpack_seo_html_title":"","jetpack_seo_noindex":false,"jetpack_publicize_message":"","jetpack_publicize_feature_enabled":true,"jetpack_social_post_already_shared":true,"jetpack_social_options":{"image_generator_settings":{"template":"highway","default_image_id":0,"font":"","enabled":false},"version":2},"_wpas_customize_per_network":false},"product_brand":[],"product_cat":[3001,3065,2969],"product_tag":[],"class_list":{"0":"post-121264","1":"product","2":"type-product","3":"status-publish","4":"has-post-thumbnail","6":"product_cat-collares1640255443","7":"product_cat-mujer1640255513","8":"product_cat-pendiente1640255393","10":"first","11":"instock","12":"purchasable","13":"product-type-simple"},"exclude_global_add_ons":[],"addons":[],"gallery_images":[121268,121281,121289,121297,119086,117082],"jetpack_publicize_connections":[],"jetpack_likes_enabled":true,"jetpack_sharing_enabled":true,"_links":{"self":[{"href":"https:\/\/ugoman.net\/es\/wp-json\/wp\/v2\/product\/121264","targetHints":{"allow":["GET"]}}],"collection":[{"href":"https:\/\/ugoman.net\/es\/wp-json\/wp\/v2\/product"}],"about":[{"href":"https:\/\/ugoman.net\/es\/wp-json\/wp\/v2\/types\/product"}],"wp:featuredmedia":[{"embeddable":true,"href":"https:\/\/ugoman.net\/es\/wp-json\/wp\/v2\/media\/121490"}],"wp:attachment":[{"href":"https:\/\/ugoman.net\/es\/wp-json\/wp\/v2\/media?parent=121264"}],"wp:term":[{"taxonomy":"product_brand","embeddable":true,"href":"https:\/\/ugoman.net\/es\/wp-json\/wp\/v2\/product_brand?post=121264"},{"taxonomy":"product_cat","embeddable":true,"href":"https:\/\/ugoman.net\/es\/wp-json\/wp\/v2\/product_cat?post=121264"},{"taxonomy":"product_tag","embeddable":true,"href":"https:\/\/ugoman.net\/es\/wp-json\/wp\/v2\/product_tag?post=121264"}],"curies":[{"name":"wp","href":"https:\/\/api.w.org\/{rel}","templated":true}]}}