{"id":131782,"date":"2023-06-03T15:37:40","date_gmt":"2023-06-03T12:37:40","guid":{"rendered":"https:\/\/ugoman.net\/?post_type=product&#038;p=131782"},"modified":"2024-03-21T00:50:33","modified_gmt":"2024-03-20T22:50:33","slug":"cross-zircons-copy","status":"publish","type":"product","link":"https:\/\/ugoman.net\/es\/producto\/cross-zircons-copy\/","title":{"rendered":"Jesus Christ &#038; Onyx"},"content":{"rendered":"<p style=\"text-align: center;\"><strong><span style=\"color: #000000;\">Presentamos nuestro hermoso collar &#8211; Cruz de acero inoxidable ba\u00f1ada en oro de 18k y piedras naturales semipreciosas &#8211; \u00d3nix \u00abJesucristo &amp; \u00d3nix s\u00bb<\/span><\/strong><\/p>\n<p style=\"text-align: center;\"><strong><span style=\"color: #000000;\">el accesorio perfecto para quienes desean llevar su fe cerca del coraz\u00f3n. \u00a1Este collar presenta una hermosa cruz y piedras de \u00f3nix naturales, magistralmente elaborado con acero inoxidable extremadamente duradero y de alta calidad y un cord\u00f3n de acero doble!<\/span><\/strong><\/p>\n<p style=\"text-align: center;\"><span style=\"color: #000000;\">Como beneficio especial, incluimos una hermosa caja, una bolsa de regalo de terciopelo y un certificado de calidad con cada compra, lo que lo convierte en un regalo perfecto para sus seres queridos o un regalo especial para usted. No pierdas esta oportunidad de poseer un accesorio verdaderamente \u00fanico y significativo.<\/span><\/p>\n<p style=\"text-align: center;\"><strong><span style=\"color: #000000;\">s\u00edmbolo de fe<\/span><\/strong><\/p>\n<p style=\"text-align: center;\"><strong><span style=\"color: #000000;\">*Hecho a mano<\/span><\/strong><\/p>\n<p style=\"text-align: center;\"><strong><span style=\"color: #000000;\">Cruz-35 mm.<\/span><\/strong><\/p>\n<p style=\"text-align: center;\"><strong><span style=\"color: #000000;\">\u00d3nix<\/span><\/strong><br \/>\n<strong><span style=\"color: #000000;\">6 mm.<\/span><\/strong><\/p>\n<p><strong><img loading=\"lazy\" decoding=\"async\" class=\"jetpack-lazy-image jetpack-lazy-image--handled aligncenter\" src=\"https:\/\/i0.wp.com\/ugoman.net\/wp-content\/uploads\/content\/s2m0pEQ_86nd.png?w=1100&amp;ssl=1\" alt=\"\" width=\"45\" height=\"45\" data-lazy-loaded=\"1\" \/><\/strong><\/p>\n<p style=\"text-align: center;\"><span style=\"color: #000000;\">Onyx\u00a0ayuda a eliminar los pensamientos negativos y el estr\u00e9s y es bueno para la meditaci\u00f3n y los sue\u00f1os positivos. Inspira el pensamiento y la espiritualidad, ayuda a mantener bajo control las emociones y pasiones.<\/span><\/p>\n<p style=\"text-align: center;\">\n<p style=\"text-align: center;\">\n<span style=\"color: #000000;\">En UGOMAN, nos enorgullecemos de crear joyas que no solo se ven hermosas, sino que tambi\u00e9n tienen un significado y significado profundos. Nuestro collar de Cristo es un testimonio de nuestro compromiso con la artesan\u00eda y el dise\u00f1o de calidad. \u00daselo como s\u00edmbolo de su fe y recordatorio del amor y sacrificio de Cristo.<\/span><\/p>\n<p style=\"text-align: center;\"><span style=\"color: #000000;\">Haz tu pedido ahora y deja que la fe te inspire todos los d\u00edas.<\/span><\/p>\n","protected":false},"excerpt":{"rendered":"<p>Presentamos nuestro hermoso collar &#8211; Cruz de acero inoxidable ba\u00f1ada en oro de 18k y piedras naturales semipreciosas &#8211; \u00d3nix \u00abJesucristo &amp; \u00d3nix s\u00bb el accesorio perfecto para quienes desean llevar su fe cerca del coraz\u00f3n. \u00a1Este collar presenta una hermosa cruz y piedras de [&hellip;]<\/p>\n","protected":false},"featured_media":131861,"template":"","meta":{"advanced_seo_description":"","jetpack_seo_html_title":"","jetpack_seo_noindex":false,"jetpack_publicize_message":"","jetpack_publicize_feature_enabled":true,"jetpack_social_post_already_shared":true,"jetpack_social_options":{"image_generator_settings":{"template":"highway","default_image_id":0,"font":"","enabled":false},"version":2},"_wpas_customize_per_network":false},"product_brand":[],"product_cat":[2953,3049,3025],"product_tag":[],"class_list":{"0":"post-131782","1":"product","2":"type-product","3":"status-publish","4":"has-post-thumbnail","6":"product_cat-collares-de-piedra-natural","7":"product_cat-hombres1640255494","8":"product_cat-pendiente","10":"first","11":"instock","12":"sale","13":"purchasable","14":"product-type-variable","15":"has-default-attributes"},"exclude_global_add_ons":[],"addons":[],"gallery_images":[131870,131862,131846,131818,131878,131886,117109,119078,119086],"jetpack_publicize_connections":[],"jetpack_likes_enabled":true,"jetpack_sharing_enabled":true,"_links":{"self":[{"href":"https:\/\/ugoman.net\/es\/wp-json\/wp\/v2\/product\/131782","targetHints":{"allow":["GET"]}}],"collection":[{"href":"https:\/\/ugoman.net\/es\/wp-json\/wp\/v2\/product"}],"about":[{"href":"https:\/\/ugoman.net\/es\/wp-json\/wp\/v2\/types\/product"}],"wp:featuredmedia":[{"embeddable":true,"href":"https:\/\/ugoman.net\/es\/wp-json\/wp\/v2\/media\/131861"}],"wp:attachment":[{"href":"https:\/\/ugoman.net\/es\/wp-json\/wp\/v2\/media?parent=131782"}],"wp:term":[{"taxonomy":"product_brand","embeddable":true,"href":"https:\/\/ugoman.net\/es\/wp-json\/wp\/v2\/product_brand?post=131782"},{"taxonomy":"product_cat","embeddable":true,"href":"https:\/\/ugoman.net\/es\/wp-json\/wp\/v2\/product_cat?post=131782"},{"taxonomy":"product_tag","embeddable":true,"href":"https:\/\/ugoman.net\/es\/wp-json\/wp\/v2\/product_tag?post=131782"}],"curies":[{"name":"wp","href":"https:\/\/api.w.org\/{rel}","templated":true}]}}