{"id":143128,"date":"2023-10-01T19:33:14","date_gmt":"2023-10-01T16:33:14","guid":{"rendered":"https:\/\/ugoman.net\/product\/steel-pearls\/"},"modified":"2024-03-20T14:33:21","modified_gmt":"2024-03-20T12:33:21","slug":"steel-pearls","status":"publish","type":"product","link":"https:\/\/ugoman.net\/es\/producto\/steel-pearls\/","title":{"rendered":"Steel &#038; Pearls"},"content":{"rendered":"<p style=\"text-align: center;\"><span style=\"color: #000000;\"><strong>Presentamos nuestro hermoso collar.<\/strong><\/span><\/p>\n<p style=\"text-align: center;\"><span style=\"color: #000000;\"><strong>de perlas naturales y acero noble: el accesorio perfecto.<\/strong><\/span><\/p>\n<p style=\"text-align: center;\"><span style=\"color: #000000;\"><strong>Como beneficio especia<\/strong>l, incluimos una hermosa caja, una bolsa de regalo de terciopelo y un certificado de calidad con cada compra, lo que lo convierte en un regalo perfecto para sus seres queridos o un regalo especial para usted. No pierdas esta oportunidad de poseer un accesorio verdaderamente \u00fanico y significativo.<\/span><\/p>\n<p style=\"text-align: center;\"><span style=\"color: #000000;\"><strong>Haz tu pedido ahora y deja que la fe te inspire todos los d\u00edas.<\/strong><\/span><\/p>\n<p style=\"text-align: center;\">\n<p style=\"text-align: center;\"><span style=\"color: #000000;\">En UGOMAN, nos deleitamos en crear joyas que no solo se ven hermosas, sino que tambi\u00e9n tienen un significado y significado profundos. Nuestro collar con cruz es un testimonio de nuestro compromiso con la artesan\u00eda y el dise\u00f1o de calidad. \u00daselo como s\u00edmbolo de su fe y recordatorio del amor y sacrificio de Cristo.<\/span><\/p>\n<p style=\"text-align: center;\"><span style=\"color: #000000;\">Haz tu pedido ahora y deja que la fe te inspire todos los d\u00edas.<\/span><\/p>\n","protected":false},"excerpt":{"rendered":"[forminator_form id=\"133244\"]\n","protected":false},"featured_media":135797,"template":"","meta":{"advanced_seo_description":"","jetpack_seo_html_title":"","jetpack_seo_noindex":false,"jetpack_post_was_ever_published":false,"jetpack_publicize_message":"","jetpack_publicize_feature_enabled":true,"jetpack_social_post_already_shared":true,"jetpack_social_options":{"image_generator_settings":{"template":"highway","default_image_id":0,"font":"","enabled":false},"version":2},"_wpas_customize_per_network":false},"product_brand":[],"product_cat":[3017,2953,3025],"product_tag":[],"class_list":{"0":"post-143128","1":"product","2":"type-product","3":"status-publish","4":"has-post-thumbnail","6":"product_cat-collares","7":"product_cat-collares-de-piedra-natural","8":"product_cat-pendiente","10":"first","11":"instock","12":"purchasable","13":"product-type-simple"},"exclude_global_add_ons":[],"addons":[],"gallery_images":[135601,135782,135633,135609,135790,135617,135625,119078,119086],"jetpack_publicize_connections":[],"jetpack_likes_enabled":true,"jetpack_sharing_enabled":true,"_links":{"self":[{"href":"https:\/\/ugoman.net\/es\/wp-json\/wp\/v2\/product\/143128","targetHints":{"allow":["GET"]}}],"collection":[{"href":"https:\/\/ugoman.net\/es\/wp-json\/wp\/v2\/product"}],"about":[{"href":"https:\/\/ugoman.net\/es\/wp-json\/wp\/v2\/types\/product"}],"wp:featuredmedia":[{"embeddable":true,"href":"https:\/\/ugoman.net\/es\/wp-json\/wp\/v2\/media\/135797"}],"wp:attachment":[{"href":"https:\/\/ugoman.net\/es\/wp-json\/wp\/v2\/media?parent=143128"}],"wp:term":[{"taxonomy":"product_brand","embeddable":true,"href":"https:\/\/ugoman.net\/es\/wp-json\/wp\/v2\/product_brand?post=143128"},{"taxonomy":"product_cat","embeddable":true,"href":"https:\/\/ugoman.net\/es\/wp-json\/wp\/v2\/product_cat?post=143128"},{"taxonomy":"product_tag","embeddable":true,"href":"https:\/\/ugoman.net\/es\/wp-json\/wp\/v2\/product_tag?post=143128"}],"curies":[{"name":"wp","href":"https:\/\/api.w.org\/{rel}","templated":true}]}}