{"id":141502,"date":"2024-03-15T19:09:53","date_gmt":"2024-03-15T17:09:53","guid":{"rendered":"https:\/\/ugoman.net\/?page_id=141502"},"modified":"2024-03-15T19:09:53","modified_gmt":"2024-03-15T17:09:53","slug":"minosegi-bizonyitvany","status":"publish","type":"page","link":"https:\/\/ugoman.net\/hu\/minosegi-bizonyitvany\/","title":{"rendered":"Min\u0151s\u00e9gi bizony\u00edtv\u00e1ny"},"content":{"rendered":"<section class=\"wpb-content-wrapper\"><p>[vc_row][vc_column][vc_column_text css_animation=&#8221;fadeIn&#8221;]<\/p>\n<h4 style=\"text-align: center;\"><img data-recalc-dims=\"1\" loading=\"lazy\" decoding=\"async\" class=\"wp-image-113548 alignleft\" src=\"https:\/\/i0.wp.com\/ugoman.net\/wp-content\/uploads\/2022\/09\/412424124.jpg?resize=350%2C369&#038;ssl=1\" alt=\"\" width=\"350\" height=\"369\" srcset=\"https:\/\/i0.wp.com\/ugoman.net\/wp-content\/uploads\/2022\/09\/412424124.jpg?resize=285%2C300&amp;ssl=1 285w, https:\/\/i0.wp.com\/ugoman.net\/wp-content\/uploads\/2022\/09\/412424124.jpg?resize=973%2C1024&amp;ssl=1 973w, https:\/\/i0.wp.com\/ugoman.net\/wp-content\/uploads\/2022\/09\/412424124.jpg?resize=768%2C808&amp;ssl=1 768w, https:\/\/i0.wp.com\/ugoman.net\/wp-content\/uploads\/2022\/09\/412424124.jpg?resize=1460%2C1536&amp;ssl=1 1460w, https:\/\/i0.wp.com\/ugoman.net\/wp-content\/uploads\/2022\/09\/412424124.jpg?resize=1100%2C1157&amp;ssl=1 1100w, https:\/\/i0.wp.com\/ugoman.net\/wp-content\/uploads\/2022\/09\/412424124.jpg?resize=1320%2C1389&amp;ssl=1 1320w, https:\/\/i0.wp.com\/ugoman.net\/wp-content\/uploads\/2022\/09\/412424124.jpg?resize=600%2C631&amp;ssl=1 600w, https:\/\/i0.wp.com\/ugoman.net\/wp-content\/uploads\/2022\/09\/412424124.jpg?resize=64%2C67&amp;ssl=1 64w, https:\/\/i0.wp.com\/ugoman.net\/wp-content\/uploads\/2022\/09\/412424124.jpg?w=2200&amp;ssl=1 2200w\" sizes=\"auto, (max-width: 350px) 100vw, 350px\" \/><\/h4>\n<p style=\"text-align: center;\">\n<p style=\"text-align: center;\"><strong><span style=\"color: #000000;\">Eur\u00f3pai eredetis\u00e9gigazol\u00e1s<\/span><\/strong><br \/>\n<strong><span style=\"color: #000000;\">UGOMAN<\/span><\/strong><\/p>\n<p style=\"text-align: center;\"><span style=\"color: #000000;\">Minden megv\u00e1s\u00e1rolt term\u00e9khez minden v\u00e1s\u00e1rl\u00f3nk megkapja az eredetis\u00e9gigazol\u00e1st, amely garant\u00e1lja, hogy az \u00d6n \u00e1ltal v\u00e1s\u00e1rolt term\u00e9k az &#8222;UGOMAN&#8221; m\u00e1rka eredetije.<\/span><br \/>\n<span style=\"color: #000000;\">Az Eredeti Tan\u00fas\u00edtv\u00e1ny garant\u00e1lja, hogy az &#8222;UGOMAN&#8221; m\u00e1rka term\u00e9kei NEM v\u00e1ltoztatj\u00e1k meg a sz\u00ednt, a megjelen\u00e9st \u00e9s a form\u00e1t, \u00e9s ez mag\u00e1ban foglalja az &#8222;UGOMAN GOLD&#8221; kollekci\u00f3 term\u00e9keinek aranyoz\u00e1s\u00e1t is.<\/span><\/p>\n<p>&nbsp;<\/p>\n<h4><\/h4>\n<h4><\/h4>\n<h4><\/h4>\n<h4>* Az &#8222;UGOMAN&#8221; m\u00e1rk\u00e1j\u00fa term\u00e9kek kiv\u00e1l\u00f3 min\u0151s\u00e9g\u0171 316L-es rozsdamentes ac\u00e9lb\u00f3l k\u00e9sz\u00fclnek (orvosi min\u0151s\u00e9g\u0171).<br \/>\n* Minden term\u00e9ket egy min\u0151s\u00edtett \u00e9kszer\u00e9sz alaposan megvizsg\u00e1l, majd min\u0151s\u00e9gi tan\u00fas\u00edtv\u00e1nyt kap.<br \/>\n* A nemes, orvosi min\u0151s\u00e9g\u0171 ac\u00e9l rozsda- \u00e9s antiallerg\u00e9n!<br \/>\n* \u00c9kszereinket luxus vel\u00far csomagol\u00e1sban \u00e9s UGOMAN c\u00e9ges dobozban kapja meg<\/h4>\n<h4><img data-recalc-dims=\"1\" loading=\"lazy\" decoding=\"async\" class=\" wp-image-113523 alignright\" src=\"https:\/\/i0.wp.com\/ugoman.net\/wp-content\/uploads\/2022\/09\/246236362364-300x260.jpg?resize=414%2C359&#038;ssl=1\" alt=\"\" width=\"414\" height=\"359\" srcset=\"https:\/\/i0.wp.com\/ugoman.net\/wp-content\/uploads\/2022\/09\/246236362364.jpg?resize=300%2C260&amp;ssl=1 300w, https:\/\/i0.wp.com\/ugoman.net\/wp-content\/uploads\/2022\/09\/246236362364.jpg?resize=1024%2C888&amp;ssl=1 1024w, https:\/\/i0.wp.com\/ugoman.net\/wp-content\/uploads\/2022\/09\/246236362364.jpg?resize=768%2C666&amp;ssl=1 768w, https:\/\/i0.wp.com\/ugoman.net\/wp-content\/uploads\/2022\/09\/246236362364.jpg?resize=1100%2C954&amp;ssl=1 1100w, https:\/\/i0.wp.com\/ugoman.net\/wp-content\/uploads\/2022\/09\/246236362364.jpg?resize=600%2C521&amp;ssl=1 600w, https:\/\/i0.wp.com\/ugoman.net\/wp-content\/uploads\/2022\/09\/246236362364.jpg?resize=64%2C56&amp;ssl=1 64w, https:\/\/i0.wp.com\/ugoman.net\/wp-content\/uploads\/2022\/09\/246236362364.jpg?w=1268&amp;ssl=1 1268w\" sizes=\"auto, (max-width: 414px) 100vw, 414px\" \/><\/h4>\n<p>&nbsp;<\/p>\n<p>&nbsp;<\/p>\n<h4 style=\"text-align: center;\">&#8222;UGOMAN GOLD&#8221; kollekci\u00f3.<br \/>\nA kollekci\u00f3ban tal\u00e1lhat\u00f3 term\u00e9kek<br \/>\nv\u00e9kony ac\u00e9lb\u00f3l k\u00e9sz\u00fclt<br \/>\n18 kar\u00e1tos aranyoz\u00e1ssal.<br \/>\nAz aranyozott bevonat rendk\u00edv\u00fcl tart\u00f3s \u00e9s nem v\u00e1ltoztatja meg megjelen\u00e9s\u00e9t vagy sz\u00edn\u00e9t m\u00e9g haszn\u00e1lat \u00e9s nedvess\u00e9g hat\u00e1s\u00e1ra sem.<\/h4>\n<p>&nbsp;<\/p>\n<p>&nbsp;<\/p>\n<h4><\/h4>\n<p>&nbsp;<\/p>\n<h4><\/h4>\n<p style=\"text-align: center;\"><span style=\"color: #000000;\">Nagy!<\/span><\/p>\n<p style=\"text-align: center;\"><span style=\"color: #000000;\">Ez a tan\u00fas\u00edtv\u00e1ny nem garant\u00e1lja az \u00e9kszer mechanikai \u00e1llapot\u00e1t, t\u00f6r\u00f6tt vagy hi\u00e1nyz\u00f3 r\u00e9szeit, illetve a leejtett vagy elveszett k\u00f6veket.<\/span><br \/>\n<span style=\"color: #000000;\">A garancia csak a term\u00e9k sz\u00edn\u00e9re, t\u00edpus\u00e1ra \u00e9s form\u00e1j\u00e1ra vonatkozik<\/span><\/p>\n<p>[\/vc_column_text][\/vc_column][\/vc_row]<\/p>\n<p style=\"text-align: center;\">\n<\/section>","protected":false},"excerpt":{"rendered":"<p>[vc_row][vc_column][vc_column_text css_animation=&#8221;fadeIn&#8221;] Eur\u00f3pai eredetis\u00e9gigazol\u00e1s UGOMAN Minden megv\u00e1s\u00e1rolt term\u00e9khez minden v\u00e1s\u00e1rl\u00f3nk megkapja az eredetis\u00e9gigazol\u00e1st, amely garant\u00e1lja, hogy az \u00d6n \u00e1ltal v\u00e1s\u00e1rolt term\u00e9k az &#8222;UGOMAN&#8221; m\u00e1rka eredetije. Az Eredeti Tan\u00fas\u00edtv\u00e1ny garant\u00e1lja, hogy az &#8222;UGOMAN&#8221; m\u00e1rka term\u00e9kei NEM v\u00e1ltoztatj\u00e1k meg a sz\u00ednt, a megjelen\u00e9st \u00e9s a form\u00e1t, \u00e9s [&hellip;]<\/p>\n","protected":false},"author":214302338,"featured_media":0,"parent":0,"menu_order":0,"comment_status":"closed","ping_status":"closed","template":"","meta":{"advanced_seo_description":"","jetpack_seo_html_title":"","jetpack_seo_noindex":false,"footnotes":""},"class_list":["post-141502","page","type-page","status-publish","hentry"],"jetpack_likes_enabled":true,"jetpack_sharing_enabled":true,"jetpack_shortlink":"https:\/\/wp.me\/Pdy1Xa-AOi","amp_enabled":true,"_links":{"self":[{"href":"https:\/\/ugoman.net\/hu\/wp-json\/wp\/v2\/pages\/141502","targetHints":{"allow":["GET"]}}],"collection":[{"href":"https:\/\/ugoman.net\/hu\/wp-json\/wp\/v2\/pages"}],"about":[{"href":"https:\/\/ugoman.net\/hu\/wp-json\/wp\/v2\/types\/page"}],"author":[{"embeddable":true,"href":"https:\/\/ugoman.net\/hu\/wp-json\/wp\/v2\/users\/214302338"}],"replies":[{"embeddable":true,"href":"https:\/\/ugoman.net\/hu\/wp-json\/wp\/v2\/comments?post=141502"}],"version-history":[{"count":2,"href":"https:\/\/ugoman.net\/hu\/wp-json\/wp\/v2\/pages\/141502\/revisions"}],"predecessor-version":[{"id":141504,"href":"https:\/\/ugoman.net\/hu\/wp-json\/wp\/v2\/pages\/141502\/revisions\/141504"}],"wp:attachment":[{"href":"https:\/\/ugoman.net\/hu\/wp-json\/wp\/v2\/media?parent=141502"}],"curies":[{"name":"wp","href":"https:\/\/api.w.org\/{rel}","templated":true}]}}