{"id":26673,"date":"2021-12-21T17:40:54","date_gmt":"2021-12-21T15:40:54","guid":{"rendered":"https:\/\/ugoman.net\/rolunk\/"},"modified":"2024-03-15T17:18:24","modified_gmt":"2024-03-15T15:18:24","slug":"rolunk","status":"publish","type":"page","link":"https:\/\/ugoman.net\/hu\/rolunk\/","title":{"rendered":"R\u00f3lunk"},"content":{"rendered":"<section class=\"wpb-content-wrapper\"><p>[vc_row css=&#8221;.vc_custom_1460464383359{background-image: url(<a href=\"http:\/\/walker.edge-themes.com\/wp-content\/uploads\/2016\/03\/about-background-1.jpg?id=1437\" rel=\"nofollow\">http:\/\/walker.edge-themes.com\/wp-content\/uploads\/2016\/03\/about-background-1.jpg?id=1437<\/a>) !important;background-position: center !important;background-repeat: no-repeat !important;background-size: cover !important;}&#8221;][vc_column]<div class=\"edgtf-elements-holder edgtf-responsive-mode-768\" ><div class=\"edgtf-elements-holder-item \"  >\n\t<div class=\"edgtf-elements-holder-item-inner\">\n\t\t\t\t<div class=\"edgtf-elements-holder-item-content edgtf-elements-holder-custom-646758\" style=\"padding: 17% 11% 14.9% 48%\">\n\t\t\t\t\t\t<style type=\"text\/css\" data-type=\"edgtf-elements-custom-padding\" scoped>\n\t\t\t\t\t\t\t\t\t@media only screen and (min-width: 1280px) and (max-width: 1440px) {\n\t\t\t\t\t\t.edgtf-elements-holder .edgtf-elements-holder-item-content.edgtf-elements-holder-custom-646758 {\n\t\t\t\t\t\t\tpadding: 16% 6% 12.7% 47% !important;\n\t\t\t\t\t\t}\n\t\t\t\t\t}\n\t\t\t\t\t\t\t\t\t\t\t\t\t@media only screen and (min-width: 1024px) and (max-width: 1280px) {\n\t\t\t\t\t\t.edgtf-elements-holder .edgtf-elements-holder-item-content.edgtf-elements-holder-custom-646758 {\n\t\t\t\t\t\t\tpadding: 12% 6% 6.8% 47% !important;\n\t\t\t\t\t\t}\n\t\t\t\t\t}\n\t\t\t\t\t\t\t\t\t\t\t\t@media only screen and (min-width: 768px) and (max-width: 1024px) {\n\t\t\t\t\t.edgtf-elements-holder .edgtf-elements-holder-item-content.edgtf-elements-holder-custom-646758 {\n\t\t\t\t\t\tpadding: 7% 6% 6.1% 45% !important;\n\t\t\t\t\t}\n\t\t\t\t}\n\t\t\t\t\t\t\t\t\t\t\t\t@media only screen and (min-width: 600px) and (max-width: 768px) {\n\t\t\t\t\t.edgtf-elements-holder .edgtf-elements-holder-item-content.edgtf-elements-holder-custom-646758 {\n\t\t\t\t\t\tpadding: 10% 6% 10.5% 42% !important;\n\t\t\t\t\t}\n\t\t\t\t}\n\t\t\t\t\t\t\t\t\t\t\t\t@media only screen and (min-width: 480px) and (max-width: 600px) {\n\t\t\t\t\t.edgtf-elements-holder .edgtf-elements-holder-item-content.edgtf-elements-holder-custom-646758 {\n\t\t\t\t\t\tpadding: 15% 7% 15.9% 39% !important;\n\t\t\t\t\t}\n\t\t\t\t}\n\t\t\t\t\t\t\t\t\t\t\t\t@media only screen and (max-width: 480px) {\n\t\t\t\t\t.edgtf-elements-holder .edgtf-elements-holder-item-content.edgtf-elements-holder-custom-646758 {\n\t\t\t\t\t\tpadding: 19% 12% 18.9% 12% !important;\n\t\t\t\t\t}\n\t\t\t\t}\n\t\t\t\t\t\t\t\t<\/style>\n\t\t\t\t\t\t<div class=\"edgtf-custom-font-holder\" style=\"font-family: Raleway;font-size: 50px;line-height: 58px;font-weight: 800;letter-spacing: 2.5px;text-transform: Uppercase;color: #333333\" data-font-size= 50  data-line-height= 58>\n\t<span class=\"edgtf-custom-font-original\">UGOMAN<\/span>\n\t<\/div>[vc_empty_space height=&#8221;39&#8243;]<div class=\"edgtf-custom-font-holder\" style=\"font-family: Raleway;font-size: 18px;line-height: 34px;font-weight: 400;letter-spacing: 0px;color: #333333\" data-font-size= 18  data-line-height= 34>\n\t<span class=\"edgtf-custom-font-original\">Korl\u00e1tlan divat felfedez\u00e9sek. Az UGOMAN m\u00e1rka t\u00f6bb mint 15 \u00e9ve k\u00edn\u00e1l izgalmas divatlehet\u0151s\u00e9geket fogyaszt\u00f3k ezrei sz\u00e1m\u00e1ra.<\/span>\n\t<\/div>[vc_empty_space height=&#8221;32&#8243;]<div class=\"edgtf-custom-font-holder\" style=\"font-family: Raleway;font-size: 18px;line-height: 34px;font-weight: 400;letter-spacing: 0px;color: #333333\" data-font-size= 18  data-line-height= 34>\n\t<span class=\"edgtf-custom-font-original\">Web\u00e1ruh\u00e1zunkban sokf\u00e9le term\u00e9k kap helyet, \u00edgy megtelnek a sz\u00fcks\u00e9ges adag inspir\u00e1ci\u00f3val az \u00faj st\u00edlusok \u00e9s kombin\u00e1ci\u00f3k kipr\u00f3b\u00e1l\u00e1s\u00e1hoz. Tegyen felejthetetlen benyom\u00e1st aj\u00e1nlatainkkal. Az UGOMAN rozsdamentes ac\u00e9l \u00e9kszerek nagyszer\u0171 m\u00f3dja annak, hogy st\u00edlust adjon megjelen\u00e9s\u00e9hez. Az \u00e9kszerek k\u00e9sz\u00edt\u00e9s\u00e9nek technol\u00f3gi\u00e1ja a legapr\u00f3bb r\u00e9szletekig kompromisszumok n\u00e9lk\u00fcli precizit\u00e1st tesz lehet\u0151v\u00e9 a gy\u00e1rt\u00e1s sor\u00e1n. A nemesac\u00e9lt kiv\u00e9teles korr\u00f3zi\u00f3- \u00e9s rozsd\u00e1s\u00e1ll\u00f3s\u00e1ga, alacsony karbantart\u00e1si ig\u00e9nye \u00e9s ismer\u0151s f\u00e9nye teszi ide\u00e1lis anyagg\u00e1 UGOMAN m\u00e1rk\u00e1j\u00fa \u00e9kszereink sz\u00e1m\u00e1ra.<\/span>\n\t<\/div>[vc_empty_space height=&#8221;54&#8243;]\t\t<\/div>\n\t<\/div>\n<\/div><\/div>[\/vc_column][\/vc_row][vc_row css=&#8221;.vc_custom_1460634968212{margin-right: -20px !important;margin-left: -20px !important;padding-top: 10px !important;}&#8221;][vc_column]<div class=\"edgtf-elements-holder edgtf-five-columns edgtf-responsive-mode-600\" ><div class=\"edgtf-elements-holder-item edgtf-horizontal-alignment-center\"  >\n\t<div class=\"edgtf-elements-holder-item-inner\">\n\t\t\t\t<div class=\"edgtf-elements-holder-item-content edgtf-elements-holder-custom-808473\" style=\"padding: 0px 5px 10px 5px\">\n\t\t\t\t\t\t<a class=\"edgtf-social-btn-holder\" href=\"https:\/\/www.facebook.com\/UGOMAN.JEWELRY\" target=\"_blank\" style=\"width: 100%;font-style: normal;color: #333\" data-hover-color=\"#333\" data-color=\"#333\">\n\t<span class=\"edgtf-social-btn-title\" data-title=\"FACEBOOK\">FACEBOOK<\/span>\n<\/a>\n\t\t<\/div>\n\t<\/div>\n<\/div><div class=\"edgtf-elements-holder-item edgtf-horizontal-alignment-center\"  >\n\t<div class=\"edgtf-elements-holder-item-inner\">\n\t\t\t\t<div class=\"edgtf-elements-holder-item-content edgtf-elements-holder-custom-500870\" style=\"padding: 0px 5px 10px 5px\">\n\t\t\t\t\t\t\t\t<\/div>\n\t<\/div>\n<\/div><div class=\"edgtf-elements-holder-item edgtf-horizontal-alignment-center\"  >\n\t<div class=\"edgtf-elements-holder-item-inner\">\n\t\t\t\t<div class=\"edgtf-elements-holder-item-content edgtf-elements-holder-custom-779239\" style=\"padding: 0px 5px 10px 5px\">\n\t\t\t\t\t\t\t\t<\/div>\n\t<\/div>\n<\/div><div class=\"edgtf-elements-holder-item edgtf-horizontal-alignment-center\"  >\n\t<div class=\"edgtf-elements-holder-item-inner\">\n\t\t\t\t<div class=\"edgtf-elements-holder-item-content edgtf-elements-holder-custom-757305\" style=\"padding: 0px 5px 10px 5px\">\n\t\t\t\t\t\t\t\t<\/div>\n\t<\/div>\n<\/div><div class=\"edgtf-elements-holder-item edgtf-horizontal-alignment-center\"  >\n\t<div class=\"edgtf-elements-holder-item-inner\">\n\t\t\t\t<div class=\"edgtf-elements-holder-item-content edgtf-elements-holder-custom-103489\" style=\"padding: 0px 5px 10px 5px\">\n\t\t\t\t\t\t<a class=\"edgtf-social-btn-holder\" href=\"https:\/\/www.instagram.com\/ugoman_official\/\" target=\"_blank\" style=\"width: 100%;font-style: normal;color: #333\" data-hover-color=\"#333\" data-color=\"#333\">\n\t<span class=\"edgtf-social-btn-title\" data-title=\"INSTAGRAM\">INSTAGRAM<\/span>\n<\/a>\n\t\t<\/div>\n\t<\/div>\n<\/div><\/div>[\/vc_column][\/vc_row]<\/p>\n<\/section>","protected":false},"excerpt":{"rendered":"<p>[vc_row css=&#8221;.vc_custom_1460464383359{background-image: url(<a href=\"http:\/\/walker.edge-themes.com\/wp-content\/uploads\/2016\/03\/about-background-1.jpg?id=1437\" rel=\"nofollow\">http:\/\/walker.edge-themes.com\/wp-content\/uploads\/2016\/03\/about-background-1.jpg?id=1437<\/a>) !important;background-position: center !important;background-repeat: no-repeat !important;background-size: cover !important;}&#8221;][vc_column][\/vc_column][\/vc_row][vc_row css=&#8221;.vc_custom_1460634968212{margin-right: -20px !important;margin-left: -20px !important;padding-top: 10px !important;}&#8221;][vc_column][\/vc_column][\/vc_row]<\/p>\n","protected":false},"author":214302338,"featured_media":0,"parent":0,"menu_order":0,"comment_status":"closed","ping_status":"closed","template":"full-width.php","meta":{"advanced_seo_description":"","jetpack_seo_html_title":"","jetpack_seo_noindex":false,"footnotes":""},"class_list":["post-26673","page","type-page","status-publish","hentry"],"jetpack_likes_enabled":true,"jetpack_sharing_enabled":true,"jetpack_shortlink":"https:\/\/wp.me\/Pdy1Xa-6Wd","amp_enabled":false,"_links":{"self":[{"href":"https:\/\/ugoman.net\/hu\/wp-json\/wp\/v2\/pages\/26673","targetHints":{"allow":["GET"]}}],"collection":[{"href":"https:\/\/ugoman.net\/hu\/wp-json\/wp\/v2\/pages"}],"about":[{"href":"https:\/\/ugoman.net\/hu\/wp-json\/wp\/v2\/types\/page"}],"author":[{"embeddable":true,"href":"https:\/\/ugoman.net\/hu\/wp-json\/wp\/v2\/users\/214302338"}],"replies":[{"embeddable":true,"href":"https:\/\/ugoman.net\/hu\/wp-json\/wp\/v2\/comments?post=26673"}],"version-history":[{"count":4,"href":"https:\/\/ugoman.net\/hu\/wp-json\/wp\/v2\/pages\/26673\/revisions"}],"predecessor-version":[{"id":141487,"href":"https:\/\/ugoman.net\/hu\/wp-json\/wp\/v2\/pages\/26673\/revisions\/141487"}],"wp:attachment":[{"href":"https:\/\/ugoman.net\/hu\/wp-json\/wp\/v2\/media?parent=26673"}],"curies":[{"name":"wp","href":"https:\/\/api.w.org\/{rel}","templated":true}]}}