{"id":75717,"date":"2022-01-17T00:18:04","date_gmt":"2022-01-16T22:18:04","guid":{"rendered":"https:\/\/ugoman.net\/%d0%bf%d0%be%d0%b2%d0%b5%d1%80%d0%b8%d1%82%d0%b5%d0%bb%d0%bd%d0%be%d1%81%d1%82-%d0%b3%d0%b0%d1%80%d0%b0%d0%bd%d1%86%d0%b8%d0%b8-%d1%80%d0%b5%d0%ba%d0%bb%d0%b0%d0%bc%d0%b0%d1%86%d0%b8%d0%b8\/"},"modified":"2024-03-15T22:07:00","modified_gmt":"2024-03-15T20:07:00","slug":"%d0%bf%d0%be%d0%b2%d0%b5%d1%80%d0%b8%d1%82%d0%b5%d0%bb%d0%bd%d0%be%d1%81%d1%82-%d0%b3%d0%b0%d1%80%d0%b0%d0%bd%d1%86%d0%b8%d0%b8-%d1%80%d0%b5%d0%ba%d0%bb%d0%b0%d0%bc%d0%b0%d1%86%d0%b8%d0%b8","status":"publish","type":"page","link":"https:\/\/ugoman.net\/hu\/%d0%bf%d0%be%d0%b2%d0%b5%d1%80%d0%b8%d1%82%d0%b5%d0%bb%d0%bd%d0%be%d1%81%d1%82-%d0%b3%d0%b0%d1%80%d0%b0%d0%bd%d1%86%d0%b8%d0%b8-%d1%80%d0%b5%d0%ba%d0%bb%d0%b0%d0%bc%d0%b0%d1%86%d0%b8%d0%b8\/","title":{"rendered":"Adatv\u00e9delem, garanci\u00e1k, k\u00f6vetel\u00e9sek"},"content":{"rendered":"<section class=\"wpb-content-wrapper\"><p>[vc_row][vc_column][vc_column_text css_animation=&#8221;fadeIn&#8221;]<\/p>\n<p>BEJEGYZ\u00c9S<\/p>\n<p>A <a href=\"https:\/\/ugoman.net\/\">https:\/\/ugoman.net\/<\/a> oldalon t\u00f6rt\u00e9n\u0151 regisztr\u00e1ci\u00f3hoz a k\u00f6vetkez\u0151 adatokat kell megadnia mag\u00e1r\u00f3l: Neve, e-mail c\u00edme, telefonsz\u00e1ma \u00e9s c\u00edme. A leadott megrendel\u00e9s visszaigazol\u00e1s\u00e1hoz \u00e9s annak kisz\u00e1ll\u00edt\u00e1s\u00e1hoz regisztr\u00e1ci\u00f3 sz\u00fcks\u00e9ges Az \u201eEgyet\u00e9rtek az \u00c1ltal\u00e1nos Szerz\u0151d\u00e9si Felt\u00e9telekkel\u201d jel\u00f6l\u0151n\u00e9gyzet bejel\u00f6l\u00e9s\u00e9vel \u00d6n az elektronikus okiratr\u00f3l \u00e9s al\u00e1\u00edr\u00e1sr\u00f3l sz\u00f3l\u00f3 t\u00f6rv\u00e9ny \u00e9rtelm\u00e9ben elektronikus k\u00e9relmet ny\u00fajt be, amellyel elfogadja, hogy \u00d6n ismeri ezeket az \u00c1ltal\u00e1nos Szerz\u0151d\u00e9si Felt\u00e9teleket.<\/p>\n<p>SZEM\u00c9LYES ADATOK V\u00c9DELME<\/p>\n<p>Minden adatot \u00e9s inform\u00e1ci\u00f3t, amelyet a rendel\u00e9s lek\u00e9r\u00e9sekor vagy az oldalon t\u00f6rt\u00e9n\u0151 regisztr\u00e1ci\u00f3 sor\u00e1n ad meg, kiz\u00e1r\u00f3lag a megrendel\u00e9s feldolgoz\u00e1s\u00e1hoz \u00e9s k\u00e9zbes\u00edt\u00e9s\u00e9hez haszn\u00e1lunk fel. Felhaszn\u00e1lhat\u00f3k az \u00d6n kifejezett hozz\u00e1j\u00e1rul\u00e1s\u00e1val a rekl\u00e1mh\u00edrlevelek fogad\u00e1sakor is. Szem\u00e9lyes adatait harmadik f\u00e9llel nem adjuk ki, kiv\u00e9ve a term\u00e9krendel\u00e9st k\u00e9zbes\u00edt\u0151 fut\u00e1rc\u00e9get. Ha m\u00f3dos\u00edtani k\u00edv\u00e1nja a l\u00e9trehozott regisztr\u00e1ci\u00f3j\u00e1ban szerepl\u0151 adatokat, ez a felhaszn\u00e1l\u00f3i profilb\u00f3l t\u00f6rt\u00e9nik. Profilja t\u00f6r\u00f6lhet\u0151, ha kapcsolatba l\u00e9p vel\u00fcnk az ugoman.shop@gmail.com telefonsz\u00e1mon: +359 877403344. Web\u00e1ruh\u00e1zunk haszn\u00e1lat\u00e1val \u00d6n kifejezetten hozz\u00e1j\u00e1rul adatainak https:\/ \/ugoman.net\/ \u00e1ltali gy\u0171jt\u00e9s\u00e9hez \u00e9s feldolgoz\u00e1s\u00e1hoz.<\/p>\n<p>PANASZ \u00c9S CSERE<\/p>\n<p>PANASZ<\/p>\n<p>A <a href=\"http:\/\/www.ugoman.net\" rel=\"nofollow\">http:\/\/www.ugoman.net<\/a> web\u00e1ruh\u00e1z biztos\u00edtja v\u00e1s\u00e1rl\u00f3it, hogy az \u00e1tv\u00e9telt\u0151l sz\u00e1m\u00edtott 14 napon bel\u00fcl visszak\u00fcldheti a megv\u00e1s\u00e1rolt \u00e1rut, felt\u00e9ve, hogy nem haszn\u00e1lt, tiszta, mell\u00e9kszagok (p\u00e9ld\u00e1ul kr\u00e9m vagy parf\u00fcm) n\u00e9lk\u00fcl, k\u00eds\u00e9rettel. \u00e1ltal az eredeti dobozzal, c\u00edmk\u00e9vel \u00e9s a v\u00e1s\u00e1rl\u00e1st igazol\u00f3 bizonylattal (a rendel\u00e9si specifik\u00e1ci\u00f3val egy\u00fctt kaptuk).<\/p>\n<p>Ehhez a k\u00fcldem\u00e9ny-visszak\u00fcld\u00e9si \u0171rlapot kell kit\u00f6lteni, v\u00e1laszunk ut\u00e1n a k\u00fcldem\u00e9nyt a k\u00f6vetkez\u0151 c\u00edmre kell elk\u00fcldeni:<\/p>\n<p>Sz\u00f3fia 1138<br \/>\nBul. Georgi Belov 25, fl. 2, UGOMAN<br \/>\nTel. +359 87740 3344<\/p>\n<p>&nbsp;<\/p>\n<p>A SZ\u00c1LL\u00cdT\u00c1ST CSATLAKOZNI KELL:<\/p>\n<p>A v\u00e1s\u00e1rl\u00e1st igazol\u00f3 igazol\u00e1s a megrendel\u00e9ssel egy\u00fctt kapott igazol\u00e1s form\u00e1j\u00e1ban.<\/p>\n<p>Amennyiben a le\u00edrt felt\u00e9telek nem teljes\u00fclnek, a reklam\u00e1ci\u00f3s k\u00e9relem nem ker\u00fcl elb\u00edr\u00e1l\u00e1sra.<\/p>\n<p>A meghirdetett \u00e1ruk postak\u00f6lts\u00e9ge a v\u00e1s\u00e1rl\u00f3t terheli.<\/p>\n<p>Ut\u00e1nv\u00e9tes visszak\u00fcld\u00e9st nem fogadunk el.<\/p>\n<p>Reklam\u00e1ci\u00f3 eset\u00e9n a feladott \u00e1ru \u00e9rt\u00e9k\u00e9t a k\u00e9relemnek megfelel\u0151en visszak\u00fcldj\u00fck, az els\u0151 ig\u00e9nyl\u00e9s elk\u00fcld\u00e9s\u00e9nek k\u00f6lts\u00e9geit \u00e1tsz\u00e1molva, \u00e9s a postak\u00f6lts\u00e9get a visszak\u00fcldend\u0151 \u00f6sszegb\u0151l levonva.<\/p>\n<p>A visszak\u00fcld\u00f6tt \u00e1ru \u00e1tv\u00e9tel\u00e9t k\u00f6vet\u0151en (amelyr\u0151l e-mailben k\u00fcldj\u00fck el az inform\u00e1ci\u00f3t) 7 munkanapon bel\u00fcl visszak\u00fcldj\u00fck az esed\u00e9kes \u00f6sszeget. Az \u00f6sszeget visszautaljuk: arra a banksz\u00e1ml\u00e1ra, amelynek sz\u00e1m\u00e1t a fut\u00e1rc\u00e9g \u00e1ltal megadott \u0171rlapon meg kell adni.<\/p>\n<p>Azokat az \u00e1rukat, amelyekre nem \u00e1ll m\u00f3dunkban visszak\u00fcldeni vagy reklam\u00e1lni (ha a megadott hat\u00e1rid\u0151n t\u00fal k\u00fcldik; ha nem k\u00eds\u00e9ri \u00e1tv\u00e9teli elismerv\u00e9nyt, visszak\u00fcld\u00e9si nyomtatv\u00e1nyt, c\u00edmk\u00e9k n\u00e9lk\u00fcl vagy doboz n\u00e9lk\u00fcl; ha szennyezett), visszak\u00fcldj\u00fck a V\u00e1s\u00e1rl\u00f3nak. fi\u00f3kot.<\/p>\n<p>A sz\u00e1ll\u00edt\u00e1s sor\u00e1n keletkezett mechanikai s\u00e9r\u00fcl\u00e9sekkel kapcsolatos reklam\u00e1ci\u00f3k csak a fut\u00e1r jelenl\u00e9t\u00e9ben fel\u00e1ll\u00edtott reklam\u00e1ci\u00f3s jegyz\u0151k\u00f6nyv alapj\u00e1n ker\u00fclnek elb\u00edr\u00e1l\u00e1sra.<\/p>\n<p>A sz\u00e1ll\u00edt\u00e1s sor\u00e1n a nem megfelel\u0151 csomagol\u00e1s miatt megs\u00e9r\u00fclt, visszak\u00fcld\u00f6tt \u00e1rut tartalmaz\u00f3 k\u00fcldem\u00e9nyeket az \u00fcgyf\u00e9l k\u00f6lts\u00e9g\u00e9re visszajuttatjuk. K\u00e9rj\u00fck, ne felejtse el gondosan becsomagolni \u00e9s biztos\u00edtsa a k\u00fcldem\u00e9ny s\u00e9rtetlens\u00e9g\u00e9t.<\/p>\n<p>&nbsp;<\/p>\n<p>Tov\u00e1bbi k\u00e9rd\u00e9seivel telefonon fordulhat az \u201e\u00dcgyf\u00e9lszolg\u00e1lati Oszt\u00e1lyhoz\u201d.<\/p>\n<p>+359 87740 33 44 vagy e-mailben az ugoman.shop@gmail.com<\/p>\n<p>&nbsp;<\/p>\n<p>CSERE<\/p>\n<p>Ha a kapott term\u00e9ket egy m\u00e1sikra szeretn\u00e9 kicser\u00e9lni, k\u00e9rj\u00fck, t\u00f6ltse ki \u00fajra a visszak\u00fcld\u00e9si \u00e9s csere \u0171rlapot<\/p>\n<p>Abban az esetben, ha a megrendelt \u00e9s az \u00e1tvett \u00e1ru m\u00e9rete nem egyez\u0151nek bizonyul, a v\u00e1s\u00e1rl\u00f3nak lehet\u0151s\u00e9ge van a megv\u00e1s\u00e1rolt \u00e1rut az \u00e1tv\u00e9telt\u0151l sz\u00e1m\u00edtott 14 napon bel\u00fcl kicser\u00e9lni, felt\u00e9ve, hogy a visszak\u00fcld\u00f6tt \u00e1ru nem haszn\u00e1lt, tiszta, mell\u00e9kszagokt\u00f3l mentes. (pl. kr\u00e9mek, parf\u00fcm\u00f6k) \u00e9s eredeti doboz\u00e1ban, felirattal.<\/p>\n<p>K\u00e9r\u00e9s\u00e9nek feldolgoz\u00e1sa ut\u00e1n r\u00e9szletes t\u00e1j\u00e9koztat\u00e1st kap, \u00e9s a k\u00fcldem\u00e9nyt vissza kell k\u00fcldenie a k\u00f6vetkez\u0151 c\u00edmre:<\/p>\n<p>Sz\u00f3fia 1138<br \/>\nBul. Georgi Belov 25, fl. 2, UGOMAN<br \/>\nTel. +359 87740 3344<\/p>\n<p>A sz\u00e1ll\u00edtm\u00e1nyhoz mell\u00e9kelni kell:<\/p>\n<p>A v\u00e1s\u00e1rl\u00e1st igazol\u00f3 igazol\u00e1s a megrendel\u00e9ssel egy\u00fctt kapott igazol\u00e1s form\u00e1j\u00e1ban.<\/p>\n<p>Ha a le\u00edrt felt\u00e9telek nem teljes\u00fclnek, a csere nem hajthat\u00f3 v\u00e9gre.<\/p>\n<p>A k\u00fcldem\u00e9ny r\u00e9sz\u00fcnkre t\u00f6rt\u00e9n\u0151 felad\u00e1s\u00e1nak sz\u00e1ll\u00edt\u00e1si k\u00f6lts\u00e9ge \u00d6nt terheli, mi pedig v\u00e1llaljuk, hogy a term\u00e9ket csere eset\u00e9n visszakapjuk.<\/p>\n<p>&nbsp;<\/p>\n<p>K\u00e9rj\u00fck, NE k\u00fcldje el, miel\u0151tt felveszi vel\u00fcnk a kapcsolatot vagy kit\u00f6lti a visszak\u00fcld\u00e9si \u00e9s csere \u0171rlapot<\/p>\n<p>Tov\u00e1bbi k\u00e9rd\u00e9seivel forduljon az &#8222;\u00dcgyf\u00e9lszolg\u00e1lati Oszt\u00e1lyhoz&#8221; az ugoman.shop@gmail.com e-mail c\u00edm\u00fcnk\u00f6n.<\/p>\n<p>[\/vc_column_text][\/vc_column][\/vc_row]<\/p>\n<\/section>","protected":false},"excerpt":{"rendered":"<p>[vc_row][vc_column][vc_column_text css_animation=&#8221;fadeIn&#8221;] BEJEGYZ\u00c9S A <a href=\"https:\/\/ugoman.net\/\">https:\/\/ugoman.net\/<\/a> oldalon t\u00f6rt\u00e9n\u0151 regisztr\u00e1ci\u00f3hoz a k\u00f6vetkez\u0151 adatokat kell megadnia mag\u00e1r\u00f3l: Neve, e-mail c\u00edme, telefonsz\u00e1ma \u00e9s c\u00edme. A leadott megrendel\u00e9s visszaigazol\u00e1s\u00e1hoz \u00e9s annak kisz\u00e1ll\u00edt\u00e1s\u00e1hoz regisztr\u00e1ci\u00f3 sz\u00fcks\u00e9ges Az \u201eEgyet\u00e9rtek az \u00c1ltal\u00e1nos Szerz\u0151d\u00e9si Felt\u00e9telekkel\u201d jel\u00f6l\u0151n\u00e9gyzet bejel\u00f6l\u00e9s\u00e9vel \u00d6n az elektronikus okiratr\u00f3l \u00e9s al\u00e1\u00edr\u00e1sr\u00f3l sz\u00f3l\u00f3 t\u00f6rv\u00e9ny [&hellip;]<\/p>\n","protected":false},"author":214302338,"featured_media":0,"parent":0,"menu_order":0,"comment_status":"closed","ping_status":"closed","template":"","meta":{"advanced_seo_description":"","jetpack_seo_html_title":"","jetpack_seo_noindex":false,"footnotes":""},"class_list":["post-75717","page","type-page","status-publish","hentry"],"jetpack_likes_enabled":true,"jetpack_sharing_enabled":true,"jetpack_shortlink":"https:\/\/wp.me\/Pdy1Xa-jHf","amp_enabled":true,"_links":{"self":[{"href":"https:\/\/ugoman.net\/hu\/wp-json\/wp\/v2\/pages\/75717","targetHints":{"allow":["GET"]}}],"collection":[{"href":"https:\/\/ugoman.net\/hu\/wp-json\/wp\/v2\/pages"}],"about":[{"href":"https:\/\/ugoman.net\/hu\/wp-json\/wp\/v2\/types\/page"}],"author":[{"embeddable":true,"href":"https:\/\/ugoman.net\/hu\/wp-json\/wp\/v2\/users\/214302338"}],"replies":[{"embeddable":true,"href":"https:\/\/ugoman.net\/hu\/wp-json\/wp\/v2\/comments?post=75717"}],"version-history":[{"count":5,"href":"https:\/\/ugoman.net\/hu\/wp-json\/wp\/v2\/pages\/75717\/revisions"}],"predecessor-version":[{"id":141576,"href":"https:\/\/ugoman.net\/hu\/wp-json\/wp\/v2\/pages\/75717\/revisions\/141576"}],"wp:attachment":[{"href":"https:\/\/ugoman.net\/hu\/wp-json\/wp\/v2\/media?parent=75717"}],"curies":[{"name":"wp","href":"https:\/\/api.w.org\/{rel}","templated":true}]}}