{"id":129787,"date":"2023-05-14T15:17:43","date_gmt":"2023-05-14T12:17:43","guid":{"rendered":"https:\/\/ugoman.net\/?post_type=product&#038;p=129787"},"modified":"2024-03-21T01:47:49","modified_gmt":"2024-03-20T23:47:49","slug":"cross-lily-copy","status":"publish","type":"product","link":"https:\/\/ugoman.net\/hu\/termek\/cross-lily-copy\/","title":{"rendered":"GOLDEN Cylinder"},"content":{"rendered":"<p style=\"text-align: center;\"><strong><span style=\"color: #000000;\">Bemutatjuk gy\u00f6ny\u00f6r\u0171 &#8222;Aranyhengeres&#8221; imakark\u00f6t\u0151nket<\/span><\/strong><\/p>\n<p style=\"text-align: center;\"><strong><span style=\"color: #000000;\">rozsdamentes ac\u00e9lb\u00f3l k\u00e9sz\u00fclt, 18 kar\u00e1tos aranyoz\u00e1ssal &#8211; t\u00f6k\u00e9letes kieg\u00e9sz\u00edt\u0151 azoknak, akik sz\u00edv\u00fckh\u00f6z k\u00f6zel szeretn\u00e9k viselni hit\u00fcket. Ez a kark\u00f6t\u0151 egy gy\u00f6ny\u00f6r\u0171 t\u00e1rgyi kark\u00f6t\u0151 &#8222;Miaty\u00e1nk&#8221; im\u00e1val, kiv\u00e1l\u00f3 min\u0151s\u00e9g\u0171, rendk\u00edv\u00fcl tart\u00f3s rozsdamentes ac\u00e9lb\u00f3l \u00e9s term\u00e9szetes hematitb\u00f3l mesterien kidolgozott!<\/span><\/strong><\/p>\n<p style=\"text-align: center;\"><span style=\"color: #000000;\">K\u00fcl\u00f6nleges b\u00f3nuszk\u00e9nt egy gy\u00f6ny\u00f6r\u0171 dobozt \u00e9s vel\u00far aj\u00e1nd\u00e9kt\u00e1sk\u00e1t, valamint min\u0151s\u00e9gi tan\u00fas\u00edtv\u00e1nyt adunk minden v\u00e1s\u00e1rl\u00e1shoz, \u00edgy t\u00f6k\u00e9letes aj\u00e1nd\u00e9k szeretteinek, vagy k\u00fcl\u00f6nleges csemege \u00f6nmaga sz\u00e1m\u00e1ra. Ne hagyja ki ezt a lehet\u0151s\u00e9get, hogy egy igaz\u00e1n egyedi \u00e9s tartalmas kieg\u00e9sz\u00edt\u0151t birtokoljon.<\/span><\/p>\n<p style=\"text-align: center;\"><strong><span style=\"color: #000000;\">Rendeljen most, \u00e9s hagyja, hogy a hit minden nap inspir\u00e1lja.<\/span><\/strong><\/p>\n<p style=\"text-align: center;\"><strong><span style=\"color: #000000;\">F\u00e9rfi kark\u00f6t\u0151<\/span><\/strong><\/p>\n<p style=\"text-align: center;\"><strong><span style=\"color: #000000;\">Kett\u0151s ac\u00e9lzsin\u00f3rra felf\u0171z\u00f6tt f\u00e9ldr\u00e1gak\u00f6vek.<\/span><\/strong><\/p>\n<p style=\"text-align: center;\"><strong><span style=\"color: #000000;\">*K\u00e9zzel k\u00e9sz\u00edtett<\/span><\/strong><\/p>\n<p style=\"text-align: center;\"><strong><span style=\"color: #000000;\">Hematit<\/span><\/strong><\/p>\n<p style=\"text-align: center;\"><strong><span style=\"color: #000000;\"> 6 mm.<\/span><\/strong><\/p>\n<p><img loading=\"lazy\" decoding=\"async\" class=\"aligncenter\" src=\"https:\/\/i0.wp.com\/ugoman.net\/wp-content\/uploads\/content\/ynvMgjo_58nd.png?w=1100&amp;ssl=1\" alt=\"\" width=\"45\" height=\"45\" \/><\/p>\n<p style=\"text-align: center;\"><span style=\"color: #000000;\">Ez a k\u0151 seg\u00edt az optimizmusban, az akaratban \u00e9s a b\u00e1tors\u00e1gban, feloldja a negativit\u00e1st \u00e9s v\u00e9di a lelket. Megnyugtat\u00f3 k\u0151, de egyben t\u00e1maszt is ny\u00fajt a rem\u00e9nyeidhez, \u00e1lmaidhoz, v\u00e1gyaidhoz.<\/span><\/p>\n<p style=\"text-align: center;\"><span style=\"color: #000000;\">Az UGOMAN-n\u00e1l \u00f6r\u00f6mmel k\u00e9sz\u00edt\u00fcnk \u00e9kszereket, amelyek nemcsak gy\u00f6ny\u00f6r\u0171ek, hanem m\u00e9ly jelent\u00e9ssel \u00e9s jelent\u0151s\u00e9ggel is b\u00edrnak. Imakark\u00f6t\u0151nk a min\u0151s\u00e9gi kivitelez\u00e9s \u00e9s tervez\u00e9s ir\u00e1nti elk\u00f6telezetts\u00e9g\u00fcnk bizony\u00edt\u00e9ka. Viseld hited jelk\u00e9pek\u00e9nt, \u00e9s Krisztus szeretet\u00e9re \u00e9s \u00e1ldozat\u00e1ra eml\u00e9keztet\u0151\u00fcl.<\/span><\/p>\n","protected":false},"excerpt":{"rendered":"<p>Bemutatjuk gy\u00f6ny\u00f6r\u0171 &#8222;Aranyhengeres&#8221; imakark\u00f6t\u0151nket rozsdamentes ac\u00e9lb\u00f3l k\u00e9sz\u00fclt, 18 kar\u00e1tos aranyoz\u00e1ssal &#8211; t\u00f6k\u00e9letes kieg\u00e9sz\u00edt\u0151 azoknak, akik sz\u00edv\u00fckh\u00f6z k\u00f6zel szeretn\u00e9k viselni hit\u00fcket. Ez a kark\u00f6t\u0151 egy gy\u00f6ny\u00f6r\u0171 t\u00e1rgyi kark\u00f6t\u0151 &#8222;Miaty\u00e1nk&#8221; im\u00e1val, kiv\u00e1l\u00f3 min\u0151s\u00e9g\u0171, rendk\u00edv\u00fcl tart\u00f3s rozsdamentes ac\u00e9lb\u00f3l \u00e9s term\u00e9szetes hematitb\u00f3l mesterien kidolgozott! K\u00fcl\u00f6nleges b\u00f3nuszk\u00e9nt egy gy\u00f6ny\u00f6r\u0171 dobozt [&hellip;]<\/p>\n","protected":false},"featured_media":129819,"template":"","meta":{"advanced_seo_description":"","jetpack_seo_html_title":"","jetpack_seo_noindex":false,"jetpack_post_was_ever_published":false,"jetpack_publicize_message":"","jetpack_publicize_feature_enabled":true,"jetpack_social_post_already_shared":true,"jetpack_social_options":{"image_generator_settings":{"template":"highway","default_image_id":0,"font":"","enabled":false},"version":2},"_wpas_customize_per_network":false},"product_brand":[],"product_cat":[3047,3007,2959],"product_tag":[],"class_list":{"0":"post-129787","1":"product","2":"type-product","3":"status-publish","4":"has-post-thumbnail","6":"product_cat-farfiak1640255492","7":"product_cat-karperec1640255450","8":"product_cat-natural-stone-bracelets1640255380","10":"first","11":"instock","12":"purchasable","13":"product-type-variable","14":"has-default-attributes"},"exclude_global_add_ons":[],"addons":[],"gallery_images":[129807,129823,129831,129839,129855,129863,129871,119078,119086],"jetpack_publicize_connections":[],"jetpack_likes_enabled":true,"jetpack_sharing_enabled":true,"_links":{"self":[{"href":"https:\/\/ugoman.net\/hu\/wp-json\/wp\/v2\/product\/129787","targetHints":{"allow":["GET"]}}],"collection":[{"href":"https:\/\/ugoman.net\/hu\/wp-json\/wp\/v2\/product"}],"about":[{"href":"https:\/\/ugoman.net\/hu\/wp-json\/wp\/v2\/types\/product"}],"wp:featuredmedia":[{"embeddable":true,"href":"https:\/\/ugoman.net\/hu\/wp-json\/wp\/v2\/media\/129819"}],"wp:attachment":[{"href":"https:\/\/ugoman.net\/hu\/wp-json\/wp\/v2\/media?parent=129787"}],"wp:term":[{"taxonomy":"product_brand","embeddable":true,"href":"https:\/\/ugoman.net\/hu\/wp-json\/wp\/v2\/product_brand?post=129787"},{"taxonomy":"product_cat","embeddable":true,"href":"https:\/\/ugoman.net\/hu\/wp-json\/wp\/v2\/product_cat?post=129787"},{"taxonomy":"product_tag","embeddable":true,"href":"https:\/\/ugoman.net\/hu\/wp-json\/wp\/v2\/product_tag?post=129787"}],"curies":[{"name":"wp","href":"https:\/\/api.w.org\/{rel}","templated":true}]}}