{"id":131783,"date":"2023-06-03T15:37:40","date_gmt":"2023-06-03T12:37:40","guid":{"rendered":"https:\/\/ugoman.net\/?post_type=product&#038;p=131783"},"modified":"2024-03-21T00:44:59","modified_gmt":"2024-03-20T22:44:59","slug":"cross-zircons-copy","status":"publish","type":"product","link":"https:\/\/ugoman.net\/hu\/termek\/cross-zircons-copy\/","title":{"rendered":"Jesus Christ &#038; Onyx"},"content":{"rendered":"<p style=\"text-align: center;\"><strong><span style=\"color: #000000;\">Bemutatjuk gy\u00f6ny\u00f6r\u0171 nyakl\u00e1ncunkat &#8211; 18 kar\u00e1tos arannyal bevont rozsdamentes ac\u00e9l kereszt \u00e9s term\u00e9szetes, f\u00e9ldr\u00e1gak\u00f6vek &#8211; Onyx &#8222;Jesus Christ &amp; Onyx s&#8221;<\/span><\/strong><\/p>\n<p style=\"text-align: center;\"><strong><span style=\"color: #000000;\">t\u00f6k\u00e9letes kieg\u00e9sz\u00edt\u0151 azoknak, akik sz\u00edv\u00fckh\u00f6z k\u00f6zel szeretn\u00e9k viselni hit\u00fcket. Ez a nyakl\u00e1nc gy\u00f6ny\u00f6r\u0171 kereszt \u00e9s term\u00e9szetes \u00f3nix k\u00f6veket tartalmaz, kiv\u00e1l\u00f3 min\u0151s\u00e9g\u0171, rendk\u00edv\u00fcl tart\u00f3s rozsdamentes ac\u00e9lb\u00f3l mesterien kidolgozott \u00e9s dupla ac\u00e9l zsin\u00f3rral!<\/span><\/strong><\/p>\n<p style=\"text-align: center;\"><span style=\"color: #000000;\">K\u00fcl\u00f6nleges b\u00f3nuszk\u00e9nt egy gy\u00f6ny\u00f6r\u0171 dobozt \u00e9s vel\u00far aj\u00e1nd\u00e9kt\u00e1sk\u00e1t, valamint min\u0151s\u00e9gi tan\u00fas\u00edtv\u00e1nyt adunk minden v\u00e1s\u00e1rl\u00e1shoz, \u00edgy t\u00f6k\u00e9letes aj\u00e1nd\u00e9k szeretteinek, vagy k\u00fcl\u00f6nleges csemege \u00f6nmaga sz\u00e1m\u00e1ra. Ne hagyja ki ezt a lehet\u0151s\u00e9get, hogy egy igaz\u00e1n egyedi \u00e9s tartalmas kieg\u00e9sz\u00edt\u0151t birtokoljon.<\/span><\/p>\n<p style=\"text-align: center;\"><strong><span style=\"color: #000000;\">hit szimb\u00f3luma<\/span><\/strong><\/p>\n<p style=\"text-align: center;\"><strong><span style=\"color: #000000;\">*K\u00e9zzel k\u00e9sz\u00edtett<\/span><\/strong><\/p>\n<p style=\"text-align: center;\"><strong><span style=\"color: #000000;\">Kereszt-35 mm.<\/span><\/strong><\/p>\n<p style=\"text-align: center;\"><strong><span style=\"color: #000000;\">\u00d3nix<\/span><\/strong><br \/>\n<strong><span style=\"color: #000000;\">6 mm.<\/span><\/strong><\/p>\n<p><strong><img loading=\"lazy\" decoding=\"async\" class=\"jetpack-lazy-image jetpack-lazy-image--handled aligncenter\" src=\"https:\/\/i0.wp.com\/ugoman.net\/wp-content\/uploads\/content\/s2m0pEQ_86nd.png?w=1100&amp;ssl=1\" alt=\"\" width=\"45\" height=\"45\" data-lazy-loaded=\"1\" \/><\/strong><\/p>\n<p style=\"text-align: center;\"><span style=\"color: #000000;\">Az \u00f3nix seg\u00edt megsz\u00fcntetni a negat\u00edv gondolkod\u00e1st \u00e9s a stresszt, \u00e9s j\u00f3 a medit\u00e1ci\u00f3hoz \u00e9s a pozit\u00edv \u00e1lmokhoz. Inspir\u00e1lja a gondolkod\u00e1st \u00e9s a spiritualit\u00e1st, seg\u00edt kord\u00e1ban tartani az \u00e9rzelmeket \u00e9s a szenved\u00e9lyeket.<\/span><\/p>\n<p style=\"text-align: center;\">\n<p style=\"text-align: center;\">\n<span style=\"color: #000000;\">Az UGOMAN-n\u00e1l b\u00fcszk\u00e9k vagyunk arra, hogy olyan \u00e9kszereket k\u00e9sz\u00edt\u00fcnk, amelyek nemcsak gy\u00f6ny\u00f6r\u0171ek, hanem m\u00e9ly jelent\u00e9ssel \u00e9s jelent\u0151s\u00e9ggel is b\u00edrnak. Krisztus nyakl\u00e1ncunk a min\u0151s\u00e9gi kivitelez\u00e9s \u00e9s design ir\u00e1nti elk\u00f6telezetts\u00e9g\u00fcnk bizony\u00edt\u00e9ka. Viseld hited jelk\u00e9pek\u00e9nt, \u00e9s Krisztus szeretet\u00e9re \u00e9s \u00e1ldozat\u00e1ra eml\u00e9keztet\u0151\u00fcl.<\/span><\/p>\n<p style=\"text-align: center;\"><span style=\"color: #000000;\">Rendeljen most, \u00e9s hagyja, hogy a hit minden nap inspir\u00e1lja.<\/span><\/p>\n","protected":false},"excerpt":{"rendered":"<p>Bemutatjuk gy\u00f6ny\u00f6r\u0171 nyakl\u00e1ncunkat &#8211; 18 kar\u00e1tos arannyal bevont rozsdamentes ac\u00e9l kereszt \u00e9s term\u00e9szetes, f\u00e9ldr\u00e1gak\u00f6vek &#8211; Onyx &#8222;Jesus Christ &amp; Onyx s&#8221; t\u00f6k\u00e9letes kieg\u00e9sz\u00edt\u0151 azoknak, akik sz\u00edv\u00fckh\u00f6z k\u00f6zel szeretn\u00e9k viselni hit\u00fcket. Ez a nyakl\u00e1nc gy\u00f6ny\u00f6r\u0171 kereszt \u00e9s term\u00e9szetes \u00f3nix k\u00f6veket tartalmaz, kiv\u00e1l\u00f3 min\u0151s\u00e9g\u0171, rendk\u00edv\u00fcl tart\u00f3s rozsdamentes [&hellip;]<\/p>\n","protected":false},"featured_media":131858,"template":"","meta":{"advanced_seo_description":"","jetpack_seo_html_title":"","jetpack_seo_noindex":false,"jetpack_post_was_ever_published":false,"jetpack_publicize_message":"","jetpack_publicize_feature_enabled":true,"jetpack_social_post_already_shared":true,"jetpack_social_options":{"image_generator_settings":{"template":"highway","default_image_id":0,"font":"","enabled":false},"version":2},"_wpas_customize_per_network":false},"product_brand":[],"product_cat":[3047,3023,2951],"product_tag":[],"class_list":{"0":"post-131783","1":"product","2":"type-product","3":"status-publish","4":"has-post-thumbnail","6":"product_cat-farfiak1640255492","7":"product_cat-medalok","8":"product_cat-natural-stone-necklaces16402553711640255373","10":"first","11":"instock","12":"sale","13":"purchasable","14":"product-type-variable","15":"has-default-attributes"},"exclude_global_add_ons":[],"addons":[],"gallery_images":[131870,131862,131846,131818,131878,131886,117109,119078,119086],"jetpack_publicize_connections":[],"jetpack_likes_enabled":true,"jetpack_sharing_enabled":true,"_links":{"self":[{"href":"https:\/\/ugoman.net\/hu\/wp-json\/wp\/v2\/product\/131783","targetHints":{"allow":["GET"]}}],"collection":[{"href":"https:\/\/ugoman.net\/hu\/wp-json\/wp\/v2\/product"}],"about":[{"href":"https:\/\/ugoman.net\/hu\/wp-json\/wp\/v2\/types\/product"}],"wp:featuredmedia":[{"embeddable":true,"href":"https:\/\/ugoman.net\/hu\/wp-json\/wp\/v2\/media\/131858"}],"wp:attachment":[{"href":"https:\/\/ugoman.net\/hu\/wp-json\/wp\/v2\/media?parent=131783"}],"wp:term":[{"taxonomy":"product_brand","embeddable":true,"href":"https:\/\/ugoman.net\/hu\/wp-json\/wp\/v2\/product_brand?post=131783"},{"taxonomy":"product_cat","embeddable":true,"href":"https:\/\/ugoman.net\/hu\/wp-json\/wp\/v2\/product_cat?post=131783"},{"taxonomy":"product_tag","embeddable":true,"href":"https:\/\/ugoman.net\/hu\/wp-json\/wp\/v2\/product_tag?post=131783"}],"curies":[{"name":"wp","href":"https:\/\/api.w.org\/{rel}","templated":true}]}}