{"id":141678,"date":"2024-03-17T21:40:41","date_gmt":"2024-03-17T19:40:41","guid":{"rendered":"https:\/\/ugoman.net\/?post_type=product&#038;p=141678"},"modified":"2024-03-20T15:43:58","modified_gmt":"2024-03-20T13:43:58","slug":"royal-cross-st-benedict","status":"publish","type":"product","link":"https:\/\/ugoman.net\/hu\/termek\/royal-cross-st-benedict\/","title":{"rendered":"Royal Cross &#038; St. Benedict"},"content":{"rendered":"<p style=\"text-align: center;\"><strong><span style=\"color: #000000;\">Bemutatjuk gy\u00f6ny\u00f6r\u0171 Szent Benedek kereszt- \u00e9s ikonkark\u00f6t\u0151inket, rozsdamentes ac\u00e9lb\u00f3l, term\u00e9szetes k\u00f6vekkel &#8211; v\u00f6r\u00f6s t\u00fcrkiz &#8211; t\u00f6k\u00e9letes kieg\u00e9sz\u00edt\u0151 azoknak, akik sz\u00edv\u00fckh\u00f6z k\u00f6zel szeretn\u00e9k viselni hit\u00fcket.<\/span><\/strong><\/p>\n<p style=\"text-align: center;\"><strong><span style=\"color: #000000;\">K\u00fcl\u00f6nleges b\u00f3nuszk\u00e9nt egy gy\u00f6ny\u00f6r\u0171 dobozt \u00e9s vel\u00far aj\u00e1nd\u00e9kt\u00e1sk\u00e1t, valamint min\u0151s\u00e9gi tan\u00fas\u00edtv\u00e1nyt adunk minden v\u00e1s\u00e1rl\u00e1shoz, \u00edgy t\u00f6k\u00e9letes aj\u00e1nd\u00e9k szeretteinek, vagy k\u00fcl\u00f6nleges csemege \u00f6nmaga sz\u00e1m\u00e1ra. Ne hagyja ki ezt a lehet\u0151s\u00e9get, hogy egy igaz\u00e1n egyedi \u00e9s tartalmas kieg\u00e9sz\u00edt\u0151t birtokoljon.<\/span><\/strong><\/p>\n<p style=\"text-align: center;\"><strong><span style=\"color: #000000;\">Rendeljen most, \u00e9s hagyja, hogy a hit minden nap inspir\u00e1lja.<\/span><\/strong><\/p>\n<p style=\"text-align: center;\"><strong><span style=\"color: #000000;\">Kett\u0151s ac\u00e9lzsin\u00f3rra felf\u0171z\u00f6tt f\u00e9ldr\u00e1gak\u00f6vek.<\/span><\/strong><\/p>\n<p style=\"text-align: center;\"><strong><span style=\"color: #000000;\">T\u00fcrkiz &#8211; 6 mm.<\/span><\/strong><\/p>\n<p style=\"text-align: center;\"><strong><span style=\"color: #000000;\">*K\u00e9zzel k\u00e9sz\u00edtett<\/span><\/strong><\/p>\n<p style=\"text-align: center;\"><strong><span style=\"color: #000000;\">T\u00fcrkiz<\/span><\/strong><br \/>\n<strong><span style=\"color: #000000;\">8 mm.<\/span><\/strong><\/p>\n<p style=\"text-align: center;\"><img data-recalc-dims=\"1\" decoding=\"async\" src=\"https:\/\/i0.wp.com\/ugoman.net\/wp-content\/uploads\/content\/fpN9up4_4nd.png?w=1100&#038;ssl=1\" alt=\"\" \/><br \/>\n<span style=\"color: #000000;\">A t\u00fcrkiz a szerencse \u00e9s a gy\u0151zelem szimb\u00f3luma. J\u00f3l\u00e9tet \u00e9s gazdags\u00e1got hoz, er\u0151s\u00edti az intu\u00edci\u00f3t, ambici\u00f3zuss\u00e1, b\u00e1torr\u00e1, k\u00f6r\u00fcltekint\u0151v\u00e9, b\u00e1torr\u00e1, okoss\u00e1 teszi az embert, megv\u00e9di tulajdonos\u00e1t. A t\u00fcrkiz boldogs\u00e1got hoz a szerelemben, b\u00e9k\u00e9t teremt a csal\u00e1dban.<\/span><\/p>\n<p style=\"text-align: center;\"><span style=\"color: #000000;\">\u00a0<\/span><\/p>\n","protected":false},"excerpt":{"rendered":"<p>Bemutatjuk gy\u00f6ny\u00f6r\u0171 Szent Benedek kereszt- \u00e9s ikonkark\u00f6t\u0151inket, rozsdamentes ac\u00e9lb\u00f3l, term\u00e9szetes k\u00f6vekkel &#8211; v\u00f6r\u00f6s t\u00fcrkiz &#8211; t\u00f6k\u00e9letes kieg\u00e9sz\u00edt\u0151 azoknak, akik sz\u00edv\u00fckh\u00f6z k\u00f6zel szeretn\u00e9k viselni hit\u00fcket. K\u00fcl\u00f6nleges b\u00f3nuszk\u00e9nt egy gy\u00f6ny\u00f6r\u0171 dobozt \u00e9s vel\u00far aj\u00e1nd\u00e9kt\u00e1sk\u00e1t, valamint min\u0151s\u00e9gi tan\u00fas\u00edtv\u00e1nyt adunk minden v\u00e1s\u00e1rl\u00e1shoz, \u00edgy t\u00f6k\u00e9letes aj\u00e1nd\u00e9k szeretteinek, vagy k\u00fcl\u00f6nleges csemege [&hellip;]<\/p>\n","protected":false},"featured_media":141080,"template":"","meta":{"advanced_seo_description":"","jetpack_seo_html_title":"","jetpack_seo_noindex":false,"jetpack_post_was_ever_published":false,"jetpack_publicize_message":"","jetpack_publicize_feature_enabled":true,"jetpack_social_post_already_shared":true,"jetpack_social_options":{"image_generator_settings":{"template":"highway","default_image_id":0,"font":"","enabled":false},"version":2},"_wpas_customize_per_network":false},"product_brand":[],"product_cat":[3047,3007,2959],"product_tag":[],"class_list":{"0":"post-141678","1":"product","2":"type-product","3":"status-publish","4":"has-post-thumbnail","6":"product_cat-farfiak1640255492","7":"product_cat-karperec1640255450","8":"product_cat-natural-stone-bracelets1640255380","10":"first","11":"instock","12":"shipping-taxable","13":"purchasable","14":"product-type-variable","15":"has-default-attributes"},"exclude_global_add_ons":[],"addons":[],"gallery_images":[141116,141108,141100,141092,140295,135356,135364],"jetpack_publicize_connections":[],"jetpack_likes_enabled":true,"jetpack_sharing_enabled":true,"_links":{"self":[{"href":"https:\/\/ugoman.net\/hu\/wp-json\/wp\/v2\/product\/141678","targetHints":{"allow":["GET"]}}],"collection":[{"href":"https:\/\/ugoman.net\/hu\/wp-json\/wp\/v2\/product"}],"about":[{"href":"https:\/\/ugoman.net\/hu\/wp-json\/wp\/v2\/types\/product"}],"wp:featuredmedia":[{"embeddable":true,"href":"https:\/\/ugoman.net\/hu\/wp-json\/wp\/v2\/media\/141080"}],"wp:attachment":[{"href":"https:\/\/ugoman.net\/hu\/wp-json\/wp\/v2\/media?parent=141678"}],"wp:term":[{"taxonomy":"product_brand","embeddable":true,"href":"https:\/\/ugoman.net\/hu\/wp-json\/wp\/v2\/product_brand?post=141678"},{"taxonomy":"product_cat","embeddable":true,"href":"https:\/\/ugoman.net\/hu\/wp-json\/wp\/v2\/product_cat?post=141678"},{"taxonomy":"product_tag","embeddable":true,"href":"https:\/\/ugoman.net\/hu\/wp-json\/wp\/v2\/product_tag?post=141678"}],"curies":[{"name":"wp","href":"https:\/\/api.w.org\/{rel}","templated":true}]}}