{"id":142041,"date":"2024-02-29T16:14:26","date_gmt":"2024-02-29T14:14:26","guid":{"rendered":"https:\/\/ugoman.net\/product\/brown-black-royal-lily\/"},"modified":"2024-03-18T16:09:11","modified_gmt":"2024-03-18T14:09:11","slug":"brown-black-royal-lily","status":"publish","type":"product","link":"https:\/\/ugoman.net\/hu\/termek\/brown-black-royal-lily\/","title":{"rendered":"Brown &#038; Black Royal Lily"},"content":{"rendered":"<p style=\"text-align: center;\"><strong><span style=\"color: #000000;\">Bemutatjuk Sz\u00e9p kark\u00f6t\u0151inket, \u00e9rt\u00e9kes ac\u00e9l elemmel \u00e9s term\u00e9szetes k\u00f6vekkel &#8211; \u00d3nix \u00e9s Bronzit &#8211; a t\u00f6k\u00e9letes kieg\u00e9sz\u00edt\u0151 azoknak, akik sz\u00edv\u00fckh\u00f6z k\u00f6zel szeretn\u00e9k viselni hit\u00fcket.<\/span><\/strong><\/p>\n<p style=\"text-align: center;\"><span style=\"color: #000000;\"><strong>K\u00fcl\u00f6nleges b\u00f3nuszk\u00e9nt egy gy\u00f6ny\u00f6r\u0171 dobozt \u00e9s vel\u00far aj\u00e1nd\u00e9kt\u00e1sk\u00e1t, valamint min\u0151s\u00e9gi tan\u00fas\u00edtv\u00e1nyt adunk minden v\u00e1s\u00e1rl\u00e1shoz,<\/strong> \u00edgy t\u00f6k\u00e9letes aj\u00e1nd\u00e9k szeretteinek, vagy k\u00fcl\u00f6nleges csemege \u00f6nmaga sz\u00e1m\u00e1ra. Ne hagyja ki ezt a lehet\u0151s\u00e9get, hogy egy igaz\u00e1n egyedi \u00e9s tartalmas kieg\u00e9sz\u00edt\u0151t birtokoljon.<\/span><\/p>\n<p style=\"text-align: center;\"><strong><span style=\"color: #000000;\">Rendeljen most, \u00e9s hagyja, hogy a hit minden nap inspir\u00e1lja.<\/span><\/strong><\/p>\n<p style=\"text-align: center;\"><strong><span style=\"color: #000000;\">F\u00e9rfi kark\u00f6t\u0151k<\/span><\/strong><\/p>\n<p style=\"text-align: center;\"><strong><span style=\"color: #000000;\">Kett\u0151s ac\u00e9lzsin\u00f3rra felf\u0171z\u00f6tt f\u00e9ldr\u00e1gak\u00f6vek.<\/span><\/strong><\/p>\n<p style=\"text-align: center;\"><strong><span style=\"color: #000000;\">Nemesac\u00e9l t\u00e1rgy Royal Lily-mal<\/span><\/strong><\/p>\n<p style=\"text-align: center;\"><strong><span style=\"color: #000000;\">*K\u00e9zzel k\u00e9sz\u00edtett<\/span><\/strong><\/p>\n<p style=\"text-align: center;\"><strong><span style=\"color: #000000;\">\u00d3nix<\/span><\/strong><br \/>\n<strong><span style=\"color: #000000;\">6 mm.<\/span><\/strong><\/p>\n<p style=\"text-align: center;\"><img decoding=\"async\" class=\"jetpack-lazy-image jetpack-lazy-image--handled\" src=\"https:\/\/i0.wp.com\/ugoman.net\/wp-content\/uploads\/content\/LIa7p5Z_22nd.png?w=1100&amp;ssl=1\" alt=\"\" data-recalc-dims=\"1\" data-lazy-loaded=\"1\" \/><br \/>\n<span style=\"color: #000000;\">Az \u00f3nix seg\u00edt megsz\u00fcntetni a negat\u00edv gondolkod\u00e1st \u00e9s a stresszt, \u00e9s j\u00f3 a medit\u00e1ci\u00f3hoz \u00e9s a pozit\u00edv \u00e1lmokhoz. Inspir\u00e1lja a gondolkod\u00e1st \u00e9s a spiritualit\u00e1st, seg\u00edt kord\u00e1ban tartani az \u00e9rzelmeket \u00e9s a szenved\u00e9lyeket.<\/span><\/p>\n<p style=\"text-align: center;\"><strong><span style=\"color: #000000;\">Bronzit<\/span><\/strong><\/p>\n<p style=\"text-align: center;\"><strong><span style=\"color: #000000;\">6 m<\/span><\/strong><strong><span style=\"color: #000000;\">m.<\/span><\/strong><\/p>\n<p style=\"text-align: center;\"><img loading=\"lazy\" decoding=\"async\" src=\"https:\/\/i0.wp.com\/ugoman.net\/wp-content\/uploads\/content\/FOzAxDW_6nd.png?w=1100&amp;ssl=1\" alt=\"\" width=\"45\" height=\"45\" \/><br \/>\n<span style=\"color: #000000;\">A bronz nagyon hasznos, hogy megtal\u00e1lja a cig\u00e1nys\u00e1got a d\u00f6nt\u00e9seiben, \u00e9s \u00e1tvegye az ir\u00e1ny\u00edt\u00e1st a tettei felett.<\/span><\/p>\n<p style=\"text-align: center;\"><span style=\"color: #000000;\">V\u00e9d\u0151 tulajdons\u00e1gokkal rendelkezik, \u00e9s megv\u00e9d a gonosz sz\u00e1nd\u00e9kokt\u00f3l \u00e9s var\u00e1zslatokt\u00f3l, egyed\u00fcl\u00e1ll\u00f3 k\u00e9pess\u00e9ggel rendelkezik, hogy megengedje azokat, akik meg akarnak t\u00e1madni, ahhoz, aki elhelyezte.<\/span><\/p>\n<p style=\"text-align: center;\"><span style=\"color: #000000;\">A bonzit elnyeli a f\u00f6ldel\u00e9si energi\u00e1t, \u00e9s n\u00f6veli visel\u0151j\u00e9nek f\u00e9rfiass\u00e1g\u00e1t. A B-Ponsite gy\u00f6ngyszem k\u00fcl\u00f6n\u00f6sen neh\u00e9z id\u00e9zetekn\u00e9l hasznos, amikor \u00fagy \u00e9rzed, hogy hi\u00e1nyzik egy sz\u00e1ml\u00e1l\u00f3, vagy hi\u00e1nyzik egy cent az id\u00e9zetb\u0151l. Ez a k\u0151 boldogs\u00e1got \u00e9s harm\u00f3ni\u00e1t hoz az \u00e9letedbe.<\/span><\/p>\n<p style=\"text-align: center;\"><span style=\"color: #000000;\">\u00a0<\/span><\/p>\n","protected":false},"excerpt":{"rendered":"<p>Bemutatjuk Sz\u00e9p kark\u00f6t\u0151inket, \u00e9rt\u00e9kes ac\u00e9l elemmel \u00e9s term\u00e9szetes k\u00f6vekkel &#8211; \u00d3nix \u00e9s Bronzit &#8211; a t\u00f6k\u00e9letes kieg\u00e9sz\u00edt\u0151 azoknak, akik sz\u00edv\u00fckh\u00f6z k\u00f6zel szeretn\u00e9k viselni hit\u00fcket. K\u00fcl\u00f6nleges b\u00f3nuszk\u00e9nt egy gy\u00f6ny\u00f6r\u0171 dobozt \u00e9s vel\u00far aj\u00e1nd\u00e9kt\u00e1sk\u00e1t, valamint min\u0151s\u00e9gi tan\u00fas\u00edtv\u00e1nyt adunk minden v\u00e1s\u00e1rl\u00e1shoz, \u00edgy t\u00f6k\u00e9letes aj\u00e1nd\u00e9k szeretteinek, vagy k\u00fcl\u00f6nleges csemege [&hellip;]<\/p>\n","protected":false},"featured_media":140267,"template":"","meta":{"advanced_seo_description":"","jetpack_seo_html_title":"","jetpack_seo_noindex":false,"jetpack_post_was_ever_published":false,"jetpack_publicize_message":"","jetpack_publicize_feature_enabled":true,"jetpack_social_post_already_shared":true,"jetpack_social_options":{"image_generator_settings":{"template":"highway","default_image_id":0,"font":"","enabled":false},"version":2},"_wpas_customize_per_network":false},"product_brand":[],"product_cat":[3047,3007,2959,2839],"product_tag":[],"class_list":{"0":"post-142041","1":"product","2":"type-product","3":"status-publish","4":"has-post-thumbnail","6":"product_cat-farfiak1640255492","7":"product_cat-karperec1640255450","8":"product_cat-natural-stone-bracelets1640255380","9":"product_cat-ugoman-farfiak","11":"first","12":"instock","13":"shipping-taxable","14":"purchasable","15":"product-type-variable","16":"has-default-attributes"},"exclude_global_add_ons":[],"addons":[],"gallery_images":[140247,140255,140263,140279,140287,140271,140295,135364,135356],"jetpack_publicize_connections":[],"jetpack_likes_enabled":true,"jetpack_sharing_enabled":true,"_links":{"self":[{"href":"https:\/\/ugoman.net\/hu\/wp-json\/wp\/v2\/product\/142041","targetHints":{"allow":["GET"]}}],"collection":[{"href":"https:\/\/ugoman.net\/hu\/wp-json\/wp\/v2\/product"}],"about":[{"href":"https:\/\/ugoman.net\/hu\/wp-json\/wp\/v2\/types\/product"}],"wp:featuredmedia":[{"embeddable":true,"href":"https:\/\/ugoman.net\/hu\/wp-json\/wp\/v2\/media\/140267"}],"wp:attachment":[{"href":"https:\/\/ugoman.net\/hu\/wp-json\/wp\/v2\/media?parent=142041"}],"wp:term":[{"taxonomy":"product_brand","embeddable":true,"href":"https:\/\/ugoman.net\/hu\/wp-json\/wp\/v2\/product_brand?post=142041"},{"taxonomy":"product_cat","embeddable":true,"href":"https:\/\/ugoman.net\/hu\/wp-json\/wp\/v2\/product_cat?post=142041"},{"taxonomy":"product_tag","embeddable":true,"href":"https:\/\/ugoman.net\/hu\/wp-json\/wp\/v2\/product_tag?post=142041"}],"curies":[{"name":"wp","href":"https:\/\/api.w.org\/{rel}","templated":true}]}}