{"id":142285,"date":"2022-10-03T20:24:10","date_gmt":"2022-10-03T17:24:10","guid":{"rendered":"https:\/\/ugoman.net\/product\/114461\/"},"modified":"2024-03-18T21:52:12","modified_gmt":"2024-03-18T19:52:12","slug":"114461","status":"publish","type":"product","link":"https:\/\/ugoman.net\/hu\/termek\/114461\/","title":{"rendered":"Golden Saint Mary"},"content":{"rendered":"<p style=\"text-align: center;\"><strong>Med\u00e1l l\u00e1nccal<\/strong><\/p>\n<p style=\"text-align: center;\"><strong>&#8222;Arany Szent M\u00e1ria&#8221;<\/strong><\/p>\n<p style=\"text-align: center;\"><strong>anyaga: 316L nemesac\u00e9l 18k aranyoz\u00e1ssal<\/strong><\/p>\n<p style=\"text-align: center;\"><strong>Med\u00e1l: Sz\u0171z M\u00e1ria ikon 18 kar\u00e1tos arannyal, 1,5 cm.<\/strong><\/p>\n<p style=\"text-align: center;\"><strong>Minden term\u00e9k\u00fcnket luxus vel\u00far t\u00e1sk\u00e1ban, d\u00edszdobozban \u00e9s &#8222;UGOMAN&#8221; eredetis\u00e9gigazol\u00e1ssal kapja meg.<\/strong><\/p>\n<p style=\"text-align: center;\">K\u00f6zlem\u00e9ny:<\/p>\n<p style=\"text-align: center;\">Tegyen felejthetetlen benyom\u00e1st aj\u00e1nlatainkkal. Az UGOMAN rozsdamentes ac\u00e9l \u00e9kszerek nagyszer\u0171 m\u00f3dja annak, hogy st\u00edlust adjon megjelen\u00e9s\u00e9hez. Az \u00e9kszerek k\u00e9sz\u00edt\u00e9s\u00e9nek technol\u00f3gi\u00e1ja a legapr\u00f3bb r\u00e9szletekig kompromisszumok n\u00e9lk\u00fcli precizit\u00e1st tesz lehet\u0151v\u00e9 a gy\u00e1rt\u00e1s sor\u00e1n. A nemesac\u00e9l kiv\u00e9teles korr\u00f3zi\u00f3- \u00e9s rozsda\u00e1ll\u00f3s\u00e1g, alacsony karbantart\u00e1si ig\u00e9ny \u00e9s ismer\u0151s f\u00e9nye ide\u00e1lis anyagg\u00e1 teszi UGOMAN m\u00e1rk\u00e1j\u00fa \u00e9kszereink sz\u00e1m\u00e1ra.<\/p>\n","protected":false},"excerpt":{"rendered":"<p>Med\u00e1l l\u00e1nccal &#8222;Arany Szent M\u00e1ria&#8221; anyaga: 316L nemesac\u00e9l 18k aranyoz\u00e1ssal Med\u00e1l: Sz\u0171z M\u00e1ria ikon 18 kar\u00e1tos arannyal, 1,5 cm. Minden term\u00e9k\u00fcnket luxus vel\u00far t\u00e1sk\u00e1ban, d\u00edszdobozban \u00e9s &#8222;UGOMAN&#8221; eredetis\u00e9gigazol\u00e1ssal kapja meg. K\u00f6zlem\u00e9ny: Tegyen felejthetetlen benyom\u00e1st aj\u00e1nlatainkkal. Az UGOMAN rozsdamentes ac\u00e9l \u00e9kszerek nagyszer\u0171 m\u00f3dja annak, hogy st\u00edlust [&hellip;]<\/p>\n","protected":false},"featured_media":114544,"template":"","meta":{"advanced_seo_description":"","jetpack_seo_html_title":"","jetpack_seo_noindex":false,"jetpack_post_was_ever_published":false,"jetpack_publicize_message":"","jetpack_publicize_feature_enabled":true,"jetpack_social_post_already_shared":true,"jetpack_social_options":{"image_generator_settings":{"template":"highway","default_image_id":0,"font":"","enabled":false},"version":2},"_wpas_customize_per_network":false},"product_brand":[],"product_cat":[3047,3023,2967,2839,2847],"product_tag":[],"class_list":{"0":"post-142285","1":"product","2":"type-product","3":"status-publish","4":"has-post-thumbnail","6":"product_cat-farfiak1640255492","7":"product_cat-medalok","8":"product_cat-medalok1640255391","9":"product_cat-ugoman-farfiak","10":"product_cat-ugoman-nak1640255252","12":"first","13":"instock","14":"shipping-taxable","15":"purchasable","16":"product-type-variable","17":"has-default-attributes"},"exclude_global_add_ons":[],"addons":[],"gallery_images":[114472,114480,114488,114496,114504,114512,114520,114528,114536,117113,117086,144980],"jetpack_publicize_connections":[],"jetpack_likes_enabled":true,"jetpack_sharing_enabled":true,"_links":{"self":[{"href":"https:\/\/ugoman.net\/hu\/wp-json\/wp\/v2\/product\/142285","targetHints":{"allow":["GET"]}}],"collection":[{"href":"https:\/\/ugoman.net\/hu\/wp-json\/wp\/v2\/product"}],"about":[{"href":"https:\/\/ugoman.net\/hu\/wp-json\/wp\/v2\/types\/product"}],"wp:featuredmedia":[{"embeddable":true,"href":"https:\/\/ugoman.net\/hu\/wp-json\/wp\/v2\/media\/114544"}],"wp:attachment":[{"href":"https:\/\/ugoman.net\/hu\/wp-json\/wp\/v2\/media?parent=142285"}],"wp:term":[{"taxonomy":"product_brand","embeddable":true,"href":"https:\/\/ugoman.net\/hu\/wp-json\/wp\/v2\/product_brand?post=142285"},{"taxonomy":"product_cat","embeddable":true,"href":"https:\/\/ugoman.net\/hu\/wp-json\/wp\/v2\/product_cat?post=142285"},{"taxonomy":"product_tag","embeddable":true,"href":"https:\/\/ugoman.net\/hu\/wp-json\/wp\/v2\/product_tag?post=142285"}],"curies":[{"name":"wp","href":"https:\/\/api.w.org\/{rel}","templated":true}]}}