{"id":144168,"date":"2024-03-20T21:54:46","date_gmt":"2024-03-20T19:54:46","guid":{"rendered":"https:\/\/ugoman.net\/?post_type=product&#038;p=144168"},"modified":"2024-03-20T21:54:48","modified_gmt":"2024-03-20T19:54:48","slug":"%f0%9f%8e%80-%f0%9f%8c%8a%f0%9f%8c%b3-pink-ocean-green","status":"publish","type":"product","link":"https:\/\/ugoman.net\/hu\/termek\/%f0%9f%8e%80-%f0%9f%8c%8a%f0%9f%8c%b3-pink-ocean-green\/","title":{"rendered":"\ud83c\udf80 \ud83c\udf0a\ud83c\udf33 pink, ocean &#038; Green"},"content":{"rendered":"<p style=\"text-align: center;\"><strong><span style=\"color: #000000;\">Bemutatjuk \u00d6nnek gy\u00f6ny\u00f6r\u0171 &#8222;Pink, Ocean &amp; Green&#8221; k\u00e9szlet\u00fcnket \ud83c\udf0a &#8211; 3 kark\u00f6t\u0151b\u0151l \u00e1ll\u00f3 k\u00e9szlet &#8211; term\u00e9szetes gy\u00f6ngy\u00f6kb\u0151l \u00e9s term\u00e9szetes krist\u00e1lyokb\u00f3l!<\/span><\/strong><\/p>\n<p style=\"text-align: center;\"><span style=\"color: #000000;\">t\u00f6k\u00e9letes kieg\u00e9sz\u00edt\u0151 azoknak, akik m\u00e1s \u00e9s l\u00e1tv\u00e1nyosak szeretn\u00e9nek lenni. Ez a k\u00e9szlet h\u00e1rom krist\u00e1lyokkal \u00e9s term\u00e9szetes gy\u00f6ngy\u00f6kkel d\u00edsz\u00edtett kark\u00f6t\u0151b\u0151l \u00e1ll, mesterien kidolgozva \u00e9s kiv\u00e1l\u00f3 min\u0151s\u00e9g\u0171, rendk\u00edv\u00fcl tart\u00f3s dupla ac\u00e9lzsin\u00f3rra felf\u0171zve!<\/span><\/p>\n<p style=\"text-align: center;\"><span style=\"color: #000000;\">K\u00fcl\u00f6nleges b\u00f3nuszk\u00e9nt egy gy\u00f6ny\u00f6r\u0171 dobozt \u00e9s vel\u00far aj\u00e1nd\u00e9kt\u00e1sk\u00e1t, valamint min\u0151s\u00e9gi tan\u00fas\u00edtv\u00e1nyt adunk minden v\u00e1s\u00e1rl\u00e1shoz, \u00edgy t\u00f6k\u00e9letes aj\u00e1nd\u00e9k szeretteinek vagy k\u00fcl\u00f6nleges csemege \u00f6nmaga sz\u00e1m\u00e1ra. Ne hagyja ki ezt a lehet\u0151s\u00e9get, hogy egy igaz\u00e1n egyedi \u00e9s tartalmas kieg\u00e9sz\u00edt\u0151t birtokoljon.<\/span><\/p>\n<p style=\"text-align: center;\"><strong><span style=\"color: #000000;\">Szimb\u00f3lum &#8211; szeretet \u00e9s hat\u00e1rtalan b\u00e9ke<\/span><\/strong><\/p>\n<p style=\"text-align: center;\"><strong><span style=\"color: #000000;\">*K\u00e9zzel k\u00e9sz\u00edtett<\/span><\/strong><\/p>\n<p style=\"text-align: center;\"><strong><span style=\"color: #000000;\">Term\u00e9szetes gy\u00f6ngy\u00f6k<\/span><\/strong><\/p>\n<p style=\"text-align: center;\"><strong><span style=\"color: #000000;\">4 mm<\/span><\/strong><\/p>\n<p style=\"text-align: center;\"><span style=\"color: #000000;\">A gy\u00f6ngy a tisztas\u00e1g, az \u00e1rtatlans\u00e1g \u00e9s a hit szimb\u00f3luma. Fokozza az integrit\u00e1st, \u00e9s hozz\u00e1j\u00e1rul az elme tiszt\u00e1z\u00e1s\u00e1hoz, valamint a b\u00f6lcsess\u00e9g \u00e9s a spiritu\u00e1lis \u00fatmutat\u00e1s asszimil\u00e1ci\u00f3j\u00e1hoz. Egyesek azt hiszik, hogy ezek az istenek k\u00f6nnyei.<\/span><\/p>\n<p style=\"text-align: center;\"><span style=\"color: #000000;\">A gy\u00f6ngy az egyik legk\u00e9nyesebb dr\u00e1gak\u0151. Nem ig\u00e9nyelnek k\u00fcl\u00f6nleges v\u00e1g\u00e1st vagy pol\u00edroz\u00e1st, mert \u00fagy sz\u00e9pek, ahogy vannak &#8211; term\u00e9szetes megjelen\u00e9s\u00fckben \u00e9s eredet\u00fckben. A kiv\u00e1l\u00f3 min\u0151s\u00e9g\u0171 gy\u00f6ngy\u00f6k gazdag \u00e9s ragyog\u00f3 f\u00e9ny\u0171ek, \u00e9s csillog\u00f3 iriz\u00e1l\u00f3 erej\u00fck k\u00f6zvetlen\u00fcl az \u00e9kszer magj\u00e1b\u00f3l ered. Ez\u00e9rt v\u00e1lt a gy\u00f6ngy a tiszta \u00e9s term\u00e9szetes sz\u00e9ps\u00e9g szimb\u00f3lum\u00e1v\u00e1.<\/span><\/p>\n<p style=\"text-align: center;\"><strong><span style=\"color: #000000;\">R\u00f3zsasz\u00edn kvarc<\/span><\/strong><\/p>\n<p style=\"text-align: center;\"><strong><span style=\"color: #000000;\">3,5 mm.<\/span><\/strong><\/p>\n<p style=\"text-align: center;\"><span style=\"color: #000000;\">A r\u00f3zsakvarc az egyetemes szeretet k\u00f6ve, amely az egy\u00fctt\u00e9rz\u00e9s \u00e9s a gy\u00f3gyul\u00e1s energi\u00e1j\u00e1t hordozza. A r\u00f3zsakvarc m\u00f6g\u00f6tt b\u00e9ke, szerelem \u00e9s romantika \u00e1ll.<\/span><\/p>\n<p style=\"text-align: center;\">\n<p style=\"text-align: center;\">\n<span style=\"color: #000000;\">Az UGOMAN-n\u00e1l b\u00fcszk\u00e9k vagyunk arra, hogy olyan \u00e9kszereket k\u00e9sz\u00edt\u00fcnk, amelyek nemcsak gy\u00f6ny\u00f6r\u0171ek, hanem m\u00e9ly jelent\u00e9ssel \u00e9s jelent\u0151s\u00e9ggel is b\u00edrnak.<\/span><\/p>\n<p style=\"text-align: center;\"><span style=\"color: #000000;\">Rendeljen most, \u00e9s hagyja, hogy a hit minden nap inspir\u00e1lja.<\/span><\/p>\n","protected":false},"excerpt":{"rendered":"<div class=\"forminator-ui forminator-custom-form forminator-custom-form-133244 forminator-design--material forminator-enclosed forminator_ajax\" data-forminator-render=\"0\" data-form=\"forminator-module-133244\" data-uid=\"64bcf1b03ac2c\"><\/div>\n","protected":false},"featured_media":144172,"template":"","meta":{"advanced_seo_description":"","jetpack_seo_html_title":"","jetpack_seo_noindex":false,"jetpack_post_was_ever_published":false,"jetpack_publicize_message":"","jetpack_publicize_feature_enabled":true,"jetpack_social_post_already_shared":true,"jetpack_social_options":{"image_generator_settings":{"template":"highway","default_image_id":0,"font":"","enabled":false},"version":2},"_wpas_customize_per_network":false},"product_brand":[],"product_cat":[2975,3063,3071,2943],"product_tag":[],"class_list":{"0":"post-144168","1":"product","2":"type-product","3":"status-publish","4":"has-post-thumbnail","6":"product_cat-karkatak1640255403","7":"product_cat-nak1640255511","8":"product_cat-szet1640255520","9":"product_cat-natural-stone-bracelets1640255363","11":"first","12":"instock","13":"sale","14":"purchasable","15":"product-type-variable","16":"has-default-attributes"},"exclude_global_add_ons":[],"addons":[],"gallery_images":[134428,134449,134448,134425,134422,119086,119078],"jetpack_publicize_connections":[],"jetpack_likes_enabled":true,"jetpack_sharing_enabled":true,"_links":{"self":[{"href":"https:\/\/ugoman.net\/hu\/wp-json\/wp\/v2\/product\/144168","targetHints":{"allow":["GET"]}}],"collection":[{"href":"https:\/\/ugoman.net\/hu\/wp-json\/wp\/v2\/product"}],"about":[{"href":"https:\/\/ugoman.net\/hu\/wp-json\/wp\/v2\/types\/product"}],"wp:featuredmedia":[{"embeddable":true,"href":"https:\/\/ugoman.net\/hu\/wp-json\/wp\/v2\/media\/144172"}],"wp:attachment":[{"href":"https:\/\/ugoman.net\/hu\/wp-json\/wp\/v2\/media?parent=144168"}],"wp:term":[{"taxonomy":"product_brand","embeddable":true,"href":"https:\/\/ugoman.net\/hu\/wp-json\/wp\/v2\/product_brand?post=144168"},{"taxonomy":"product_cat","embeddable":true,"href":"https:\/\/ugoman.net\/hu\/wp-json\/wp\/v2\/product_cat?post=144168"},{"taxonomy":"product_tag","embeddable":true,"href":"https:\/\/ugoman.net\/hu\/wp-json\/wp\/v2\/product_tag?post=144168"}],"curies":[{"name":"wp","href":"https:\/\/api.w.org\/{rel}","templated":true}]}}