{"id":144762,"date":"2024-03-21T11:27:03","date_gmt":"2024-03-21T09:27:03","guid":{"rendered":"https:\/\/ugoman.net\/?post_type=product&#038;p=144762"},"modified":"2024-03-21T11:27:05","modified_gmt":"2024-03-21T09:27:05","slug":"2x-double-chain","status":"publish","type":"product","link":"https:\/\/ugoman.net\/hu\/termek\/2x-double-chain\/","title":{"rendered":"2x | Double Chain"},"content":{"rendered":"<p style=\"text-align: center;\"><strong><span style=\"color: #000000;\">Bemutatjuk gy\u00f6ny\u00f6r\u0171 nyakl\u00e1ncainkat<\/span><\/strong><\/p>\n<p style=\"text-align: center;\"><strong><span style=\"color: #000000;\">rozsdamentes ac\u00e9lb\u00f3l k\u00e9sz\u00fclt &#8211; a t\u00f6k\u00e9letes kieg\u00e9sz\u00edt\u0151!<\/span><\/strong><\/p>\n<p style=\"text-align: center;\"><span style=\"color: #000000;\">K\u00fcl\u00f6n b\u00f3nuszk\u00e9nt adunk hozz\u00e1 egy gy\u00f6ny\u00f6r\u0171 dobozt \u00e9s vel\u00far aj\u00e1nd\u00e9kt\u00e1sk\u00e1t, valamint egy min\u0151s\u00e9gi tan\u00fas\u00edtv\u00e1nyt, amely garanci\u00e1t ad arra, hogy a term\u00e9k sz\u00edne vagy megjelen\u00e9se nem v\u00e1ltozik. A term\u00e9kre \u00e9lethosszig tart\u00f3 garancia vonatkozik, \u00edgy t\u00f6k\u00e9letes aj\u00e1nd\u00e9k szeretteinek vagy k\u00fcl\u00f6nleges csemege \u00f6nmaga sz\u00e1m\u00e1ra. Ne hagyja ki ezt a lehet\u0151s\u00e9get, hogy egy igaz\u00e1n egyedi \u00e9s tartalmas kieg\u00e9sz\u00edt\u0151t birtokoljon.<\/span><\/p>\n<p style=\"text-align: center;\"><strong><span style=\"color: #000000;\">K\u00e9t l\u00e1nc<\/span><\/strong><\/p>\n<p style=\"text-align: center;\"><strong><span style=\"color: #000000;\">\u201e2x | Double Chain&#8217;<\/span><\/strong><\/p>\n<p style=\"text-align: center;\"><strong><span style=\"color: #000000;\">anyaga: nemesac\u00e9l 316L<\/span><\/strong><\/p>\n<p style=\"text-align: center;\">\n<p style=\"text-align: center;\"><strong><span style=\"color: #000000;\">1. l\u00e1nc: sz\u00e9less\u00e9g 2,5 mm<\/span><\/strong><\/p>\n<p style=\"text-align: center;\"><strong><span style=\"color: #000000;\">2. l\u00e1nc: sz\u00e9less\u00e9g 4 mm<\/span><\/strong><\/p>\n<p style=\"text-align: center;\">\n<p style=\"text-align: center;\">\n<span style=\"color: #000000;\">Tegyen felejthetetlen benyom\u00e1st aj\u00e1nlatainkkal. Az UGOMAN rozsdamentes ac\u00e9l \u00e9kszerek nagyszer\u0171 m\u00f3dja annak, hogy st\u00edlust adjon megjelen\u00e9s\u00e9hez. Az \u00e9kszerek k\u00e9sz\u00edt\u00e9s\u00e9nek technol\u00f3gi\u00e1ja a legapr\u00f3bb r\u00e9szletekig kompromisszumok n\u00e9lk\u00fcli precizit\u00e1st tesz lehet\u0151v\u00e9 a gy\u00e1rt\u00e1s sor\u00e1n. A rozsdamentes ac\u00e9l kiv\u00e9telesen ellen\u00e1ll a korr\u00f3zi\u00f3nak \u00e9s a rozsd\u00e1nak, alacsony a karbantart\u00e1si ig\u00e9nye, \u00e9s ismer\u0151s f\u00e9nye ide\u00e1lis anyagg\u00e1 teszi UGOMAN m\u00e1rk\u00e1j\u00fa \u00e9kszereink sz\u00e1m\u00e1ra.<\/span><\/p>\n","protected":false},"excerpt":{"rendered":"<p>Bemutatjuk gy\u00f6ny\u00f6r\u0171 nyakl\u00e1ncainkat rozsdamentes ac\u00e9lb\u00f3l k\u00e9sz\u00fclt &#8211; a t\u00f6k\u00e9letes kieg\u00e9sz\u00edt\u0151! K\u00fcl\u00f6n b\u00f3nuszk\u00e9nt adunk hozz\u00e1 egy gy\u00f6ny\u00f6r\u0171 dobozt \u00e9s vel\u00far aj\u00e1nd\u00e9kt\u00e1sk\u00e1t, valamint egy min\u0151s\u00e9gi tan\u00fas\u00edtv\u00e1nyt, amely garanci\u00e1t ad arra, hogy a term\u00e9k sz\u00edne vagy megjelen\u00e9se nem v\u00e1ltozik. A term\u00e9kre \u00e9lethosszig tart\u00f3 garancia vonatkozik, \u00edgy t\u00f6k\u00e9letes aj\u00e1nd\u00e9k [&hellip;]<\/p>\n","protected":false},"featured_media":128159,"template":"","meta":{"advanced_seo_description":"","jetpack_seo_html_title":"","jetpack_seo_noindex":false,"jetpack_publicize_message":"","jetpack_publicize_feature_enabled":true,"jetpack_social_post_already_shared":true,"jetpack_social_options":{"image_generator_settings":{"template":"highway","default_image_id":0,"font":"","enabled":false},"version":2},"_wpas_customize_per_network":false},"product_brand":[],"product_cat":[3047,3023,3015,2839],"product_tag":[],"class_list":{"0":"post-144762","1":"product","2":"type-product","3":"status-publish","4":"has-post-thumbnail","6":"product_cat-farfiak1640255492","7":"product_cat-medalok","8":"product_cat-necklaces1640255458","9":"product_cat-ugoman-farfiak","11":"first","12":"instock","13":"sale","14":"shipping-taxable","15":"purchasable","16":"product-type-simple"},"exclude_global_add_ons":[],"addons":[],"gallery_images":[128147,128139,128131,128123,128115,119086,119078],"jetpack_publicize_connections":[],"jetpack_likes_enabled":true,"jetpack_sharing_enabled":true,"_links":{"self":[{"href":"https:\/\/ugoman.net\/hu\/wp-json\/wp\/v2\/product\/144762","targetHints":{"allow":["GET"]}}],"collection":[{"href":"https:\/\/ugoman.net\/hu\/wp-json\/wp\/v2\/product"}],"about":[{"href":"https:\/\/ugoman.net\/hu\/wp-json\/wp\/v2\/types\/product"}],"wp:featuredmedia":[{"embeddable":true,"href":"https:\/\/ugoman.net\/hu\/wp-json\/wp\/v2\/media\/128159"}],"wp:attachment":[{"href":"https:\/\/ugoman.net\/hu\/wp-json\/wp\/v2\/media?parent=144762"}],"wp:term":[{"taxonomy":"product_brand","embeddable":true,"href":"https:\/\/ugoman.net\/hu\/wp-json\/wp\/v2\/product_brand?post=144762"},{"taxonomy":"product_cat","embeddable":true,"href":"https:\/\/ugoman.net\/hu\/wp-json\/wp\/v2\/product_cat?post=144762"},{"taxonomy":"product_tag","embeddable":true,"href":"https:\/\/ugoman.net\/hu\/wp-json\/wp\/v2\/product_tag?post=144762"}],"curies":[{"name":"wp","href":"https:\/\/api.w.org\/{rel}","templated":true}]}}