{"id":73474,"date":"2016-08-26T05:05:40","date_gmt":"2016-08-26T05:05:40","guid":{"rendered":"https:\/\/ugoman.net\/?product=pspan-stylefont-size14pxspan-stylefont-familyverdanagenevasans-serifamberspanspanp"},"modified":"2020-12-08T18:19:39","modified_gmt":"2020-12-08T18:19:39","slug":"pspan-stylefont-size14pxspan-stylefont-familyverdanagenevasans-serifamberspanspanp","status":"publish","type":"product","link":"https:\/\/ugoman.net\/hu\/termek\/pspan-stylefont-size14pxspan-stylefont-familyverdanagenevasans-serifamberspanspanp\/","title":{"rendered":"Amber"},"content":{"rendered":"<p style=\"text-align:center\"><span style=\"color:rgb(105, 105, 105)\"><span style=\"font-size:16px\"><span style=\"font-family:georgia,serif\"><strong>N\u0151i gy\u0171r\u0171<\/strong><\/span><\/span><\/span><\/p>\n<p style=\"text-align:center\"><span style=\"color:rgb(105, 105, 105)\"><span style=\"font-size:16px\"><span style=\"font-family:georgia,serif\"><strong>&quot;Amber&quot;<\/strong><\/span><\/span><\/span><\/p>\n<p style=\"text-align:center\"><span style=\"color:rgb(105, 105, 105)\"><span style=\"font-size:16px\"><span style=\"font-family:georgia,serif\"><strong>&nbsp; &nbsp;Cikksz&aacute;m: J20551<br \/>\nanyaga: rozsdamentes ac&eacute;l 316L&nbsp;<br \/>\nf&eacute;ldr&aacute;gak&ouml;vek: kristaly<br \/>\n&nbsp;m&eacute;retek: M&eacute;ret 6 \/ 16,45 mm \/ EU 53<br \/>\n&nbsp; &nbsp; &nbsp; &nbsp; &nbsp; &nbsp; &nbsp; &nbsp; &nbsp; &nbsp; &nbsp; M&eacute;ret 7 \/ 17,3 mm \/ EU 55<\/strong><\/span><\/span><\/span><\/p>\n<p style=\"text-align:center\">&nbsp;<\/p>\n<p style=\"text-align:center\"><span style=\"color:rgb(105, 105, 105)\"><span style=\"font-size:16px\"><span style=\"font-family:georgia,serif\"><strong>Aj&aacute;nlatainkkal felejthetetlen benyom&aacute;st kelthet.<br \/>\nAz UGOMAN rozsdamentes ac&eacute;l &eacute;kszerek nagyszer\u0171 m&oacute;dja annak, hogy st&iacute;lust adjon megjelen&eacute;s&eacute;nek. Az &eacute;kszerek k&eacute;sz&iacute;t&eacute;s&eacute;nek technol&oacute;gi&aacute;ja kompromisszumok n&eacute;lk&uuml;li pontoss&aacute;got tesz lehet\u0151v&eacute; gy&aacute;rt&aacute;sukban a legapr&oacute;bb r&eacute;szletekig.<br \/>\nA rozsdamentes ac&eacute;lt kiv&eacute;telesen korr&oacute;zi&oacute;val &eacute;s rozsd&aacute;val szembeni ellen&aacute;ll&oacute; k&eacute;pess&eacute;g jellemzi, alacsony a szolg&aacute;ltat&aacute;si ig&eacute;nye, &eacute;s megszokott f&eacute;nye ide&aacute;lis anyag az &quot;UGOMAN&quot; &eacute;kszerm&aacute;rk&aacute;nk sz&aacute;m&aacute;ra.<\/strong><\/span><\/span><\/span><\/p>\n<p style=\"text-align:center\"><span style=\"color:rgb(105, 105, 105)\"><span style=\"font-size:16px\"><span style=\"font-family:georgia,serif\"><strong>&nbsp;<br \/>\n&nbsp; &nbsp; &nbsp; Megkapja &eacute;kszereinket luxusc&eacute;gek csomagol&aacute;s&aacute;ban &eacute;s hiteless&eacute;gi tan&uacute;s&iacute;tv&aacute;nnyal<br \/>\n&quot;UGOMAN&quot;.<\/strong><\/span><\/span><\/span><\/p>\n<p style=\"text-align:center\"><span style=\"color:rgb(105, 105, 105)\"><span style=\"font-size:16px\"><span style=\"font-family:georgia,serif\"><strong>Ezt a term&eacute;ket online v&aacute;s&aacute;rolhatja<br \/>\n<a href=\"http:\/\/www.ugoman.eu\" rel=\"nofollow\">http:\/\/www.ugoman.eu<\/a><\/strong><\/span><\/span><\/span><\/p>\n<p style=\"text-align:center\"><span style=\"color:rgb(105, 105, 105)\"><span style=\"font-size:16px\"><span style=\"font-family:georgia,serif\"><strong>vagy &uuml;zlet&uuml;nkben<br \/>\ntal&aacute;lhat&oacute;:<\/strong><\/span><\/span><\/span><br \/>\n&nbsp;<\/p>\n<p style=\"text-align:center\"><span style=\"color:rgb(105, 105, 105)\"><span style=\"font-size:16px\"><span style=\"font-family:georgia,serif\"><strong>UGOMAN bemutat&oacute;terem &#8211; 2. emelet<br \/>\nStr. &quot;Eng. Georgi Belov&quot; 25<br \/>\nSofia<\/strong><\/span><\/span><\/span><\/p>\n<p style=\"text-align:center\"><span style=\"color:rgb(105, 105, 105)\"><span style=\"font-size:16px\"><span style=\"font-family:georgia,serif\"><strong>Vegye fel vel&uuml;nk a kapcsolatot v&aacute;s&aacute;rl&aacute;skor, ill<br \/>\nTerm&eacute;kinform&aacute;ci&oacute;k:<br \/>\nugoman@abv.bg<\/strong><\/span><\/span><\/span><\/p>\n","protected":false},"excerpt":{"rendered":"<p>N\u0151i gy\u0171r\u0171 &quot;Amber&quot; &nbsp; &nbsp;Cikksz&aacute;m: J20551 anyaga: rozsdamentes ac&eacute;l 316L&nbsp; f&eacute;ldr&aacute;gak&ouml;vek: kristaly &nbsp;m&eacute;retek: M&eacute;ret 6 \/ 16,45 mm \/ EU 53 &nbsp; &nbsp; &nbsp; &nbsp; &nbsp; &nbsp; &nbsp; &nbsp; &nbsp; &nbsp; &nbsp; M&eacute;ret 7 \/ 17,3 mm \/ EU 55 &nbsp; Aj&aacute;nlatainkkal felejthetetlen benyom&aacute;st kelthet. [&hellip;]<\/p>\n","protected":false},"featured_media":99295,"template":"","meta":{"advanced_seo_description":"","jetpack_seo_html_title":"","jetpack_seo_noindex":false,"jetpack_publicize_message":"","jetpack_publicize_feature_enabled":true,"jetpack_social_post_already_shared":false,"jetpack_social_options":{"image_generator_settings":{"template":"highway","default_image_id":0,"font":"","enabled":false},"version":2},"_wpas_customize_per_network":false},"product_brand":[],"product_cat":[2983,3063],"product_tag":[],"class_list":{"0":"post-73474","1":"product","2":"type-product","3":"status-publish","4":"has-post-thumbnail","6":"product_cat-gyarak1640255417","7":"product_cat-nak1640255511","9":"first","10":"instock","11":"purchasable","12":"product-type-variable"},"exclude_global_add_ons":[],"addons":[],"gallery_images":[99311,99312,99313,99314],"jetpack_publicize_connections":[],"jetpack_likes_enabled":true,"jetpack_sharing_enabled":true,"_links":{"self":[{"href":"https:\/\/ugoman.net\/hu\/wp-json\/wp\/v2\/product\/73474","targetHints":{"allow":["GET"]}}],"collection":[{"href":"https:\/\/ugoman.net\/hu\/wp-json\/wp\/v2\/product"}],"about":[{"href":"https:\/\/ugoman.net\/hu\/wp-json\/wp\/v2\/types\/product"}],"wp:featuredmedia":[{"embeddable":true,"href":"https:\/\/ugoman.net\/hu\/wp-json\/wp\/v2\/media\/99295"}],"wp:attachment":[{"href":"https:\/\/ugoman.net\/hu\/wp-json\/wp\/v2\/media?parent=73474"}],"wp:term":[{"taxonomy":"product_brand","embeddable":true,"href":"https:\/\/ugoman.net\/hu\/wp-json\/wp\/v2\/product_brand?post=73474"},{"taxonomy":"product_cat","embeddable":true,"href":"https:\/\/ugoman.net\/hu\/wp-json\/wp\/v2\/product_cat?post=73474"},{"taxonomy":"product_tag","embeddable":true,"href":"https:\/\/ugoman.net\/hu\/wp-json\/wp\/v2\/product_tag?post=73474"}],"curies":[{"name":"wp","href":"https:\/\/api.w.org\/{rel}","templated":true}]}}