{"id":74674,"date":"2018-10-28T12:03:38","date_gmt":"2018-10-28T12:03:38","guid":{"rendered":"https:\/\/ugoman.net\/?product=prose-gold-elements-ringp"},"modified":"2020-12-08T16:12:03","modified_gmt":"2020-12-08T16:12:03","slug":"prose-gold-elements-ringp","status":"publish","type":"product","link":"https:\/\/ugoman.net\/hu\/termek\/prose-gold-elements-ringp\/","title":{"rendered":"Rose Gold Elements Ring"},"content":{"rendered":"<p style=\"text-align: center;\"><span style=\"color:#696969\"><span style=\"font-size:16px\"><span style=\"font-family:georgia,serif\"><strong>N\u0151i gy\u0171r\u0171<\/strong><\/span><\/span><\/span><\/p>\n<p style=\"text-align: center;\"><span style=\"color:#696969\"><span style=\"font-size:16px\"><span style=\"font-family:georgia,serif\"><strong>&quot;Rose Gold Elements Ring&quot;<\/strong><\/span><\/span><\/span><\/p>\n<p style=\"text-align: center;\"><span style=\"color:#696969\"><span style=\"font-size:16px\"><span style=\"font-family:georgia,serif\"><strong>&nbsp; &nbsp;Cikksz&aacute;m: J24054<br \/>\nanyaga: rozsdamentes ac&eacute;l 316L &amp; Red PVD<br \/>\nf&eacute;ldr&aacute;gak&ouml;vek: onix, gy&ouml;ngyh&aacute;z, cirk&oacute;nium<br \/>\n&nbsp;m&eacute;retek: M&eacute;ret 6 \/ 16,45 mm \/ EU 53<br \/>\n&nbsp; &nbsp; &nbsp; &nbsp; &nbsp; &nbsp; &nbsp; &nbsp; &nbsp; &nbsp; &nbsp; M&eacute;ret 7 \/ 17,3 mm \/ EU 55<\/strong><\/span><\/span><\/span><\/p>\n<p style=\"text-align: center;\">&nbsp;<\/p>\n<p style=\"text-align: center;\"><span style=\"color:#696969\"><span style=\"font-size:16px\"><span style=\"font-family:georgia,serif\"><strong>Aj&aacute;nlatainkkal felejthetetlen benyom&aacute;st kelthet.<br \/>\nAz UGOMAN rozsdamentes ac&eacute;l &eacute;kszerek nagyszer\u0171 m&oacute;dja annak, hogy st&iacute;lust adjon megjelen&eacute;s&eacute;nek. Az &eacute;kszerek k&eacute;sz&iacute;t&eacute;s&eacute;nek technol&oacute;gi&aacute;ja kompromisszumok n&eacute;lk&uuml;li pontoss&aacute;got tesz lehet\u0151v&eacute; gy&aacute;rt&aacute;sukban a legapr&oacute;bb r&eacute;szletekig.<br \/>\nA rozsdamentes ac&eacute;lt kiv&eacute;telesen korr&oacute;zi&oacute;val &eacute;s rozsd&aacute;val szembeni ellen&aacute;ll&oacute; k&eacute;pess&eacute;g jellemzi, alacsony a szolg&aacute;ltat&aacute;si ig&eacute;nye, &eacute;s megszokott f&eacute;nye ide&aacute;lis anyag az &quot;UGOMAN&quot; &eacute;kszerm&aacute;rk&aacute;nk sz&aacute;m&aacute;ra.<\/strong><\/span><\/span><\/span><\/p>\n<p style=\"text-align: center;\"><span style=\"color:#696969\"><span style=\"font-size:16px\"><span style=\"font-family:georgia,serif\"><strong>&nbsp;A PVD (Physical Vapor Deposition) bevonatot eredetileg a katonai term&eacute;kek gy&aacute;rt&aacute;s&aacute;hoz haszn&aacute;lt&aacute;k, amely megn&ouml;velte a f&eacute;m alkatr&eacute;szek kop&aacute;s&aacute;ll&oacute;s&aacute;g&aacute;t. Hab&aacute;r a PVD m&oacute;dszerrel felvitt bevonat &aacute;ltal&aacute;ban csak n&eacute;h&aacute;ny mikron, molekul&aacute;i olyan szorosan k&ouml;t\u0151dnek a f&eacute;m molekul&aacute;ihoz, hogy nagyon neh&eacute;z (szinte lehetetlen) elt&aacute;vol&iacute;tani azokat a f&eacute;mr&eacute;szeket, amelyekre felviszik, k&ouml;zvetlen&uuml;l az alkalmaz&aacute;s ut&aacute;n.<br \/>\n&nbsp; &nbsp; &nbsp; Megkapja &eacute;kszereinket luxusc&eacute;gek csomagol&aacute;s&aacute;ban &eacute;s hiteless&eacute;gi tan&uacute;s&iacute;tv&aacute;nnyal<br \/>\n&quot;UGOMAN&quot;.<\/strong><\/span><\/span><\/span><\/p>\n<p style=\"text-align: center;\"><span style=\"color:#696969\"><span style=\"font-size:16px\"><span style=\"font-family:georgia,serif\"><strong>Ezt a term&eacute;ket online v&aacute;s&aacute;rolhatja<br \/>\n<a href=\"http:\/\/www.ugoman.eu\" rel=\"nofollow\">http:\/\/www.ugoman.eu<\/a><\/strong><\/span><\/span><\/span><\/p>\n<p style=\"text-align: center;\"><span style=\"color:#696969\"><span style=\"font-size:16px\"><span style=\"font-family:georgia,serif\"><strong>vagy &uuml;zlet&uuml;nkben<br \/>\ntal&aacute;lhat&oacute;:<\/strong><\/span><\/span><\/span><br \/>\n&nbsp;<\/p>\n<p style=\"text-align: center;\"><span style=\"color:#696969\"><span style=\"font-size:16px\"><span style=\"font-family:georgia,serif\"><strong>UGOMAN bemutat&oacute;terem &#8211; 2. emelet<br \/>\nStr. &quot;Eng. Georgi Belov&quot; 25<br \/>\nSofia<\/strong><\/span><\/span><\/span><\/p>\n<p style=\"text-align: center;\"><span style=\"color:#696969\"><span style=\"font-size:16px\"><span style=\"font-family:georgia,serif\"><strong>Vegye fel vel&uuml;nk a kapcsolatot v&aacute;s&aacute;rl&aacute;skor, ill<br \/>\nTerm&eacute;kinform&aacute;ci&oacute;k:<br \/>\nugoman@abv.bg<\/strong><\/span><\/span><\/span><\/p>\n","protected":false},"excerpt":{"rendered":"<p>N\u0151i gy\u0171r\u0171 &quot;Rose Gold Elements Ring&quot; &nbsp; &nbsp;Cikksz&aacute;m: J24054 anyaga: rozsdamentes ac&eacute;l 316L &amp; Red PVD f&eacute;ldr&aacute;gak&ouml;vek: onix, gy&ouml;ngyh&aacute;z, cirk&oacute;nium &nbsp;m&eacute;retek: M&eacute;ret 6 \/ 16,45 mm \/ EU 53 &nbsp; &nbsp; &nbsp; &nbsp; &nbsp; &nbsp; &nbsp; &nbsp; &nbsp; &nbsp; &nbsp; M&eacute;ret 7 \/ 17,3 mm [&hellip;]<\/p>\n","protected":false},"featured_media":100808,"template":"","meta":{"advanced_seo_description":"","jetpack_seo_html_title":"","jetpack_seo_noindex":false,"jetpack_publicize_message":"","jetpack_publicize_feature_enabled":true,"jetpack_social_post_already_shared":false,"jetpack_social_options":{"image_generator_settings":{"template":"highway","default_image_id":0,"font":"","enabled":false},"version":2},"_wpas_customize_per_network":false},"product_brand":[],"product_cat":[2983,3063],"product_tag":[],"class_list":{"0":"post-74674","1":"product","2":"type-product","3":"status-publish","4":"has-post-thumbnail","6":"product_cat-gyarak1640255417","7":"product_cat-nak1640255511","9":"first","10":"instock","11":"purchasable","12":"product-type-variable"},"exclude_global_add_ons":[],"addons":[],"gallery_images":[100824,100825,100826,100827,144976,135364],"jetpack_publicize_connections":[],"jetpack_likes_enabled":true,"jetpack_sharing_enabled":true,"_links":{"self":[{"href":"https:\/\/ugoman.net\/hu\/wp-json\/wp\/v2\/product\/74674","targetHints":{"allow":["GET"]}}],"collection":[{"href":"https:\/\/ugoman.net\/hu\/wp-json\/wp\/v2\/product"}],"about":[{"href":"https:\/\/ugoman.net\/hu\/wp-json\/wp\/v2\/types\/product"}],"wp:featuredmedia":[{"embeddable":true,"href":"https:\/\/ugoman.net\/hu\/wp-json\/wp\/v2\/media\/100808"}],"wp:attachment":[{"href":"https:\/\/ugoman.net\/hu\/wp-json\/wp\/v2\/media?parent=74674"}],"wp:term":[{"taxonomy":"product_brand","embeddable":true,"href":"https:\/\/ugoman.net\/hu\/wp-json\/wp\/v2\/product_brand?post=74674"},{"taxonomy":"product_cat","embeddable":true,"href":"https:\/\/ugoman.net\/hu\/wp-json\/wp\/v2\/product_cat?post=74674"},{"taxonomy":"product_tag","embeddable":true,"href":"https:\/\/ugoman.net\/hu\/wp-json\/wp\/v2\/product_tag?post=74674"}],"curies":[{"name":"wp","href":"https:\/\/api.w.org\/{rel}","templated":true}]}}