{"id":121510,"date":"2023-01-25T11:25:08","date_gmt":"2023-01-25T09:25:08","guid":{"rendered":"https:\/\/ugoman.net\/?post_type=product&#038;p=121510"},"modified":"2024-03-21T13:12:53","modified_gmt":"2024-03-21T11:12:53","slug":"gold-queen-copy","status":"publish","type":"product","link":"https:\/\/ugoman.net\/it\/prodotto\/gold-queen-copy\/","title":{"rendered":"Black Rose Gold"},"content":{"rendered":"<p style=\"text-align: center;\"><strong><span style=\"color: #000000;\">Ti presentiamo il nostro bellissimo anello, magistralmente realizzato in acciaio inossidabile con placcatura in oro 18 carati<\/span><\/strong><\/p>\n<p style=\"text-align: center;\"><strong><span style=\"color: #000000;\">\u2013 L&#8217;accessorio perfetto<\/span><\/strong><\/p>\n<p style=\"text-align: center;\"><span style=\"color: #000000;\">Come bonus speciale includiamo una bellissima scatola, un sacchetto regalo in velluto e un certificato di qualit\u00e0 che ti garantisce che il prodotto non cambier\u00e0 colore o aspetto. Il prodotto ha una garanzia a vita, che lo rende un regalo perfetto per i tuoi cari o un regalo speciale per te stesso. Non perdere l&#8217;occasione di possedere un accessorio davvero unico e significativo.<\/span><\/p>\n<p style=\"text-align: center;\"><strong><span style=\"color: #000000;\">&#8220;Oro rosa nero&#8221;<\/span><\/strong><\/p>\n<p style=\"text-align: center;\"><strong><span style=\"color: #000000;\">codice articolo: 11250<\/span><\/strong><br \/>\n<strong><span style=\"color: #000000;\">materiale: acciaio inossidabile 316L e finitura oro rosa<\/span><\/strong><br \/>\n<strong><span style=\"color: #000000;\">Cristallo naturale<\/span><\/strong><\/p>\n<p style=\"text-align: center;\"><strong><span style=\"color: #000000;\">dimensioni:<\/span><\/strong><\/p>\n<p style=\"text-align: center;\"><strong><span style=\"color: #000000;\">Taglia 6\/16,45 mm\/EU 53<\/span><\/strong><br \/>\n<strong><span style=\"color: #000000;\">Taglia 7\/17,3 mm\/EU 55<\/span><\/strong><\/p>\n<p style=\"text-align: center;\"><span style=\"color: #000000;\">Fate un&#8217;impressione indimenticabile con le nostre offerte.<\/span><br \/>\n<span style=\"color: #000000;\">I gioielli in acciaio inossidabile UGOMAN sono un ottimo modo per aggiungere stile al tuo look. La tecnologia per realizzare i gioielli consente una precisione senza compromessi nella sua produzione fino all&#8217;ultimo dettaglio.<\/span><br \/>\n<span style=\"color: #000000;\">L&#8217;eccezionale resistenza alla corrosione e alla ruggine dell&#8217;acciaio inossidabile, i bassi requisiti di manutenzione e la lucentezza familiare lo rendono un materiale ideale per i gioielli del nostro marchio UGOMAN.<\/span><\/p>\n<p style=\"text-align: center;\"><span style=\"color: #000000;\">Il rivestimento PVD (Physical Vapor Deposition) era originariamente utilizzato nella produzione di prodotti per uso militare, richiedendo una maggiore resistenza all&#8217;usura delle parti metalliche. Nonostante il rivestimento applicato con il metodo PVD sia solitamente solo di pochi micron, le sue molecole sono cos\u00ec legate a quelle del metallo che, una volta applicato, \u00e8 molto difficile (quasi impossibile) essere rimosso dalle parti metalliche su cui \u00e8 applicato .<\/span><\/p>\n","protected":false},"excerpt":{"rendered":"<p>Ti presentiamo il nostro bellissimo anello, magistralmente realizzato in acciaio inossidabile con placcatura in oro 18 carati \u2013 L&#8217;accessorio perfetto Come bonus speciale includiamo una bellissima scatola, un sacchetto regalo in velluto e un certificato di qualit\u00e0 che ti garantisce che il prodotto non cambier\u00e0 [&hellip;]<\/p>\n","protected":false},"featured_media":121567,"template":"","meta":{"advanced_seo_description":"","jetpack_seo_html_title":"","jetpack_seo_noindex":false,"jetpack_publicize_message":"","jetpack_publicize_feature_enabled":true,"jetpack_social_post_already_shared":true,"jetpack_social_options":{"image_generator_settings":{"template":"highway","default_image_id":0,"font":"","enabled":false},"version":2},"_wpas_customize_per_network":false},"product_brand":[],"product_cat":[2984,3064],"product_tag":[],"class_list":{"0":"post-121510","1":"product","2":"type-product","3":"status-publish","4":"has-post-thumbnail","6":"product_cat-anelli1640255418","7":"product_cat-donne","9":"first","10":"instock","11":"purchasable","12":"product-type-variable","13":"has-default-attributes"},"exclude_global_add_ons":[],"addons":[],"gallery_images":[121562,121554,121546,121517,119086,119078],"jetpack_publicize_connections":[],"jetpack_likes_enabled":true,"jetpack_sharing_enabled":true,"_links":{"self":[{"href":"https:\/\/ugoman.net\/it\/wp-json\/wp\/v2\/product\/121510","targetHints":{"allow":["GET"]}}],"collection":[{"href":"https:\/\/ugoman.net\/it\/wp-json\/wp\/v2\/product"}],"about":[{"href":"https:\/\/ugoman.net\/it\/wp-json\/wp\/v2\/types\/product"}],"wp:featuredmedia":[{"embeddable":true,"href":"https:\/\/ugoman.net\/it\/wp-json\/wp\/v2\/media\/121567"}],"wp:attachment":[{"href":"https:\/\/ugoman.net\/it\/wp-json\/wp\/v2\/media?parent=121510"}],"wp:term":[{"taxonomy":"product_brand","embeddable":true,"href":"https:\/\/ugoman.net\/it\/wp-json\/wp\/v2\/product_brand?post=121510"},{"taxonomy":"product_cat","embeddable":true,"href":"https:\/\/ugoman.net\/it\/wp-json\/wp\/v2\/product_cat?post=121510"},{"taxonomy":"product_tag","embeddable":true,"href":"https:\/\/ugoman.net\/it\/wp-json\/wp\/v2\/product_tag?post=121510"}],"curies":[{"name":"wp","href":"https:\/\/api.w.org\/{rel}","templated":true}]}}