{"id":144334,"date":"2024-03-20T22:18:00","date_gmt":"2024-03-20T20:18:00","guid":{"rendered":"https:\/\/ugoman.net\/?post_type=product&#038;p=144334"},"modified":"2024-03-20T22:18:02","modified_gmt":"2024-03-20T20:18:02","slug":"%f0%9f%8e%80-pink-elegance-set","status":"publish","type":"product","link":"https:\/\/ugoman.net\/it\/prodotto\/%f0%9f%8e%80-pink-elegance-set\/","title":{"rendered":"\ud83c\udf80 Pink Elegance- Set"},"content":{"rendered":"<p style=\"text-align: center;\"><strong><span style=\"color: #000000;\">Ti presentiamo il nostro bellissimo set &#8220;Pink Pearl Elegance&#8221; \ud83c\udf0a &#8211; Collana e Bracciale &#8211; realizzato con Perle naturali e Cristalli rosa naturali!<\/span><\/strong><\/p>\n<p style=\"text-align: center;\"><span style=\"color: #000000;\">l&#8217;accessorio perfetto per chi vuole essere diverso e spettacolare. Questo set \u00e8 composto da una collana e un braccialetto con cristalli rosa e perle naturali, realizzati magistralmente e infilati su un doppio cordone in acciaio di alta qualit\u00e0 ed estremamente resistente!<\/span><\/p>\n<p style=\"text-align: center;\"><strong><span style=\"color: #000000;\">Come bonus speciale, includiamo una bellissima scatola, un sacchetto regalo in velluto e un certificato di qualit\u00e0 con ogni acquisto, rendendolo un regalo perfetto per i tuoi cari o un regalo speciale per te stesso. Non perdere l&#8217;occasione di possedere un accessorio davvero unico e significativo.<\/span><\/strong><\/p>\n<p style=\"text-align: center;\"><strong><span style=\"color: #000000;\">Simbolo: amore e pace sconfinata<\/span><\/strong><\/p>\n<p style=\"text-align: center;\"><strong><span style=\"color: #000000;\">*Fatto a mano<\/span><\/strong><\/p>\n<p style=\"text-align: center;\"><strong><span style=\"color: #000000;\">*Lunghezza della collana regolabile!<\/span><\/strong><\/p>\n<p style=\"text-align: center;\"><strong><span style=\"color: #000000;\">Perle Naturali<\/span><\/strong><\/p>\n<p style=\"text-align: center;\"><strong><span style=\"color: #000000;\">4 mm<\/span><\/strong><\/p>\n<p style=\"text-align: center;\"><span style=\"color: #000000;\">Le perle sono un simbolo di purezza, innocenza e fede. Migliorano l&#8217;integrit\u00e0 e contribuiscono al chiarimento della mente e all&#8217;assimilazione della saggezza e della guida spirituale. Alcuni credono che queste siano le lacrime degli dei.<\/span><\/p>\n<p style=\"text-align: center;\"><span style=\"color: #000000;\">Le perle sono una delle pietre preziose pi\u00f9 delicate. Non richiedono tagli o lucidature speciali perch\u00e9 sono belli cos\u00ec come sono, nel loro aspetto naturale e nella loro origine. Le perle di alta qualit\u00e0 hanno una lucentezza ricca e brillante e la loro brillante iridescenza ha origine direttamente dal nucleo del gioiello. Ecco perch\u00e9 le perle sono diventate un simbolo di bellezza pura e naturale.<\/span><\/p>\n<p style=\"text-align: center;\"><strong><span style=\"color: #000000;\">Quarzo rosa<\/span><\/strong><\/p>\n<p style=\"text-align: center;\"><strong><span style=\"color: #000000;\">3,5 mm.<\/span><\/strong><\/p>\n<p style=\"text-align: center;\"><span style=\"color: #000000;\">Il quarzo rosa \u00e8 la pietra dell&#8217;amore universale, portatrice di un&#8217;energia di compassione e guarigione. Il significato dietro il quarzo rosa \u00e8 pace, amore e romanticismo.<\/span><\/p>\n<p style=\"text-align: center;\">\n<p style=\"text-align: center;\">\n<span style=\"color: #000000;\">Noi di UGOMAN siamo orgogliosi di creare gioielli che non solo siano belli, ma abbiano anche un significato e un significato profondi.<\/span><\/p>\n<p style=\"text-align: center;\"><span style=\"color: #000000;\">Ordina ora e lascia che la fede ti ispiri ogni giorno.<\/span><\/p>\n","protected":false},"excerpt":{"rendered":"<p>Ti presentiamo il nostro bellissimo set &#8220;Pink Pearl Elegance&#8221; \ud83c\udf0a &#8211; Collana e Bracciale &#8211; realizzato con Perle naturali e Cristalli rosa naturali! l&#8217;accessorio perfetto per chi vuole essere diverso e spettacolare. Questo set \u00e8 composto da una collana e un braccialetto con cristalli rosa [&hellip;]<\/p>\n","protected":false},"featured_media":144221,"template":"","meta":{"advanced_seo_description":"","jetpack_seo_html_title":"","jetpack_seo_noindex":false,"jetpack_publicize_message":"","jetpack_publicize_feature_enabled":true,"jetpack_social_post_already_shared":true,"jetpack_social_options":{"image_generator_settings":{"template":"highway","default_image_id":0,"font":"","enabled":false},"version":2},"_wpas_customize_per_network":false},"product_brand":[],"product_cat":[2976,2944,3000,2936,3064,3072],"product_tag":[],"class_list":{"0":"post-144334","1":"product","2":"type-product","3":"status-publish","4":"has-post-thumbnail","6":"product_cat-bracciali1640255404","7":"product_cat-bracciali-naturali-di-pietra1640255364","8":"product_cat-collane1640255442","9":"product_cat-collane-naturali-di-pietra1640255354","10":"product_cat-donne","11":"product_cat-sets1640255521","13":"first","14":"instock","15":"sale","16":"purchasable","17":"product-type-variable","18":"has-default-attributes"},"exclude_global_add_ons":[],"addons":[],"gallery_images":[144228,144225,144222,144219,144204,144221,144218,119083,119091],"jetpack_publicize_connections":[],"jetpack_likes_enabled":true,"jetpack_sharing_enabled":true,"_links":{"self":[{"href":"https:\/\/ugoman.net\/it\/wp-json\/wp\/v2\/product\/144334","targetHints":{"allow":["GET"]}}],"collection":[{"href":"https:\/\/ugoman.net\/it\/wp-json\/wp\/v2\/product"}],"about":[{"href":"https:\/\/ugoman.net\/it\/wp-json\/wp\/v2\/types\/product"}],"wp:featuredmedia":[{"embeddable":true,"href":"https:\/\/ugoman.net\/it\/wp-json\/wp\/v2\/media\/144221"}],"wp:attachment":[{"href":"https:\/\/ugoman.net\/it\/wp-json\/wp\/v2\/media?parent=144334"}],"wp:term":[{"taxonomy":"product_brand","embeddable":true,"href":"https:\/\/ugoman.net\/it\/wp-json\/wp\/v2\/product_brand?post=144334"},{"taxonomy":"product_cat","embeddable":true,"href":"https:\/\/ugoman.net\/it\/wp-json\/wp\/v2\/product_cat?post=144334"},{"taxonomy":"product_tag","embeddable":true,"href":"https:\/\/ugoman.net\/it\/wp-json\/wp\/v2\/product_tag?post=144334"}],"curies":[{"name":"wp","href":"https:\/\/api.w.org\/{rel}","templated":true}]}}