{"id":120910,"date":"2023-01-25T09:12:00","date_gmt":"2023-01-25T07:12:00","guid":{"rendered":"https:\/\/ugoman.net\/?post_type=product&#038;p=120910"},"modified":"2024-02-23T08:30:16","modified_gmt":"2024-02-23T06:30:16","slug":"the-flower-copy-copy","status":"publish","type":"product","link":"https:\/\/ugoman.net\/ro\/produs\/the-flower-copy-copy\/","title":{"rendered":"THE CRYSTALS IN SILVER"},"content":{"rendered":"<p style=\"text-align: center;\"><span style=\"color: #000000;\">medalion pentru femei<\/span><\/p>\n<p style=\"text-align: center;\"><span style=\"color: #000000;\">\u201eTHE CRYSTALS IN SILVER\u201d<\/span><\/p>\n<p style=\"text-align: center;\"><span style=\"color: #000000;\">material: o\u021bel nobil 316L<\/span><\/p>\n<p style=\"text-align: center;\"><span style=\"color: #000000;\">Lan\u021b din o\u021bel inoxidabil 316L:<\/span><\/p>\n<p style=\"text-align: center;\"><span style=\"color: #000000;\">Lungime reglabila: de la 35 la 50 cm.<\/span><\/p>\n<p style=\"text-align: center;\"><span style=\"color: #000000;\">Cristale naturale<\/span><\/p>\n<p style=\"text-align: center;\"><span style=\"color: #000000;\">Ve\u021bi primi fiecare dintre produsele noastre \u00eentr-o geant\u0103 de velur luxoas\u0103 \u00eentr-o cutie cadou \u0219i un certificat de autenticitate \u201eUGOMAN\u201d<\/span><\/p>\n<p style=\"text-align: center;\"><span style=\"color: #000000;\">Anun\u0163:<\/span><\/p>\n<p style=\"text-align: center;\"><span style=\"color: #000000;\">Face\u021bi o impresie de neuitat cu ofertele noastre. Bijuteriile UGOMAN sunt o modalitate excelent\u0103 de a ad\u0103uga stil look-ului t\u0103u. Tehnologia de realizare a bijuteriilor permite o precizie f\u0103r\u0103 compromis \u00een produc\u021bia lor p\u00e2n\u0103 la ultimul detaliu. O\u021belul nobil se remarc\u0103 prin rezisten\u021ba excep\u021bional\u0103 la coroziune \u0219i rugin\u0103, cerin\u021bele reduse de \u00eentre\u021binere \u0219i luciul s\u0103u familiar, f\u0103c\u00e2ndu-l un material ideal pentru bijuteriile marca &#8222;UGOMAN&#8221;.<\/span><\/p>\n","protected":false},"excerpt":{"rendered":"[forminator_form id=\"138446\"]\n","protected":false},"featured_media":120933,"template":"","meta":{"advanced_seo_description":"","jetpack_seo_html_title":"","jetpack_seo_noindex":false,"jetpack_publicize_message":"","jetpack_publicize_feature_enabled":true,"jetpack_social_post_already_shared":true,"jetpack_social_options":{"image_generator_settings":{"template":"highway","default_image_id":0,"font":"","enabled":false},"version":2},"_wpas_customize_per_network":false},"product_brand":[],"product_cat":[2997,3061,2965],"product_tag":[],"class_list":{"0":"post-120910","1":"product","2":"type-product","3":"status-publish","4":"has-post-thumbnail","6":"product_cat-coliere1640255440","7":"product_cat-femei1640255509","8":"product_cat-pandative1640255389","10":"first","11":"instock","12":"purchasable","13":"product-type-simple"},"exclude_global_add_ons":[],"addons":[],"gallery_images":[120941,120933,120925,120917,117088,144982],"jetpack_publicize_connections":[],"jetpack_likes_enabled":true,"jetpack_sharing_enabled":true,"_links":{"self":[{"href":"https:\/\/ugoman.net\/ro\/wp-json\/wp\/v2\/product\/120910","targetHints":{"allow":["GET"]}}],"collection":[{"href":"https:\/\/ugoman.net\/ro\/wp-json\/wp\/v2\/product"}],"about":[{"href":"https:\/\/ugoman.net\/ro\/wp-json\/wp\/v2\/types\/product"}],"wp:featuredmedia":[{"embeddable":true,"href":"https:\/\/ugoman.net\/ro\/wp-json\/wp\/v2\/media\/120933"}],"wp:attachment":[{"href":"https:\/\/ugoman.net\/ro\/wp-json\/wp\/v2\/media?parent=120910"}],"wp:term":[{"taxonomy":"product_brand","embeddable":true,"href":"https:\/\/ugoman.net\/ro\/wp-json\/wp\/v2\/product_brand?post=120910"},{"taxonomy":"product_cat","embeddable":true,"href":"https:\/\/ugoman.net\/ro\/wp-json\/wp\/v2\/product_cat?post=120910"},{"taxonomy":"product_tag","embeddable":true,"href":"https:\/\/ugoman.net\/ro\/wp-json\/wp\/v2\/product_tag?post=120910"}],"curies":[{"name":"wp","href":"https:\/\/api.w.org\/{rel}","templated":true}]}}