{"id":131785,"date":"2023-06-03T15:37:41","date_gmt":"2023-06-03T12:37:41","guid":{"rendered":"https:\/\/ugoman.net\/?post_type=product&#038;p=131785"},"modified":"2024-03-03T13:57:56","modified_gmt":"2024-03-03T11:57:56","slug":"cross-zircons-copy","status":"publish","type":"product","link":"https:\/\/ugoman.net\/ro\/produs\/cross-zircons-copy\/","title":{"rendered":"Jesus Christ &#038; Onyx"},"content":{"rendered":"<p style=\"text-align: center;\"><span style=\"color: #000000;\">V\u0103 prezent\u0103m frumosul nostru colier &#8211; cruce din o\u021bel inoxidabil placat cu aur de 18k \u0219i pietre naturale, semipre\u021bioase &#8211; Onix \u201eIsus Christ &amp; Onyx s\u201d<\/span><\/p>\n<p style=\"text-align: center;\"><span style=\"color: #000000;\">accesoriul perfect pentru cei care doresc s\u0103-\u0219i poarte credin\u021ba aproape de inim\u0103. Acest colier are o cruce frumoas\u0103 \u0219i pietre naturale de onix, realizate cu m\u0103iestrie din o\u021bel inoxidabil de \u00eenalt\u0103 calitate, extrem de durabil \u0219i un \u0219nur dublu de o\u021bel!<\/span><\/p>\n<p style=\"text-align: center;\"><span style=\"color: #000000;\">Ca bonus special, includem o cutie frumoas\u0103 \u0219i o pung\u0103 cadou din velur \u0219i un certificat de calitate la fiecare achizi\u021bie, f\u0103c\u00e2ndu-l un cadou perfect pentru cei dragi sau un r\u0103sf\u0103\u021b special pentru tine. Nu rata\u021bi aceast\u0103 oportunitate de a de\u021bine un accesoriu cu adev\u0103rat unic \u0219i semnificativ.<\/span><\/p>\n<p style=\"text-align: center;\"><span style=\"color: #000000;\">simbolul credin\u021bei<\/span><\/p>\n<p style=\"text-align: center;\"><span style=\"color: #000000;\">*F\u0103cut manual<\/span><\/p>\n<p style=\"text-align: center;\"><span style=\"color: #000000;\">Cruce-35 mm.<\/span><\/p>\n<p style=\"text-align: center;\"><span style=\"color: #000000;\">Onix<\/span><br \/>\n<span style=\"color: #000000;\">6 mm.<\/span><br \/>\n<img loading=\"lazy\" decoding=\"async\" src=\"https:\/\/i0.wp.com\/ugoman.net\/wp-content\/uploads\/content\/sPjNUEr_35nd.png?w=1100&amp;ssl=1\" alt=\"\" width=\"45\" height=\"45\" \/><br \/>\n<span style=\"color: #000000;\">Onixul ajut\u0103 la eliminarea g\u00e2ndirii negative \u0219i a stresului \u0219i este bun pentru medita\u021bie \u0219i vise pozitive. Inspir\u0103 g\u00e2ndirea \u0219i spiritualitatea, ajut\u0103 la controlul emo\u021biilor \u0219i pasiunilor.<\/span><\/p>\n<p style=\"text-align: center;\"><span style=\"color: #000000;\">La UGOMAN, ne m\u00e2ndrim cu crearea de bijuterii care nu numai c\u0103 arat\u0103 frumos, dar au \u0219i o semnifica\u021bie \u0219i o semnifica\u021bie profund\u0103. Colierul nostru Hristos este o dovad\u0103 a angajamentului nostru fa\u021b\u0103 de m\u0103iestria \u0219i designul de calitate. Purta\u021bi-l ca simbol al credin\u021bei voastre \u0219i ca o amintire a dragostei \u0219i jertfei lui Hristos.<\/span><\/p>\n<p style=\"text-align: center;\"><span style=\"color: #000000;\">Comanda acum \u0219i las\u0103 credin\u021ba s\u0103 te inspire \u00een fiecare zi.<\/span><\/p>\n","protected":false},"excerpt":{"rendered":"[forminator_form id=\"138446\"]\n","protected":false},"featured_media":131860,"template":"","meta":{"advanced_seo_description":"","jetpack_seo_html_title":"","jetpack_seo_noindex":false,"jetpack_publicize_message":"","jetpack_publicize_feature_enabled":true,"jetpack_social_post_already_shared":true,"jetpack_social_options":{"image_generator_settings":{"template":"highway","default_image_id":0,"font":"","enabled":false},"version":2},"_wpas_customize_per_network":false},"product_brand":[],"product_cat":[3045,2949,3021],"product_tag":[],"class_list":{"0":"post-131785","1":"product","2":"type-product","3":"status-publish","4":"has-post-thumbnail","6":"product_cat-barbaesi1640255490","7":"product_cat-natural-stone-necklaces1640255370","8":"product_cat-pandative","10":"first","11":"instock","12":"sale","13":"purchasable","14":"product-type-variable","15":"has-default-attributes"},"exclude_global_add_ons":[],"addons":[],"gallery_images":[131870,131862,131846,131818,131878,131886,117109,119078,119086],"jetpack_publicize_connections":[],"jetpack_likes_enabled":true,"jetpack_sharing_enabled":true,"_links":{"self":[{"href":"https:\/\/ugoman.net\/ro\/wp-json\/wp\/v2\/product\/131785","targetHints":{"allow":["GET"]}}],"collection":[{"href":"https:\/\/ugoman.net\/ro\/wp-json\/wp\/v2\/product"}],"about":[{"href":"https:\/\/ugoman.net\/ro\/wp-json\/wp\/v2\/types\/product"}],"wp:featuredmedia":[{"embeddable":true,"href":"https:\/\/ugoman.net\/ro\/wp-json\/wp\/v2\/media\/131860"}],"wp:attachment":[{"href":"https:\/\/ugoman.net\/ro\/wp-json\/wp\/v2\/media?parent=131785"}],"wp:term":[{"taxonomy":"product_brand","embeddable":true,"href":"https:\/\/ugoman.net\/ro\/wp-json\/wp\/v2\/product_brand?post=131785"},{"taxonomy":"product_cat","embeddable":true,"href":"https:\/\/ugoman.net\/ro\/wp-json\/wp\/v2\/product_cat?post=131785"},{"taxonomy":"product_tag","embeddable":true,"href":"https:\/\/ugoman.net\/ro\/wp-json\/wp\/v2\/product_tag?post=131785"}],"curies":[{"name":"wp","href":"https:\/\/api.w.org\/{rel}","templated":true}]}}