{"id":138722,"date":"2024-02-06T02:20:06","date_gmt":"2024-02-06T00:20:06","guid":{"rendered":"https:\/\/ugoman.net\/?post_type=product&#038;p=138722"},"modified":"2024-02-06T02:20:07","modified_gmt":"2024-02-06T00:20:07","slug":"golden-mary-bracelet","status":"publish","type":"product","link":"https:\/\/ugoman.net\/ro\/produs\/golden-mary-bracelet\/","title":{"rendered":"Golden Mary Bracelet"},"content":{"rendered":"<p style=\"text-align: center;\"><strong><span style=\"color: #000000;\">\u201eBr\u0103\u021bar\u0103 de aur Sf\u00e2nta Maria\u201d<\/span><\/strong><br \/>\n<strong><span style=\"color: #000000;\">num\u0103rul articolului: 3030<\/span><\/strong><br \/>\n<strong><span style=\"color: #000000;\">Material: o\u021bel nobil 316L \u0219i placat cu aur<\/span><\/strong><\/p>\n<p style=\"text-align: center;\"><strong><span style=\"color: #000000;\">Dimensiunea icoanei cu Fecioara Maria: 1,5 cm<\/span><\/strong><\/p>\n<p style=\"text-align: center;\"><strong><span style=\"color: #000000;\">Face\u021bi o impresie de neuitat cu ofertele noastre.<\/span><\/strong><\/p>\n<p style=\"text-align: center;\"><span style=\"color: #000000;\">Bijuteriile din o\u021bel pre\u021bios \u201eUGOMAN\u201d sunt o modalitate excelent\u0103 de a ad\u0103uga stil look-ului t\u0103u. Tehnologia de fabricare a bijuteriilor permite o precizie f\u0103r\u0103 compromis \u00een fabricarea lor p\u00e2n\u0103 la ultimul detaliu.<\/span><br \/>\n<span style=\"color: #000000;\">O\u021belul nobil se remarc\u0103 prin rezisten\u021ba excelent\u0103 la coroziune \u0219i rugin\u0103, are cerin\u021be reduse de \u00eentre\u021binere \u0219i str\u0103lucirea familiar\u0103 \u00eel face materialul ideal pentru bijuteriile marca \u201eUGOMAN\u201d.<\/span><\/p>\n","protected":false},"excerpt":{"rendered":"[forminator_form id=\"138446\"]\n","protected":false},"featured_media":115845,"template":"","meta":{"advanced_seo_description":"","jetpack_seo_html_title":"","jetpack_seo_noindex":false,"jetpack_publicize_message":"","jetpack_publicize_feature_enabled":true,"jetpack_social_post_already_shared":true,"jetpack_social_options":{"image_generator_settings":{"template":"highway","default_image_id":0,"font":"","enabled":false},"version":2},"_wpas_customize_per_network":false},"product_brand":[],"product_cat":[3005,2973,3045,3061],"product_tag":[],"class_list":{"0":"post-138722","1":"product","2":"type-product","3":"status-publish","4":"has-post-thumbnail","6":"product_cat-bratari","7":"product_cat-bratari1640255401","8":"product_cat-barbaesi1640255490","9":"product_cat-femei1640255509","11":"first","12":"instock","13":"sale","14":"shipping-taxable","15":"purchasable","16":"product-type-variable","17":"has-default-attributes"},"exclude_global_add_ons":[],"addons":[],"gallery_images":[117696,117704,117712,117720,117728,117088,115316,149212],"jetpack_publicize_connections":[],"jetpack_likes_enabled":true,"jetpack_sharing_enabled":true,"_links":{"self":[{"href":"https:\/\/ugoman.net\/ro\/wp-json\/wp\/v2\/product\/138722","targetHints":{"allow":["GET"]}}],"collection":[{"href":"https:\/\/ugoman.net\/ro\/wp-json\/wp\/v2\/product"}],"about":[{"href":"https:\/\/ugoman.net\/ro\/wp-json\/wp\/v2\/types\/product"}],"wp:featuredmedia":[{"embeddable":true,"href":"https:\/\/ugoman.net\/ro\/wp-json\/wp\/v2\/media\/115845"}],"wp:attachment":[{"href":"https:\/\/ugoman.net\/ro\/wp-json\/wp\/v2\/media?parent=138722"}],"wp:term":[{"taxonomy":"product_brand","embeddable":true,"href":"https:\/\/ugoman.net\/ro\/wp-json\/wp\/v2\/product_brand?post=138722"},{"taxonomy":"product_cat","embeddable":true,"href":"https:\/\/ugoman.net\/ro\/wp-json\/wp\/v2\/product_cat?post=138722"},{"taxonomy":"product_tag","embeddable":true,"href":"https:\/\/ugoman.net\/ro\/wp-json\/wp\/v2\/product_tag?post=138722"}],"curies":[{"name":"wp","href":"https:\/\/api.w.org\/{rel}","templated":true}]}}