{"id":139325,"date":"2024-02-17T15:54:01","date_gmt":"2024-02-17T13:54:01","guid":{"rendered":"https:\/\/ugoman.net\/?post_type=product&#038;p=139325"},"modified":"2024-02-17T15:54:02","modified_gmt":"2024-02-17T13:54:02","slug":"silver-saint-mary","status":"publish","type":"product","link":"https:\/\/ugoman.net\/ro\/produs\/silver-saint-mary\/","title":{"rendered":"Silver Saint Mary"},"content":{"rendered":"<p style=\"text-align: center;\"><span style=\"color: #000000;\">V\u0103 prezent\u0103m frumosul nostru colier Iisus Hristos \u0219i Fecioara Maria<\/span><\/p>\n<p style=\"text-align: center;\"><span style=\"color: #000000;\">o\u021bel inoxidabil &#8211; accesoriul perfect pentru cei care vor s\u0103-\u0219i poarte credin\u021ba pe inim\u0103. Acest colier prezint\u0103 o cruce frumoas\u0103 cu Iisus Hristos \u0219i o icoan\u0103 cu Fecioara Maria, realizat\u0103 cu m\u0103iestrie din o\u021bel inoxidabil de \u00eenalt\u0103 calitate, extrem de rezistent!<\/span><\/p>\n<p style=\"text-align: center;\"><span style=\"color: #000000;\">Pandantivele sunt complete cu un lan\u021b robust care poate fi ajustat la lungimea dorit\u0103, f\u0103c\u00e2ndu-l un accesoriu versatil. Indiferent dac\u0103 te \u00eembraci pentru o ocazie special\u0103 sau doar adaugi un accent extra elegant stilului t\u0103u de zi cu zi, acest colier Hristos \u0219i Fecioara Maria va deveni cu siguran\u021b\u0103 un accesoriu pre\u021buit \u00een colec\u021bia ta de bijuterii.<\/span><\/p>\n<p style=\"text-align: center;\"><span style=\"color: #000000;\">La UGOMAN, ne m\u00e2ndrim cu crearea de bijuterii care nu numai c\u0103 arat\u0103 frumos, dar au \u0219i o semnifica\u021bie \u0219i o semnifica\u021bie profund\u0103. Colierul nostru Hristos \u0219i Fecioara Maria este o dovad\u0103 a angajamentului nostru fa\u021b\u0103 de m\u0103iestria \u0219i designul de calitate. Purta\u021bi-l ca simbol al credin\u021bei voastre \u0219i ca o amintire a dragostei \u0219i jertfei lui Hristos.<\/span><\/p>\n<p style=\"text-align: center;\"><span style=\"color: #000000;\">Ca bonus special, includem o cutie frumoas\u0103 \u0219i o pung\u0103 cadou de plu\u0219 \u0219i un certificat de calitate la fiecare achizi\u021bie, f\u0103c\u00e2ndu-l cadoul perfect pentru cei dragi sau un r\u0103sf\u0103\u021b special pentru tine. Nu rata\u021bi aceast\u0103 oportunitate de a de\u021bine un accesoriu cu adev\u0103rat unic \u0219i esen\u021bial.<\/span><\/p>\n<p style=\"text-align: center;\"><strong><span style=\"color: #000000;\">Comanda acum \u0219i las\u0103 credin\u021ba s\u0103 te inspire \u00een fiecare zi.<\/span><\/strong><\/p>\n<p style=\"text-align: center;\"><strong><span style=\"color: #000000;\">\u00cencuietori cu lan\u021b<\/span><\/strong><\/p>\n<p style=\"text-align: center;\"><strong><span style=\"color: #000000;\">\u201eSf\u00e2nta Maria de argint\u201d<\/span><\/strong><\/p>\n<p style=\"text-align: center;\"><strong><span style=\"color: #000000;\">Material: otel nobil 316L<\/span><\/strong><\/p>\n<p style=\"text-align: center;\"><strong><span style=\"color: #000000;\">Medalia 1: Cruce cu Iisus Hristos 3,5 cm.<\/span><\/strong><\/p>\n<p style=\"text-align: center;\"><strong><span style=\"color: #000000;\">Medalia 2: Icoana cu Fecioara Maria 1,5 cm.<\/span><\/strong><\/p>\n","protected":false},"excerpt":{"rendered":"[forminator_form id=\"138446\"]\n","protected":false},"featured_media":119428,"template":"","meta":{"advanced_seo_description":"","jetpack_seo_html_title":"","jetpack_seo_noindex":false,"jetpack_publicize_message":"","jetpack_publicize_feature_enabled":true,"jetpack_social_post_already_shared":true,"jetpack_social_options":{"image_generator_settings":{"template":"highway","default_image_id":0,"font":"","enabled":false},"version":2},"_wpas_customize_per_network":false},"product_brand":[],"product_cat":[3045,3061,3021,2965],"product_tag":[],"class_list":{"0":"post-139325","1":"product","2":"type-product","3":"status-publish","4":"has-post-thumbnail","6":"product_cat-barbaesi1640255490","7":"product_cat-femei1640255509","8":"product_cat-pandative","9":"product_cat-pandative1640255389","11":"first","12":"instock","13":"shipping-taxable","14":"purchasable","15":"product-type-variable","16":"has-default-attributes"},"exclude_global_add_ons":[],"addons":[],"gallery_images":[119420,119412,119404,119396,117088,117115,115316],"jetpack_publicize_connections":[],"jetpack_likes_enabled":true,"jetpack_sharing_enabled":true,"_links":{"self":[{"href":"https:\/\/ugoman.net\/ro\/wp-json\/wp\/v2\/product\/139325","targetHints":{"allow":["GET"]}}],"collection":[{"href":"https:\/\/ugoman.net\/ro\/wp-json\/wp\/v2\/product"}],"about":[{"href":"https:\/\/ugoman.net\/ro\/wp-json\/wp\/v2\/types\/product"}],"wp:featuredmedia":[{"embeddable":true,"href":"https:\/\/ugoman.net\/ro\/wp-json\/wp\/v2\/media\/119428"}],"wp:attachment":[{"href":"https:\/\/ugoman.net\/ro\/wp-json\/wp\/v2\/media?parent=139325"}],"wp:term":[{"taxonomy":"product_brand","embeddable":true,"href":"https:\/\/ugoman.net\/ro\/wp-json\/wp\/v2\/product_brand?post=139325"},{"taxonomy":"product_cat","embeddable":true,"href":"https:\/\/ugoman.net\/ro\/wp-json\/wp\/v2\/product_cat?post=139325"},{"taxonomy":"product_tag","embeddable":true,"href":"https:\/\/ugoman.net\/ro\/wp-json\/wp\/v2\/product_tag?post=139325"}],"curies":[{"name":"wp","href":"https:\/\/api.w.org\/{rel}","templated":true}]}}