{"id":139350,"date":"2024-02-17T17:06:11","date_gmt":"2024-02-17T15:06:11","guid":{"rendered":"https:\/\/ugoman.net\/?post_type=product&#038;p=139350"},"modified":"2024-02-17T17:06:13","modified_gmt":"2024-02-17T15:06:13","slug":"bless-save-set","status":"publish","type":"product","link":"https:\/\/ugoman.net\/ro\/produs\/bless-save-set\/","title":{"rendered":"Bless &#038; Save &#8211; Set"},"content":{"rendered":"<p style=\"text-align: center;\"><span style=\"color: #000000;\">V\u0103 prezent\u0103m setul nostru frumos de colier \u0219i br\u0103\u021bar\u0103<\/span><\/p>\n<p style=\"text-align: center;\"><span style=\"color: #000000;\">din pietre naturale \u0219i o\u021bel nobil \u2013 accesoriul perfect.<\/span><\/p>\n<p style=\"text-align: center;\"><span style=\"color: #000000;\">Crucea Ortodox\u0103 &#8211; folosit\u0103 \u00een principal \u00een Biserica Ortodox\u0103, pe l\u00e2ng\u0103 o parte orizontal\u0103 \u0219i una vertical\u0103, mai sunt dou\u0103. Cel de sus simbolizeaz\u0103 inscrip\u021bia cu numele lui Isus Hristos, iar cel de jos &#8211; suportul pentru picioarele sale.<\/span><\/p>\n<p style=\"text-align: center;\"><span style=\"color: #000000;\">Ca bonus special, includem o cutie frumoas\u0103 \u0219i o pung\u0103 cadou de plu\u0219 \u0219i un certificat de calitate la fiecare achizi\u021bie, f\u0103c\u00e2ndu-l cadoul perfect pentru cei dragi sau un r\u0103sf\u0103\u021b special pentru tine. Nu rata\u021bi aceast\u0103 oportunitate de a de\u021bine un accesoriu cu adev\u0103rat unic \u0219i esen\u021bial.<\/span><\/p>\n<p style=\"text-align: center;\"><span style=\"color: #000000;\">Comanda acum \u0219i las\u0103 credin\u021ba s\u0103 te inspire \u00een fiecare zi.<\/span><\/p>\n<p style=\"text-align: center;\"><span style=\"color: #000000;\">Acest colier reprezint\u0103 o Cruce cu dou\u0103 fe\u021be &#8211; fa\u021b\u0103 cu Iisus Hristos \u0219i spate cu mesajul \u201eSalveaz\u0103 \u0219i salveaz\u0103\u201d<\/span><\/p>\n<p style=\"text-align: center;\"><span style=\"color: #000000;\">Completat cu un lan\u021b superb, realizat cu m\u0103iestrie din o\u021bel inoxidabil de \u00eenalt\u0103 calitate, de \u00eenalt\u0103 rezisten\u021b\u0103!<\/span><\/p>\n<p style=\"text-align: center;\"><span style=\"color: #000000;\">Dimensiune pandantiv: 60 mm L\u0103\u021bimea lan\u021bului: 3,5 mm.<\/span><\/p>\n<p style=\"text-align: center;\"><span style=\"color: #000000;\">Ve\u021bi primi fiecare dintre produsele noastre \u00eentr-o pung\u0103 de plu\u0219 de lux \u00eentr-o cutie cadou \u0219i Certificat de autenticitate \u201eUGOMAN\u201d<\/span><\/p>\n","protected":false},"excerpt":{"rendered":"[forminator_form id=\"138446\"]\n","protected":false},"featured_media":136431,"template":"","meta":{"advanced_seo_description":"","jetpack_seo_html_title":"","jetpack_seo_noindex":false,"jetpack_publicize_message":"","jetpack_publicize_feature_enabled":true,"jetpack_social_post_already_shared":true,"jetpack_social_options":{"image_generator_settings":{"template":"highway","default_image_id":0,"font":"","enabled":false},"version":2},"_wpas_customize_per_network":false},"product_brand":[],"product_cat":[3005,3045,3013,3021],"product_tag":[],"class_list":{"0":"post-139350","1":"product","2":"type-product","3":"status-publish","4":"has-post-thumbnail","6":"product_cat-bratari","7":"product_cat-barbaesi1640255490","8":"product_cat-coliere","9":"product_cat-pandative","11":"first","12":"outofstock","13":"sale","14":"shipping-taxable","15":"product-type-variable","16":"has-default-attributes"},"exclude_global_add_ons":[],"addons":[],"gallery_images":[136423,136415,136407,136399,136391,136383,136375,136367,136359,136351,136343,136327,136319,136311,117115,116100,115316],"jetpack_publicize_connections":[],"jetpack_likes_enabled":true,"jetpack_sharing_enabled":true,"_links":{"self":[{"href":"https:\/\/ugoman.net\/ro\/wp-json\/wp\/v2\/product\/139350","targetHints":{"allow":["GET"]}}],"collection":[{"href":"https:\/\/ugoman.net\/ro\/wp-json\/wp\/v2\/product"}],"about":[{"href":"https:\/\/ugoman.net\/ro\/wp-json\/wp\/v2\/types\/product"}],"wp:featuredmedia":[{"embeddable":true,"href":"https:\/\/ugoman.net\/ro\/wp-json\/wp\/v2\/media\/136431"}],"wp:attachment":[{"href":"https:\/\/ugoman.net\/ro\/wp-json\/wp\/v2\/media?parent=139350"}],"wp:term":[{"taxonomy":"product_brand","embeddable":true,"href":"https:\/\/ugoman.net\/ro\/wp-json\/wp\/v2\/product_brand?post=139350"},{"taxonomy":"product_cat","embeddable":true,"href":"https:\/\/ugoman.net\/ro\/wp-json\/wp\/v2\/product_cat?post=139350"},{"taxonomy":"product_tag","embeddable":true,"href":"https:\/\/ugoman.net\/ro\/wp-json\/wp\/v2\/product_tag?post=139350"}],"curies":[{"name":"wp","href":"https:\/\/api.w.org\/{rel}","templated":true}]}}