{"id":141391,"date":"2024-03-15T10:16:31","date_gmt":"2024-03-15T08:16:31","guid":{"rendered":"https:\/\/ugoman.net\/?post_type=product&#038;p=141391"},"modified":"2024-03-15T10:17:28","modified_gmt":"2024-03-15T08:17:28","slug":"141391","status":"publish","type":"product","link":"https:\/\/ugoman.net\/ro\/produs\/141391\/","title":{"rendered":"The Golden Bracelet"},"content":{"rendered":"<p style=\"text-align: center;\"><strong><span style=\"color: #000000;\">V\u0103 prezent\u0103m frumoasa noastr\u0103 br\u0103\u021bar\u0103<\/span><\/strong><\/p>\n<p style=\"text-align: center;\"><strong><span style=\"color: #000000;\">din o\u021bel inoxidabil placat cu aur de 18k &#8211; accesoriul perfect pentru cei care vor s\u0103 fie diferi\u021bi, realizat cu m\u0103iestrie din o\u021bel inoxidabil de \u00eenalt\u0103 calitate, extrem de durabil!<\/span><\/strong><\/p>\n<p style=\"text-align: center;\">\n<p style=\"text-align: center;\">\n<span style=\"color: #000000;\"><strong>La UGOMAN<\/strong>, ne \u00eenc\u00e2nt\u0103m s\u0103 cre\u0103m bijuterii care nu numai c\u0103 arat\u0103 frumos, dar au \u0219i semnifica\u021bie profund\u0103 \u0219i semnifica\u021bie.<\/span><\/p>\n<p style=\"text-align: center;\"><span style=\"color: #000000;\"><strong>Ca bonus special,<\/strong> includem o cutie frumoas\u0103 \u0219i o pung\u0103 cadou din velur \u0219i un certificat de calitate\u00a0la fiecare achizi\u021bie, f\u0103c\u00e2ndu-l un cadou perfect pentru cei dragi sau un r\u0103sf\u0103\u021b special pentru tine. Nu rata\u021bi aceast\u0103 oportunitate de a de\u021bine un accesoriu cu adev\u0103rat unic \u0219i semnificativ.<\/span><\/p>\n<p style=\"text-align: center;\"><span style=\"color: #000000;\">Comanda acum \u0219i las\u0103 credin\u021ba s\u0103 te inspire \u00een fiecare zi.<\/span><\/p>\n","protected":false},"excerpt":{"rendered":"[forminator_form id=\"138446\"]\n","protected":false},"featured_media":136638,"template":"","meta":{"advanced_seo_description":"","jetpack_seo_html_title":"","jetpack_seo_noindex":false,"jetpack_post_was_ever_published":false,"jetpack_publicize_message":"","jetpack_publicize_feature_enabled":true,"jetpack_social_post_already_shared":true,"jetpack_social_options":{"image_generator_settings":{"template":"highway","default_image_id":0,"font":"","enabled":false},"version":2},"_wpas_customize_per_network":false},"product_brand":[],"product_cat":[3005,2973,3045,3061],"product_tag":[],"class_list":{"0":"post-141391","1":"product","2":"type-product","3":"status-publish","4":"has-post-thumbnail","6":"product_cat-bratari","7":"product_cat-bratari1640255401","8":"product_cat-barbaesi1640255490","9":"product_cat-femei1640255509","11":"first","12":"instock","13":"sale","14":"shipping-taxable","15":"purchasable","16":"product-type-variable","17":"has-default-attributes"},"exclude_global_add_ons":[],"addons":[],"gallery_images":[136568,136576,136584,136600,136608,136616,115310,117082],"jetpack_publicize_connections":[],"jetpack_likes_enabled":true,"jetpack_sharing_enabled":true,"_links":{"self":[{"href":"https:\/\/ugoman.net\/ro\/wp-json\/wp\/v2\/product\/141391","targetHints":{"allow":["GET"]}}],"collection":[{"href":"https:\/\/ugoman.net\/ro\/wp-json\/wp\/v2\/product"}],"about":[{"href":"https:\/\/ugoman.net\/ro\/wp-json\/wp\/v2\/types\/product"}],"wp:featuredmedia":[{"embeddable":true,"href":"https:\/\/ugoman.net\/ro\/wp-json\/wp\/v2\/media\/136638"}],"wp:attachment":[{"href":"https:\/\/ugoman.net\/ro\/wp-json\/wp\/v2\/media?parent=141391"}],"wp:term":[{"taxonomy":"product_brand","embeddable":true,"href":"https:\/\/ugoman.net\/ro\/wp-json\/wp\/v2\/product_brand?post=141391"},{"taxonomy":"product_cat","embeddable":true,"href":"https:\/\/ugoman.net\/ro\/wp-json\/wp\/v2\/product_cat?post=141391"},{"taxonomy":"product_tag","embeddable":true,"href":"https:\/\/ugoman.net\/ro\/wp-json\/wp\/v2\/product_tag?post=141391"}],"curies":[{"name":"wp","href":"https:\/\/api.w.org\/{rel}","templated":true}]}}