{"id":143222,"date":"2023-09-16T13:08:10","date_gmt":"2023-09-16T10:08:10","guid":{"rendered":"https:\/\/ugoman.net\/product\/green-set\/"},"modified":"2024-03-20T15:04:54","modified_gmt":"2024-03-20T13:04:54","slug":"green-set","status":"publish","type":"product","link":"https:\/\/ugoman.net\/ro\/produs\/green-set\/","title":{"rendered":"Green Set"},"content":{"rendered":"<p style=\"text-align: center;\"><strong><span style=\"color: #000000;\">Presentamos nuestro hermoso conjunto de collar y pulsera.<\/span><\/strong><\/p>\n<p style=\"text-align: center;\"><strong><span style=\"color: #000000;\">de piedras naturales y acero noble: el accesorio perfecto.<\/span><\/strong><\/p>\n<p style=\"text-align: center;\"><span style=\"color: #000000;\"><strong>Como beneficio especial<\/strong>, incluimos una hermosa caja, una bolsa de regalo de terciopelo y un certificado de calidad con cada compra, lo que lo convierte en un regalo perfecto para sus seres queridos o un regalo especial para usted. No pierdas esta oportunidad de poseer un accesorio verdaderamente \u00fanico y significativo.<\/span><\/p>\n<p style=\"text-align: center;\"><strong><span style=\"color: #000000;\">Haz tu pedido ahora y deja que la fe te inspire todos los d\u00edas.<\/span><\/strong><\/p>\n<p style=\"text-align: center;\"><strong><span style=\"color: #000000;\">Turquesa<\/span><\/strong><\/p>\n<p style=\"text-align: center;\"><span style=\"color: #000000;\">La turquesa es un s\u00edmbolo de buena suerte y victoria. Aporta prosperidad y riqueza, fortalece la intuici\u00f3n, hace que una persona sea ambiciosa, valiente, prudente, valiente, astuta y protege a su due\u00f1o. La turquesa trae felicidad en el amor, instaura la paz en la familia.<\/span><\/p>\n","protected":false},"excerpt":{"rendered":"<p>Presentamos nuestro hermoso conjunto de collar y pulsera. de piedras naturales y acero noble: el accesorio perfecto. Como beneficio especial, incluimos una hermosa caja, una bolsa de regalo de terciopelo y un certificado de calidad con cada compra, lo que lo convierte en un regalo [&hellip;]<\/p>\n","protected":false},"featured_media":135278,"template":"","meta":{"advanced_seo_description":"","jetpack_seo_html_title":"","jetpack_seo_noindex":false,"jetpack_publicize_message":"","jetpack_publicize_feature_enabled":true,"jetpack_social_post_already_shared":true,"jetpack_social_options":{"image_generator_settings":{"template":"highway","default_image_id":0,"font":"","enabled":false},"version":2},"_wpas_customize_per_network":false},"product_brand":[],"product_cat":[3005,3045,3013,2949],"product_tag":[],"class_list":{"0":"post-143222","1":"product","2":"type-product","3":"status-publish","4":"has-post-thumbnail","6":"product_cat-bratari","7":"product_cat-barbaesi1640255490","8":"product_cat-coliere","9":"product_cat-natural-stone-necklaces1640255370","11":"first","12":"instock","13":"shipping-taxable","14":"purchasable","15":"product-type-variable","16":"has-default-attributes"},"exclude_global_add_ons":[],"addons":[],"gallery_images":[135264,135272,135280,135288,135296,135304,135186,135202,135154,135212,117109,116094,115310],"jetpack_publicize_connections":[],"jetpack_likes_enabled":true,"jetpack_sharing_enabled":true,"_links":{"self":[{"href":"https:\/\/ugoman.net\/ro\/wp-json\/wp\/v2\/product\/143222","targetHints":{"allow":["GET"]}}],"collection":[{"href":"https:\/\/ugoman.net\/ro\/wp-json\/wp\/v2\/product"}],"about":[{"href":"https:\/\/ugoman.net\/ro\/wp-json\/wp\/v2\/types\/product"}],"wp:featuredmedia":[{"embeddable":true,"href":"https:\/\/ugoman.net\/ro\/wp-json\/wp\/v2\/media\/135278"}],"wp:attachment":[{"href":"https:\/\/ugoman.net\/ro\/wp-json\/wp\/v2\/media?parent=143222"}],"wp:term":[{"taxonomy":"product_brand","embeddable":true,"href":"https:\/\/ugoman.net\/ro\/wp-json\/wp\/v2\/product_brand?post=143222"},{"taxonomy":"product_cat","embeddable":true,"href":"https:\/\/ugoman.net\/ro\/wp-json\/wp\/v2\/product_cat?post=143222"},{"taxonomy":"product_tag","embeddable":true,"href":"https:\/\/ugoman.net\/ro\/wp-json\/wp\/v2\/product_tag?post=143222"}],"curies":[{"name":"wp","href":"https:\/\/api.w.org\/{rel}","templated":true}]}}