{"id":143727,"date":"2024-03-20T18:05:18","date_gmt":"2024-03-20T16:05:18","guid":{"rendered":"https:\/\/ugoman.net\/?post_type=product&#038;p=143727"},"modified":"2024-03-20T18:05:19","modified_gmt":"2024-03-20T16:05:19","slug":"pearls","status":"publish","type":"product","link":"https:\/\/ugoman.net\/ro\/produs\/pearls\/","title":{"rendered":"Pearls"},"content":{"rendered":"<p style=\"text-align: center;\"><strong><span style=\"color: #000000;\">V\u0103 prezent\u0103m frumosul nostru colier<\/span><\/strong><\/p>\n<p style=\"text-align: center;\"><strong><span style=\"color: #000000;\">din perle naturale \u0219i o\u021bel nobil \u2013 accesoriul perfect.<\/span><\/strong><\/p>\n<p style=\"text-align: center;\"><span style=\"color: #000000;\"><strong>Ca bonus special<\/strong>, includem o cutie frumoas\u0103 \u0219i o pung\u0103 cadou din velur \u0219i un certificat de calitate\u00a0la fiecare achizi\u021bie, f\u0103c\u00e2ndu-l un cadou perfect pentru cei dragi sau un r\u0103sf\u0103\u021b special pentru tine. Nu rata\u021bi aceast\u0103 oportunitate de a de\u021bine un accesoriu cu adev\u0103rat unic \u0219i semnificativ.<\/span><\/p>\n<p style=\"text-align: center;\"><strong><span style=\"color: #000000;\">Comanda acum \u0219i las\u0103 credin\u021ba s\u0103 te inspire \u00een fiecare zi.<\/span><\/strong><\/p>\n<p style=\"text-align: center;\">\n<p style=\"text-align: center;\"><span style=\"color: #000000;\">La <strong>UGOMAN<\/strong>, ne \u00eenc\u00e2nt\u0103m s\u0103 cre\u0103m bijuterii care nu numai c\u0103 arat\u0103 frumos, dar au \u0219i semnifica\u021bie profund\u0103 \u0219i semnifica\u021bie. Colierul nostru cu cruce este o dovad\u0103 a angajamentului nostru fa\u021b\u0103 de m\u0103iestria \u0219i designul de calitate. Purta\u021bi-l ca simbol al credin\u021bei voastre \u0219i ca o amintire a dragostei \u0219i jertfei lui Hristos.<\/span><\/p>\n<p style=\"text-align: center;\"><span style=\"color: #000000;\">Comanda acum \u0219i las\u0103 credin\u021ba s\u0103 te inspire \u00een fiecare zi.<\/span><\/p>\n","protected":false},"excerpt":{"rendered":"[forminator_form id=\"138446\"]\n","protected":false},"featured_media":0,"template":"","meta":{"advanced_seo_description":"","jetpack_seo_html_title":"","jetpack_seo_noindex":false,"jetpack_publicize_message":"","jetpack_publicize_feature_enabled":true,"jetpack_social_post_already_shared":true,"jetpack_social_options":{"image_generator_settings":{"template":"highway","default_image_id":0,"font":"","enabled":false},"version":2},"_wpas_customize_per_network":false},"product_brand":[],"product_cat":[3013,2949,3021],"product_tag":[],"class_list":{"0":"post-143727","1":"product","2":"type-product","3":"status-publish","5":"product_cat-coliere","6":"product_cat-natural-stone-necklaces1640255370","7":"product_cat-pandative","9":"first","10":"instock","11":"purchasable","12":"product-type-simple"},"exclude_global_add_ons":[],"addons":[],"gallery_images":[134743,134744,134746,134747,134748,134749,119078,119086],"jetpack_publicize_connections":[],"jetpack_likes_enabled":true,"jetpack_sharing_enabled":true,"_links":{"self":[{"href":"https:\/\/ugoman.net\/ro\/wp-json\/wp\/v2\/product\/143727","targetHints":{"allow":["GET"]}}],"collection":[{"href":"https:\/\/ugoman.net\/ro\/wp-json\/wp\/v2\/product"}],"about":[{"href":"https:\/\/ugoman.net\/ro\/wp-json\/wp\/v2\/types\/product"}],"wp:attachment":[{"href":"https:\/\/ugoman.net\/ro\/wp-json\/wp\/v2\/media?parent=143727"}],"wp:term":[{"taxonomy":"product_brand","embeddable":true,"href":"https:\/\/ugoman.net\/ro\/wp-json\/wp\/v2\/product_brand?post=143727"},{"taxonomy":"product_cat","embeddable":true,"href":"https:\/\/ugoman.net\/ro\/wp-json\/wp\/v2\/product_cat?post=143727"},{"taxonomy":"product_tag","embeddable":true,"href":"https:\/\/ugoman.net\/ro\/wp-json\/wp\/v2\/product_tag?post=143727"}],"curies":[{"name":"wp","href":"https:\/\/api.w.org\/{rel}","templated":true}]}}